{"id":219,"date":"2025-07-28T21:15:37","date_gmt":"2025-07-28T21:15:37","guid":{"rendered":"https:\/\/www.uartes.edu.ec\/sitio\/alumni\/asociacion-de-graduados\/"},"modified":"2025-11-07T11:46:58","modified_gmt":"2025-11-07T16:46:58","slug":"asociacion-de-graduados","status":"publish","type":"page","link":"https:\/\/www.uartes.edu.ec\/sitio\/alumni\/asociacion-de-graduados\/","title":{"rendered":"Asociaci\u00f3n de graduados"},"content":{"rendered":"\n<p>La Asociaci\u00f3n de Graduados de la Universidad de las Artes es la plataforma aut\u00f3noma e independiente creada por los propios exestudiantes de pregrado. Nacida de la necesidad de mantener un puente activo con la instituci\u00f3n, nuestra asociaci\u00f3n se convierte en tu aliado estrat\u00e9gico al finalizar tu etapa acad\u00e9mica, velando por tus intereses y abriendo puertas al desarrollo profesional en el sector art\u00edstico y cultural.<\/p>\n\n\n\n<p>Si eres alumnus de la UArtes, esta es tu red de apoyo institucionalizada para seguir creciendo.<\/p>\n\n\n\n<h3 class=\"wp-block-heading\">Nuestra Misi\u00f3n<\/h3>\n\n\n\n<p>Ser el v\u00ednculo institucionalizado y aut\u00f3nomo que conecta a la comunidad de graduados con la Universidad de las Artes. Trabajamos activamente para velar por los intereses de nuestros socios, asegurando la continuidad del apoyo acad\u00e9mico y la visibilidad de su talento en la industria.<\/p>\n\n\n\n<h3 class=\"wp-block-heading\">Nuestra Visi\u00f3n<\/h3>\n\n\n\n<p>Consolidarnos como la plataforma esencial que impulsa el \u00e9xito profesional, el desarrollo continuo y la proyecci\u00f3n internacional de los egresados de UArtes, transformando el panorama cultural y creativo del pa\u00eds.<\/p>\n\n\n\n<h3 class=\"wp-block-heading\">Objetivos<\/h3>\n\n\n\n<p>Nuestra asociaci\u00f3n se enfoca en ejes de acci\u00f3n concretos para garantizar que tu desarrollo profesional y personal contin\u00fae despu\u00e9s de graduarte. Nos enfocamos en:<\/p>\n\n\n\n<ul class=\"wp-block-list\">\n<li><strong>Inserci\u00f3n Laboral: <\/strong>Fortalecer tu nivel de inserci\u00f3n laboral en el campo art\u00edstico y creativo, incluyendo la creaci\u00f3n de una bolsa de trabajo exclusiva para nuestros graduados.<\/li>\n\n\n\n<li><strong>Desarrollo Profesional Continuo: <\/strong>Desarrollar actividades, programas, proyectos y servicios orientados espec\u00edficamente a la evoluci\u00f3n de tu carrera.<\/li>\n\n\n\n<li><strong>Becas y Ayuda Acad\u00e9mica: <\/strong>Estimular la creaci\u00f3n de becas y buscar mecanismos de financiamiento flexibles para que los graduados puedan cursar programas de posgrado en UArtes.<\/li>\n\n\n\n<li><strong>Proyecci\u00f3n Global: <\/strong>Buscar oportunidades de internacionalizaci\u00f3n en el marco de convenios con instituciones p\u00fablicas o privadas extranjeras<\/li>\n<\/ul>\n","protected":false},"excerpt":{"rendered":"<p>La Asociaci\u00f3n de Graduados de la Universidad de las Artes es la plataforma aut\u00f3noma e independiente creada por los propios exestudiantes de pregrado. Nacida de la necesidad de mantener un puente activo con la instituci\u00f3n, nuestra asociaci\u00f3n se convierte en tu aliado estrat\u00e9gico al finalizar tu etapa acad\u00e9mica, velando por tus intereses y abriendo puertas [&hellip;]<\/p>\n","protected":false},"author":1,"featured_media":0,"parent":0,"menu_order":0,"comment_status":"closed","ping_status":"closed","template":"","meta":{"_uag_custom_page_level_css":"","_monsterinsights_skip_tracking":false,"_monsterinsights_sitenote_active":false,"_monsterinsights_sitenote_note":"","_monsterinsights_sitenote_category":0,"cybocfi_hide_featured_image":"","footnotes":""},"class_list":["post-219","page","type-page","status-publish","hentry"],"uagb_featured_image_src":{"full":false,"thumbnail":false,"medium":false,"medium_large":false,"large":false,"1536x1536":false,"2048x2048":false,"gb-block-post-grid-landscape":false,"gb-block-post-grid-square":false},"uagb_author_info":{"display_name":"Universidad de las Artes","author_link":"https:\/\/www.uartes.edu.ec\/sitio\/alumni\/author\/dircomadm\/"},"uagb_comment_info":0,"uagb_excerpt":"La Asociaci\u00f3n de Graduados de la Universidad de las Artes es la plataforma aut\u00f3noma e independiente creada por los propios exestudiantes de pregrado. Nacida de la necesidad de mantener un puente activo con la instituci\u00f3n, nuestra asociaci\u00f3n se convierte en tu aliado estrat\u00e9gico al finalizar tu etapa acad\u00e9mica, velando por tus intereses y abriendo puertas&hellip;","featured_image_src":null,"featured_image_src_square":null,"distributor_meta":false,"distributor_terms":false,"distributor_media":false,"distributor_original_site_name":"Alumni UArtes","distributor_original_site_url":"https:\/\/www.uartes.edu.ec\/sitio\/alumni","push-errors":false,"_links":{"self":[{"href":"https:\/\/www.uartes.edu.ec\/sitio\/alumni\/wp-json\/wp\/v2\/pages\/219","targetHints":{"allow":["GET"]}}],"collection":[{"href":"https:\/\/www.uartes.edu.ec\/sitio\/alumni\/wp-json\/wp\/v2\/pages"}],"about":[{"href":"https:\/\/www.uartes.edu.ec\/sitio\/alumni\/wp-json\/wp\/v2\/types\/page"}],"author":[{"embeddable":true,"href":"https:\/\/www.uartes.edu.ec\/sitio\/alumni\/wp-json\/wp\/v2\/users\/1"}],"replies":[{"embeddable":true,"href":"https:\/\/www.uartes.edu.ec\/sitio\/alumni\/wp-json\/wp\/v2\/comments?post=219"}],"version-history":[{"count":2,"href":"https:\/\/www.uartes.edu.ec\/sitio\/alumni\/wp-json\/wp\/v2\/pages\/219\/revisions"}],"predecessor-version":[{"id":435,"href":"https:\/\/www.uartes.edu.ec\/sitio\/alumni\/wp-json\/wp\/v2\/pages\/219\/revisions\/435"}],"wp:attachment":[{"href":"https:\/\/www.uartes.edu.ec\/sitio\/alumni\/wp-json\/wp\/v2\/media?parent=219"}],"curies":[{"name":"wp","href":"https:\/\/api.w.org\/{rel}","templated":true}]}}