{"id":19092,"date":"2022-01-19T13:05:18","date_gmt":"2022-01-19T18:05:18","guid":{"rendered":"http:\/\/www.uartes.edu.ec\/sitio\/?page_id=19092"},"modified":"2024-11-11T09:47:31","modified_gmt":"2024-11-11T14:47:31","slug":"conoce-la-uartes-2","status":"publish","type":"page","link":"https:\/\/www.uartes.edu.ec\/sitio\/en\/contacto\/","title":{"rendered":"Cont\u00e1ctanos"},"content":{"rendered":"\n<p>Respondemos cualquier duda que tengas para poder postular a nuestros procesos de ingreso .<\/p>\n\n\n\n<div class=\"wp-block-getwid-anchor\" id=\"forma\"><\/div>\n\n\n<style id=\"wpforms-css-vars-19090-block-fd1ce0ad-e0f0-45ca-bd23-f522b9ed9b5f\">\n\t\t\t\t#wpforms-19090.wpforms-block-fd1ce0ad-e0f0-45ca-bd23-f522b9ed9b5f {\n\t\t\t\t--wpforms-label-color: #3d3835;\n--wpforms-label-sublabel-color: #79716b;\n--wpforms-label-error-color: #d63636;\n--wpforms-page-break-color: #e27730;\n--wpforms-field-border-color: #cbc6c2;\n--wpforms-field-border-color-spare: #cbc6c2;\n--wpforms-field-text-color: #3d3835;\n--wpforms-container-border-radius: 0px;\n--wpforms-button-background-color: #e27730;\n--wpforms-button-text-color: #fcf1ea;\n--wpforms-button-border-color: #ff4500;\n--wpforms-field-size-input-height: 43px;\n--wpforms-field-size-input-spacing: 15px;\n--wpforms-field-size-font-size: 16px;\n--wpforms-field-size-line-height: 19px;\n--wpforms-field-size-padding-h: 14px;\n--wpforms-field-size-checkbox-size: 16px;\n--wpforms-field-size-sublabel-spacing: 5px;\n--wpforms-field-size-icon-size: 1;\n--wpforms-label-size-font-size: 16px;\n--wpforms-label-size-line-height: 19px;\n--wpforms-label-size-sublabel-font-size: 14px;\n--wpforms-label-size-sublabel-line-height: 17px;\n--wpforms-button-size-font-size: 17px;\n--wpforms-button-size-height: 41px;\n--wpforms-button-size-padding-h: 15px;\n--wpforms-button-size-margin-top: 10px;\n--wpforms-container-shadow-size-box-shadow: none;\n\t\t\t}\n\t\t\t<\/style><div class=\"wpforms-container wpforms-container-full wpforms-block wpforms-block-fd1ce0ad-e0f0-45ca-bd23-f522b9ed9b5f wpforms-render-modern\" id=\"wpforms-19090\"><form id=\"wpforms-form-19090\" class=\"wpforms-validate wpforms-form\" data-formid=\"19090\" method=\"post\" enctype=\"multipart\/form-data\" action=\"\/sitio\/en\/wp-json\/wp\/v2\/pages\/19092\" data-token=\"07f26b386e26c1d712722cdcb5ec4758\" data-token-time=\"1778041367\"><noscript class=\"wpforms-error-noscript\">Please enable JavaScript in your browser to complete this form.<\/noscript><div id=\"wpforms-error-noscript\" style=\"display: none;\">Please enable JavaScript in your browser to complete this form.<\/div><div class=\"wpforms-field-container\"><div id=\"wpforms-19090-field_0-container\" class=\"wpforms-field wpforms-field-name\" data-field-id=\"0\"><label class=\"wpforms-field-label\" for=\"wpforms-19090-field_0\">Nombre <span class=\"wpforms-required-label\" aria-hidden=\"true\">*<\/span><\/label><input type=\"text\" id=\"wpforms-19090-field_0\" class=\"wpforms-field-medium wpforms-field-required\" name=\"wpforms[fields][0]\" aria-errormessage=\"wpforms-19090-field_0-error\" required><\/div>\t\t<div id=\"wpforms-19090-field_3-container\"\n\t\t\tclass=\"wpforms-field wpforms-field-text\"\n\t\t\tdata-field-type=\"text\"\n\t\t\tdata-field-id=\"3\"\n\t\t\t>\n\t\t\t<label class=\"wpforms-field-label\" for=\"wpforms-19090-field_3\" >tel\u00e9fono Tu \u00bfQu\u00e9<\/label>\n\t\t\t<input type=\"text\" id=\"wpforms-19090-field_3\" class=\"wpforms-field-medium\" name=\"wpforms[fields][3]\" >\n\t\t<\/div>\n\t\t<div id=\"wpforms-19090-field_1-container\" class=\"wpforms-field wpforms-field-email\" data-field-id=\"1\"><label class=\"wpforms-field-label\" for=\"wpforms-19090-field_1\">Email <span class=\"wpforms-required-label\" aria-hidden=\"true\">*<\/span><\/label><input type=\"email\" id=\"wpforms-19090-field_1\" class=\"wpforms-field-medium wpforms-field-required\" name=\"wpforms[fields][1]\" spellcheck=\"false\" aria-errormessage=\"wpforms-19090-field_1-error\" required><\/div><div id=\"wpforms-19090-field_5-container\" class=\"wpforms-field wpforms-field-phone\" data-field-id=\"5\"><label class=\"wpforms-field-label\" for=\"wpforms-19090-field_5\">N\u00famero de tel\u00e9fono<\/label><input type=\"tel\" id=\"wpforms-19090-field_5\" class=\"wpforms-field-medium wpforms-smart-phone-field\" data-rule-smart-phone-field=\"true\" name=\"wpforms[fields][5]\" aria-label=\"N\u00famero de tel\u00e9fono\" aria-errormessage=\"wpforms-19090-field_5-error\" ><\/div><div id=\"wpforms-19090-field_8-container\" class=\"wpforms-field wpforms-field-select wpforms-conditional-trigger wpforms-field-select-style-classic\" data-field-id=\"8\"><label class=\"wpforms-field-label\" for=\"wpforms-19090-field_8\">\u00bfQu\u00e9 deseas estudiar? <span class=\"wpforms-required-label\" aria-hidden=\"true\">*<\/span><\/label><select id=\"wpforms-19090-field_8\" class=\"wpforms-field-medium wpforms-field-required\" name=\"wpforms[fields][8]\" required=\"required\"><option value=\"Artes Visuales\"  class=\"choice-1 depth-1\"  >Artes Visuales<\/option><option value=\"Cine\"  class=\"choice-2 depth-1\"  >Cine<\/option><option value=\"Creaci\u00f3n Teatral\"  class=\"choice-3 depth-1\"  >Creaci\u00f3n Teatral<\/option><option value=\"Danza\"  class=\"choice-4 depth-1\"  >Danza<\/option><option value=\"Literatura\"  class=\"choice-5 depth-1\"  >Literatura<\/option><option value=\"Producci\u00f3n Musical y Sonora\"  class=\"choice-6 depth-1\"  >Producci\u00f3n Musical y Sonora<\/option><option value=\"Artes Musicales y Sonoras\"  class=\"choice-7 depth-1\"  >Artes Musicales y Sonoras<\/option><option value=\"Pedagog\u00eda en Artes y Humanidades\"  class=\"choice-8 depth-1\"  >Pedagog\u00eda en Artes y Humanidades<\/option><option value=\"Maestr\u00eda en Artes Esc\u00e9nicas\"  class=\"choice-10 depth-1\"  >Maestr\u00eda en Artes Esc\u00e9nicas<\/option><option value=\"Maestr\u00eda en Escritura Creativa\"  class=\"choice-11 depth-1\"  >Maestr\u00eda en Escritura Creativa<\/option><option value=\"Maestr\u00eda en Cine Documental\"  class=\"choice-12 depth-1\"  >Maestr\u00eda en Cine Documental<\/option><option value=\"Maestr\u00eda en Artes Visuales y Nuevos Medios\"  class=\"choice-13 depth-1\"  >Maestr\u00eda en Artes Visuales y Nuevos Medios<\/option><option value=\"Maestr\u00eda en Composici\u00f3n Musical y Artes Sonoras\"  class=\"choice-14 depth-1\"  >Maestr\u00eda en Composici\u00f3n Musical y Artes Sonoras<\/option><option value=\"Maestr\u00eda en Pol\u00edticas Culturales y Gesti\u00f3n de las Artes\"  class=\"choice-15 depth-1\"  >Maestr\u00eda en Pol\u00edticas Culturales y Gesti\u00f3n de las Artes<\/option><option value=\"Escribo por Validaci\u00f3n de Trayectorias\"  class=\"choice-18 depth-1\"  >Escribo por Validaci\u00f3n de Trayectorias<\/option><option value=\"Escribo porque quiero trabajar en la Universidad\"  class=\"choice-19 depth-1\"  >Escribo porque quiero trabajar en la Universidad<\/option><option value=\"Escribo por Latente, la tienda UArtes\"  class=\"choice-20 depth-1\"  >Escribo por Latente, la tienda UArtes<\/option><option value=\"Escribo por otro motivo\"  class=\"choice-17 depth-1\"  >Escribo por otro motivo<\/option><\/select><\/div><div id=\"wpforms-19090-field_9-container\" class=\"wpforms-field wpforms-field-content wpforms-conditional-field wpforms-conditional-show\" data-field-id=\"9\" style=\"display:none;\"><div id=\"wpforms-19090-field_9\" class=\"wpforms-field-medium wpforms-field-row\" aria-errormessage=\"wpforms-19090-field_9-error\"><p>El proceso de validaci\u00f3n de trayectoria no ser\u00e1 retomado hasta nuevo aviso y decisi\u00f3n de nuestra autoridades.<\/p>\n<p>Te invitamos a estar pendientes de nuestros canales oficiales donde comunicaremos oportunamente en caso de que se vuelva a retomar.<\/p>\n<p>Puedes revisar la informaci\u00f3n del proceso anterior aqu\u00ed: <a href=\"https:\/\/www.uartes.edu.ec\/sitio\/validacion-de-trayectorias\/\">https:\/\/www.uartes.edu.ec\/sitio\/validacion-de-trayectorias\/<\/a><\/p>\n<div class=\"wpforms-field-content-display-frontend-clear\"><\/div><\/div><\/div><div id=\"wpforms-19090-field_10-container\" class=\"wpforms-field wpforms-field-content wpforms-conditional-field wpforms-conditional-show\" data-field-id=\"10\" style=\"display:none;\"><div id=\"wpforms-19090-field_10\" class=\"wpforms-field-medium wpforms-field-row\" aria-errormessage=\"wpforms-19090-field_10-error\"><p>Te recordamos que NO se reciben aplicaciones laborales por este medio. Todas nuestras ofertas laborales se publican en nuestro sitio web:<\/p>\n<p><a href=\"https:\/\/www.uartes.edu.ec\/sitio\/trabaja-en-la-uartes\/\">https:\/\/www.uartes.edu.ec\/sitio\/trabaja-en-la-uartes\/<\/a><\/p>\n<p>En cada convocatoria se detallan los procedimientos espec\u00edficos para aplicar.<\/p>\n<p>Te invitamos a estar pendiente de nuestras redes sociales y canales oficiales donde tambi\u00e9n publicamos las vacantes administrativas y\/o acad\u00e9micas.<\/p>\n<div class=\"wpforms-field-content-display-frontend-clear\"><\/div><\/div><\/div><div id=\"wpforms-19090-field_2-container\" class=\"wpforms-field wpforms-field-textarea wpforms-conditional-field wpforms-conditional-hide\" data-field-id=\"2\"><label class=\"wpforms-field-label\" for=\"wpforms-19090-field_2\">Tu pregunta <span class=\"wpforms-required-label\" aria-hidden=\"true\">*<\/span><\/label><textarea id=\"wpforms-19090-field_2\" class=\"wpforms-field-medium wpforms-field-required\" name=\"wpforms[fields][2]\" aria-errormessage=\"wpforms-19090-field_2-error\" required><\/textarea><\/div><script>\n\t\t\t\t( function() {\n\t\t\t\t\tconst style = document.createElement( 'style' );\n\t\t\t\t\tstyle.appendChild( document.createTextNode( '#wpforms-19090-field_3-container { position: absolute !important; overflow: hidden !important; display: inline !important; height: 1px !important; width: 1px !important; z-index: -1000 !important; padding: 0 !important; } #wpforms-19090-field_3-container input { visibility: hidden; } #wpforms-conversational-form-page #wpforms-19090-field_3-container label { counter-increment: none; }' ) );\n\t\t\t\t\tdocument.head.appendChild( style );\n\t\t\t\t\tdocument.currentScript?.remove();\n\t\t\t\t} )();\n\t\t\t<\/script><\/div><!-- .wpforms-field-container --><div class=\"wpforms-submit-container\" ><input type=\"hidden\" name=\"wpforms[id]\" value=\"19090\"><input type=\"hidden\" name=\"page_title\" value=\"\"><input type=\"hidden\" name=\"page_url\" value=\"https:\/\/www.uartes.edu.ec\/sitio\/en\/wp-json\/wp\/v2\/pages\/19092\"><input type=\"hidden\" name=\"url_referer\" value=\"\"><button type=\"submit\" name=\"wpforms[submit]\" id=\"wpforms-submit-19090\" class=\"wpforms-submit\" data-alt-text=\"Enviando...\" data-submit-text=\"Enviar\" aria-live=\"assertive\" value=\"wpforms-submit\">Enviar<\/button><\/div><\/form><\/div>  <!-- .wpforms-container -->","protected":false},"excerpt":{"rendered":"<p>Respondemos cualquier duda que tengas para poder postular a nuestros procesos de ingreso .<\/p>","protected":false},"author":1,"featured_media":0,"parent":2989,"menu_order":2,"comment_status":"closed","ping_status":"closed","template":"","meta":{"_acf_changed":false,"_uag_custom_page_level_css":"","_monsterinsights_skip_tracking":false,"_monsterinsights_sitenote_active":false,"_monsterinsights_sitenote_note":"","_monsterinsights_sitenote_category":0,"cybocfi_hide_featured_image":"","footnotes":""},"class_list":["post-19092","page","type-page","status-publish","hentry"],"acf":[],"yoast_head":"<!-- This site is optimized with the Yoast SEO plugin v27.4 - https:\/\/yoast.com\/product\/yoast-seo-wordpress\/ -->\n<title>Universidad de las Artes - Cont\u00e1ctanos<\/title>\n<meta name=\"description\" content=\"Universidad de las Artes - Cont\u00e1ctanos\" \/>\n<meta name=\"robots\" content=\"index, follow, max-snippet:-1, max-image-preview:large, max-video-preview:-1\" \/>\n<link rel=\"canonical\" href=\"https:\/\/www.uartes.edu.ec\/sitio\/en\/contacto\/\" \/>\n<meta property=\"og:locale\" content=\"en_US\" \/>\n<meta property=\"og:type\" content=\"article\" \/>\n<meta property=\"og:title\" content=\"Universidad de las Artes - Cont\u00e1ctanos\" \/>\n<meta property=\"og:description\" content=\"Universidad de las Artes - Cont\u00e1ctanos\" \/>\n<meta property=\"og:url\" content=\"https:\/\/www.uartes.edu.ec\/sitio\/en\/contacto\/\" \/>\n<meta property=\"og:site_name\" content=\"Universidad de las Artes\" \/>\n<meta property=\"article:publisher\" content=\"https:\/\/www.facebook.com\/uartesec\" \/>\n<meta property=\"article:modified_time\" content=\"2024-11-11T14:47:31+00:00\" \/>\n<meta name=\"twitter:card\" content=\"summary_large_image\" \/>\n<meta name=\"twitter:site\" content=\"@uartesec\" \/>\n<meta name=\"twitter:label1\" content=\"Est. reading time\" \/>\n\t<meta name=\"twitter:data1\" content=\"1 minute\" \/>\n<script type=\"application\/ld+json\" class=\"yoast-schema-graph\">{\"@context\":\"https:\\\/\\\/schema.org\",\"@graph\":[{\"@type\":\"WebPage\",\"@id\":\"https:\\\/\\\/www.uartes.edu.ec\\\/sitio\\\/en\\\/contacto\\\/\",\"url\":\"https:\\\/\\\/www.uartes.edu.ec\\\/sitio\\\/en\\\/contacto\\\/\",\"name\":\"Universidad de las Artes - Cont\u00e1ctanos\",\"isPartOf\":{\"@id\":\"https:\\\/\\\/www.uartes.edu.ec\\\/sitio\\\/en\\\/#website\"},\"datePublished\":\"2022-01-19T18:05:18+00:00\",\"dateModified\":\"2024-11-11T14:47:31+00:00\",\"description\":\"Universidad de las Artes - Cont\u00e1ctanos\",\"breadcrumb\":{\"@id\":\"https:\\\/\\\/www.uartes.edu.ec\\\/sitio\\\/en\\\/contacto\\\/#breadcrumb\"},\"inLanguage\":\"en-US\",\"potentialAction\":[{\"@type\":\"ReadAction\",\"target\":[\"https:\\\/\\\/www.uartes.edu.ec\\\/sitio\\\/en\\\/contacto\\\/\"]}]},{\"@type\":\"BreadcrumbList\",\"@id\":\"https:\\\/\\\/www.uartes.edu.ec\\\/sitio\\\/en\\\/contacto\\\/#breadcrumb\",\"itemListElement\":[{\"@type\":\"ListItem\",\"position\":1,\"name\":\"Inicio\",\"item\":\"https:\\\/\\\/www.uartes.edu.ec\\\/sitio\\\/\"},{\"@type\":\"ListItem\",\"position\":2,\"name\":\"Universidad de las Artes\",\"item\":\"https:\\\/\\\/www.uartes.edu.ec\\\/sitio\\\/\"},{\"@type\":\"ListItem\",\"position\":3,\"name\":\"La Universidad\",\"item\":\"https:\\\/\\\/www.uartes.edu.ec\\\/sitio\\\/la-universidad\\\/la-universidad\\\/\"},{\"@type\":\"ListItem\",\"position\":4,\"name\":\"Cont\u00e1ctanos\"}]},{\"@type\":\"WebSite\",\"@id\":\"https:\\\/\\\/www.uartes.edu.ec\\\/sitio\\\/en\\\/#website\",\"url\":\"https:\\\/\\\/www.uartes.edu.ec\\\/sitio\\\/en\\\/\",\"name\":\"Universidad de las Artes\",\"description\":\"Sitio oficial de la Universidad Nacional de las Artes del Ecuador\",\"publisher\":{\"@id\":\"https:\\\/\\\/www.uartes.edu.ec\\\/sitio\\\/en\\\/#organization\"},\"potentialAction\":[{\"@type\":\"SearchAction\",\"target\":{\"@type\":\"EntryPoint\",\"urlTemplate\":\"https:\\\/\\\/www.uartes.edu.ec\\\/sitio\\\/en\\\/?s={search_term_string}\"},\"query-input\":{\"@type\":\"PropertyValueSpecification\",\"valueRequired\":true,\"valueName\":\"search_term_string\"}}],\"inLanguage\":\"en-US\"},{\"@type\":\"Organization\",\"@id\":\"https:\\\/\\\/www.uartes.edu.ec\\\/sitio\\\/en\\\/#organization\",\"name\":\"Universidad de las Artes\",\"url\":\"https:\\\/\\\/www.uartes.edu.ec\\\/sitio\\\/en\\\/\",\"logo\":{\"@type\":\"ImageObject\",\"inLanguage\":\"en-US\",\"@id\":\"https:\\\/\\\/www.uartes.edu.ec\\\/sitio\\\/en\\\/#\\\/schema\\\/logo\\\/image\\\/\",\"url\":\"https:\\\/\\\/www.uartes.edu.ec\\\/sitio\\\/wp-content\\\/uploads\\\/2022\\\/07\\\/logo-ua-horizontal.png\",\"contentUrl\":\"https:\\\/\\\/www.uartes.edu.ec\\\/sitio\\\/wp-content\\\/uploads\\\/2022\\\/07\\\/logo-ua-horizontal.png\",\"width\":800,\"height\":276,\"caption\":\"Universidad de las Artes\"},\"image\":{\"@id\":\"https:\\\/\\\/www.uartes.edu.ec\\\/sitio\\\/en\\\/#\\\/schema\\\/logo\\\/image\\\/\"},\"sameAs\":[\"https:\\\/\\\/www.facebook.com\\\/uartesec\",\"https:\\\/\\\/x.com\\\/uartesec\",\"https:\\\/\\\/www.tiktok.com\\\/@uartesec\"]}]}<\/script>\n<!-- \/ Yoast SEO plugin. -->","yoast_head_json":{"title":"Universidad de las Artes - Cont\u00e1ctanos","description":"Universidad de las Artes - Cont\u00e1ctanos","robots":{"index":"index","follow":"follow","max-snippet":"max-snippet:-1","max-image-preview":"max-image-preview:large","max-video-preview":"max-video-preview:-1"},"canonical":"https:\/\/www.uartes.edu.ec\/sitio\/en\/contacto\/","og_locale":"en_US","og_type":"article","og_title":"Universidad de las Artes - Cont\u00e1ctanos","og_description":"Universidad de las Artes - Cont\u00e1ctanos","og_url":"https:\/\/www.uartes.edu.ec\/sitio\/en\/contacto\/","og_site_name":"Universidad de las Artes","article_publisher":"https:\/\/www.facebook.com\/uartesec","article_modified_time":"2024-11-11T14:47:31+00:00","twitter_card":"summary_large_image","twitter_site":"@uartesec","twitter_misc":{"Est. reading time":"1 minute"},"schema":{"@context":"https:\/\/schema.org","@graph":[{"@type":"WebPage","@id":"https:\/\/www.uartes.edu.ec\/sitio\/en\/contacto\/","url":"https:\/\/www.uartes.edu.ec\/sitio\/en\/contacto\/","name":"Universidad de las Artes - Cont\u00e1ctanos","isPartOf":{"@id":"https:\/\/www.uartes.edu.ec\/sitio\/en\/#website"},"datePublished":"2022-01-19T18:05:18+00:00","dateModified":"2024-11-11T14:47:31+00:00","description":"Universidad de las Artes - Cont\u00e1ctanos","breadcrumb":{"@id":"https:\/\/www.uartes.edu.ec\/sitio\/en\/contacto\/#breadcrumb"},"inLanguage":"en-US","potentialAction":[{"@type":"ReadAction","target":["https:\/\/www.uartes.edu.ec\/sitio\/en\/contacto\/"]}]},{"@type":"BreadcrumbList","@id":"https:\/\/www.uartes.edu.ec\/sitio\/en\/contacto\/#breadcrumb","itemListElement":[{"@type":"ListItem","position":1,"name":"Inicio","item":"https:\/\/www.uartes.edu.ec\/sitio\/"},{"@type":"ListItem","position":2,"name":"Universidad de las Artes","item":"https:\/\/www.uartes.edu.ec\/sitio\/"},{"@type":"ListItem","position":3,"name":"La Universidad","item":"https:\/\/www.uartes.edu.ec\/sitio\/la-universidad\/la-universidad\/"},{"@type":"ListItem","position":4,"name":"Cont\u00e1ctanos"}]},{"@type":"WebSite","@id":"https:\/\/www.uartes.edu.ec\/sitio\/en\/#website","url":"https:\/\/www.uartes.edu.ec\/sitio\/en\/","name":"Universidad de las Artes","description":"Sitio oficial de la Universidad Nacional de las Artes del Ecuador","publisher":{"@id":"https:\/\/www.uartes.edu.ec\/sitio\/en\/#organization"},"potentialAction":[{"@type":"SearchAction","target":{"@type":"EntryPoint","urlTemplate":"https:\/\/www.uartes.edu.ec\/sitio\/en\/?s={search_term_string}"},"query-input":{"@type":"PropertyValueSpecification","valueRequired":true,"valueName":"search_term_string"}}],"inLanguage":"en-US"},{"@type":"Organization","@id":"https:\/\/www.uartes.edu.ec\/sitio\/en\/#organization","name":"Universidad de las Artes","url":"https:\/\/www.uartes.edu.ec\/sitio\/en\/","logo":{"@type":"ImageObject","inLanguage":"en-US","@id":"https:\/\/www.uartes.edu.ec\/sitio\/en\/#\/schema\/logo\/image\/","url":"https:\/\/www.uartes.edu.ec\/sitio\/wp-content\/uploads\/2022\/07\/logo-ua-horizontal.png","contentUrl":"https:\/\/www.uartes.edu.ec\/sitio\/wp-content\/uploads\/2022\/07\/logo-ua-horizontal.png","width":800,"height":276,"caption":"Universidad de las Artes"},"image":{"@id":"https:\/\/www.uartes.edu.ec\/sitio\/en\/#\/schema\/logo\/image\/"},"sameAs":["https:\/\/www.facebook.com\/uartesec","https:\/\/x.com\/uartesec","https:\/\/www.tiktok.com\/@uartesec"]}]}},"uagb_featured_image_src":{"full":false,"thumbnail":false,"medium":false,"medium_large":false,"large":false,"1536x1536":false,"2048x2048":false,"trp-custom-language-flag":false,"htmega_size_585x295":false,"htmega_size_1170x536":false,"htmega_size_396x360":false,"gb-block-post-grid-landscape":false,"gb-block-post-grid-square":false,"university-hub-thumb":false},"uagb_author_info":{"display_name":"Universidad de las Artes","author_link":"https:\/\/www.uartes.edu.ec\/sitio\/en\/blog\/author\/dircomadm\/"},"uagb_comment_info":0,"uagb_excerpt":"Respondemos cualquier duda que tengas para poder postular a nuestros procesos de ingreso .","featured_image_src":null,"featured_image_src_square":null,"publishpress_future_action":{"enabled":false,"date":"2026-05-12 23:22:47","action":"change-status","newStatus":"draft","terms":[],"taxonomy":"","extraData":[]},"publishpress_future_workflow_manual_trigger":{"enabledWorkflows":[]},"distributor_meta":false,"distributor_terms":false,"distributor_media":false,"distributor_original_site_name":"Universidad de las Artes","distributor_original_site_url":"https:\/\/www.uartes.edu.ec\/sitio\/en","push-errors":false,"_links":{"self":[{"href":"https:\/\/www.uartes.edu.ec\/sitio\/en\/wp-json\/wp\/v2\/pages\/19092","targetHints":{"allow":["GET"]}}],"collection":[{"href":"https:\/\/www.uartes.edu.ec\/sitio\/en\/wp-json\/wp\/v2\/pages"}],"about":[{"href":"https:\/\/www.uartes.edu.ec\/sitio\/en\/wp-json\/wp\/v2\/types\/page"}],"author":[{"embeddable":true,"href":"https:\/\/www.uartes.edu.ec\/sitio\/en\/wp-json\/wp\/v2\/users\/1"}],"replies":[{"embeddable":true,"href":"https:\/\/www.uartes.edu.ec\/sitio\/en\/wp-json\/wp\/v2\/comments?post=19092"}],"version-history":[{"count":3,"href":"https:\/\/www.uartes.edu.ec\/sitio\/en\/wp-json\/wp\/v2\/pages\/19092\/revisions"}],"predecessor-version":[{"id":64292,"href":"https:\/\/www.uartes.edu.ec\/sitio\/en\/wp-json\/wp\/v2\/pages\/19092\/revisions\/64292"}],"up":[{"embeddable":true,"href":"https:\/\/www.uartes.edu.ec\/sitio\/en\/wp-json\/wp\/v2\/pages\/2989"}],"wp:attachment":[{"href":"https:\/\/www.uartes.edu.ec\/sitio\/en\/wp-json\/wp\/v2\/media?parent=19092"}],"curies":[{"name":"wp","href":"https:\/\/api.w.org\/{rel}","templated":true}]}}