{"id":73937,"date":"2025-06-24T08:53:37","date_gmt":"2025-06-24T13:53:37","guid":{"rendered":"https:\/\/www.uartes.edu.ec\/sitio\/la-universidad\/estudiantes\/bienestar-estudiantil\/tabla-de-aranceles\/"},"modified":"2025-06-24T14:18:09","modified_gmt":"2025-06-24T19:18:09","slug":"tabla-de-aranceles","status":"publish","type":"page","link":"https:\/\/www.uartes.edu.ec\/sitio\/en\/la-universidad\/estudiantes\/bienestar-estudiantil\/tabla-de-aranceles\/","title":{"rendered":"Tabla de Aranceles"},"content":{"rendered":"<h3 class=\"wp-block-heading\">Carreras<\/h3>\n\n\n\n<figure class=\"wp-block-table is-style-stripes\"><table><thead><tr><th><strong>Ref.<\/strong><\/th><th><strong>Denominaci\u00f3n de Arancel<\/strong><\/th><th class=\"has-text-align-center\" data-align=\"center\"><strong>BAJO<\/strong> <br><strong>D<\/strong> <br><strong>10,00%<\/strong><\/th><th class=\"has-text-align-center\" data-align=\"center\"><strong>MEDIO BAJO<\/strong> <br><strong>C-<\/strong><br> <strong>10,00%<\/strong><\/th><th class=\"has-text-align-center\" data-align=\"center\"><strong>MEDIO<\/strong><br><strong>C+<\/strong><br><strong>15,00%<\/strong><\/th><th class=\"has-text-align-center\" data-align=\"center\"><strong>MEDIO ALTO<\/strong><br><strong>B<\/strong> <br><strong>20,00%<\/strong><\/th><th class=\"has-text-align-center\" data-align=\"center\"><strong>ALTO<\/strong> <br><strong>A<\/strong> <br><strong>25%<\/strong><\/th><\/tr><\/thead><tbody><tr><td><strong>A<\/strong><\/td><td>Valor Segunda matr\u00edcula en carreras de licenciatura<\/td><td class=\"has-text-align-center\" data-align=\"center\">$23,08<\/td><td class=\"has-text-align-center\" data-align=\"center\">$23,08<\/td><td class=\"has-text-align-center\" data-align=\"center\">$23,08<\/td><td class=\"has-text-align-center\" data-align=\"center\">$23,08<\/td><td class=\"has-text-align-center\" data-align=\"center\">$23,08<\/td><\/tr><tr><td><strong>B<\/strong><\/td><td>Valor Tercera matr\u00edcula en carreras de licenciatura<\/td><td class=\"has-text-align-center\" data-align=\"center\">$25,38<\/td><td class=\"has-text-align-center\" data-align=\"center\">$25,38<\/td><td class=\"has-text-align-center\" data-align=\"center\">$25,38<\/td><td class=\"has-text-align-center\" data-align=\"center\">$25,38<\/td><td class=\"has-text-align-center\" data-align=\"center\">$25,38<\/td><\/tr><tr><td><strong>C<\/strong><\/td><td>Valor matricula extraordinaria<\/td><td class=\"has-text-align-center\" data-align=\"center\">$5,77<\/td><td class=\"has-text-align-center\" data-align=\"center\">$5,77<\/td><td class=\"has-text-align-center\" data-align=\"center\">$5,77<\/td><td class=\"has-text-align-center\" data-align=\"center\">$5,77<\/td><td class=\"has-text-align-center\" data-align=\"center\">$5,77<\/td><\/tr><tr><td><strong>D<\/strong><\/td><td>Valor matr\u00edcula especial<\/td><td class=\"has-text-align-center\" data-align=\"center\">$5,77<\/td><td class=\"has-text-align-center\" data-align=\"center\">$5,77<\/td><td class=\"has-text-align-center\" data-align=\"center\">$5,77<\/td><td class=\"has-text-align-center\" data-align=\"center\">$5,77<\/td><td class=\"has-text-align-center\" data-align=\"center\">$5,77<\/td><\/tr><tr><td><strong>E<\/strong><\/td><td>Valor de arancel en asignaturas e itinerarios de carreras de licenciaturas para segunda vez<\/td><td class=\"has-text-align-center\" data-align=\"center\">$24,06<\/td><td class=\"has-text-align-center\" data-align=\"center\">$24,06<\/td><td class=\"has-text-align-center\" data-align=\"center\">$36,09<\/td><td class=\"has-text-align-center\" data-align=\"center\">$48,12<\/td><td class=\"has-text-align-center\" data-align=\"center\">$60,15<\/td><\/tr><tr><td><strong>F<\/strong><\/td><td>Valor de arancel en asignaturas e itinerarios de carreras de licenciaturas para tercera vez<\/td><td class=\"has-text-align-center\" data-align=\"center\">$26,46<\/td><td class=\"has-text-align-center\" data-align=\"center\">$26,46<\/td><td class=\"has-text-align-center\" data-align=\"center\">$39,70<\/td><td class=\"has-text-align-center\" data-align=\"center\">$52,93<\/td><td class=\"has-text-align-center\" data-align=\"center\">$66,16<\/td><\/tr><\/tbody><\/table><\/figure>\n\n\n\n<div style=\"height:40px\" aria-hidden=\"true\" class=\"wp-block-spacer\"><\/div>\n\n\n\n<h3 class=\"wp-block-heading\">Foundation Course<\/h3>\n\n\n\n<figure class=\"wp-block-table is-style-stripes\"><table><thead><tr><th>Ref.<\/th><th><strong>Denominaci\u00f3n de Arancel<\/strong><\/th><th class=\"has-text-align-center\" data-align=\"center\"><strong>BAJO<\/strong> <br><strong>D<\/strong><br>1<strong>0,00%<\/strong><\/th><th class=\"has-text-align-center\" data-align=\"center\"><strong>MEDIO BAJO<\/strong> <br><strong>C-<\/strong> <br><strong>10,00%<\/strong><\/th><th class=\"has-text-align-center\" data-align=\"center\"><strong>MEDIO<\/strong> <br><strong>C+<\/strong> <br><strong>15,00%<\/strong><\/th><th class=\"has-text-align-center\" data-align=\"center\"><strong>MEDIO ALTO<\/strong> <br><strong>B<\/strong> <br><strong>20,00%<\/strong><\/th><th class=\"has-text-align-center\" data-align=\"center\"><strong>ALTO<\/strong> <br><strong>A<\/strong> <br><strong>25%<\/strong><\/th><\/tr><\/thead><tbody><tr><td>A<\/td><td>Valor de segunda matr\u00edcula en nivelaci\u00f3n<\/td><td class=\"has-text-align-center\" data-align=\"center\">$5,29<\/td><td class=\"has-text-align-center\" data-align=\"center\">$5,29<\/td><td class=\"has-text-align-center\" data-align=\"center\">$5,29<\/td><td class=\"has-text-align-center\" data-align=\"center\">$5,29<\/td><td class=\"has-text-align-center\" data-align=\"center\">$5,29<\/td><\/tr><tr><td>B<\/td><td>Arancel en admisiones para cursar las materias&nbsp; asignaturas de nivelaci\u00f3n como una segunda vez<\/td><td class=\"has-text-align-center\" data-align=\"center\">$5,36<\/td><td class=\"has-text-align-center\" data-align=\"center\">$5,36<\/td><td class=\"has-text-align-center\" data-align=\"center\">$8,04<\/td><td class=\"has-text-align-center\" data-align=\"center\">$10,72<\/td><td class=\"has-text-align-center\" data-align=\"center\">$13,40<\/td><\/tr><\/tbody><\/table><\/figure>\n\n\n\n<div style=\"height:40px\" aria-hidden=\"true\" class=\"wp-block-spacer\"><\/div>\n\n\n\n<h3 class=\"wp-block-heading\">Lenguas<\/h3>\n\n\n\n<figure class=\"wp-block-table is-style-stripes\"><table><thead><tr><th>Ref.<\/th><th>Denominaci\u00f3n de Arancel<\/th><th class=\"has-text-align-center\" data-align=\"center\">BAJO <br>D <br>10,00%<\/th><th class=\"has-text-align-center\" data-align=\"center\">MEDIO BAJO <br>C- <br>10,00%<\/th><th class=\"has-text-align-center\" data-align=\"center\">MEDIO <br>C+ <br>15,00%<\/th><th class=\"has-text-align-center\" data-align=\"center\">MEDIO ALTO <br>B <br>20,00%<\/th><th class=\"has-text-align-center\" data-align=\"center\">ALTO <br>A <br>25%<\/th><\/tr><\/thead><tbody><tr><td>A<\/td><td>Valor Segunda matr\u00edcula en cursos de lenguas extranjeras<\/td><td class=\"has-text-align-center\" data-align=\"center\">$14,72<\/td><td class=\"has-text-align-center\" data-align=\"center\">$14,72<\/td><td class=\"has-text-align-center\" data-align=\"center\">$14,72<\/td><td class=\"has-text-align-center\" data-align=\"center\">$14,72<\/td><td class=\"has-text-align-center\" data-align=\"center\">$14,72<\/td><\/tr><tr><td>B<\/td><td>Valor Tercera matr\u00edcula en cursos de lenguas extranjeras<\/td><td class=\"has-text-align-center\" data-align=\"center\">$16,20<\/td><td class=\"has-text-align-center\" data-align=\"center\">$16,20<\/td><td class=\"has-text-align-center\" data-align=\"center\">$16,20<\/td><td class=\"has-text-align-center\" data-align=\"center\">$16,20<\/td><td class=\"has-text-align-center\" data-align=\"center\">$16,20<\/td><\/tr><tr><td>C<\/td><td>Valor de arancel de matr\u00edcula en lenguas (segunda)<\/td><td class=\"has-text-align-center\" data-align=\"center\">$15,94<\/td><td class=\"has-text-align-center\" data-align=\"center\">$15,94<\/td><td class=\"has-text-align-center\" data-align=\"center\">$23,91<\/td><td class=\"has-text-align-center\" data-align=\"center\">$31,88<\/td><td class=\"has-text-align-center\" data-align=\"center\">$39,85<\/td><\/tr><tr><td>D<\/td><td>Valor de arancel de matr\u00edcula en lenguas (tercera)<\/td><td class=\"has-text-align-center\" data-align=\"center\">$17,53<\/td><td class=\"has-text-align-center\" data-align=\"center\">$17,53<\/td><td class=\"has-text-align-center\" data-align=\"center\">$26,30<\/td><td class=\"has-text-align-center\" data-align=\"center\">$35,06<\/td><td class=\"has-text-align-center\" data-align=\"center\">$43,83<\/td><\/tr><\/tbody><\/table><\/figure>\n\n\n\n<div style=\"height:40px\" aria-hidden=\"true\" class=\"wp-block-spacer\"><\/div>\n\n\n\n<h3 class=\"wp-block-heading\">Cobros Generales<\/h3>\n\n\n\n<figure class=\"wp-block-table is-style-stripes\"><table><thead><tr><th>Ref.<\/th><th>Denominaci\u00f3n de Arancel<\/th><th class=\"has-text-align-center\" data-align=\"center\">Valor<\/th><\/tr><\/thead><tbody><tr><td><strong>A<\/strong><\/td><td>Solicitud de homologaci\u00f3n por comparaci\u00f3n de contenidos por asignatura &#8211; HCCA<\/td><td class=\"has-text-align-center\" data-align=\"center\">$20,00<\/td><\/tr><tr><td><strong>B<\/strong><\/td><td>Solicitud de homologaci\u00f3n por validaci\u00f3n de conocimientos por niveles &#8211; HVCN<\/td><td class=\"has-text-align-center\" data-align=\"center\">$25,00<\/td><\/tr><tr><td><strong>C<\/strong><\/td><td>Materializaci\u00f3n del certificado de matricula<\/td><td class=\"has-text-align-center\" data-align=\"center\">$2,00<\/td><\/tr><tr><td><strong>D<\/strong><\/td><td>Materializaci\u00f3n del certificado de notas y asistencias<\/td><td class=\"has-text-align-center\" data-align=\"center\">$3,00<\/td><\/tr><tr><td><strong>E<\/strong><\/td><td>Materializaci\u00f3n de syllabus de asignatura<\/td><td class=\"has-text-align-center\" data-align=\"center\">$3,00<\/td><\/tr><tr><td><strong>F<\/strong><\/td><td>Materializaci\u00f3n de certificado de practicas preprofesionales (siempre y cuando no forme parte de los requisitos para el proceso de titulaci\u00f3n)<\/td><td class=\"has-text-align-center\" data-align=\"center\">$3,00<\/td><\/tr><tr><td><strong>G<\/strong><\/td><td>Copia certificada de t\u00edtulo profesional<\/td><td class=\"has-text-align-center\" data-align=\"center\">$10,00<\/td><\/tr><tr><td><strong>H<\/strong><\/td><td>Copia certificada de acta de defensa<\/td><td class=\"has-text-align-center\" data-align=\"center\">$10.00<\/td><\/tr><tr><td><strong>I<\/strong><\/td><td>Reimpresi\u00f3n del t\u00edtulo (con sellos hologr\u00e1ficos)<\/td><td class=\"has-text-align-center\" data-align=\"center\">$50,00<\/td><\/tr><tr><td><strong>J<\/strong><\/td><td>Duplicado de carnet<\/td><td class=\"has-text-align-center\" data-align=\"center\">$5.00<\/td><\/tr><tr><td><strong>K<\/strong><\/td><td>Solicitud cambio de instrumento (proceso de audici\u00f3n)<\/td><td class=\"has-text-align-center\" data-align=\"center\">$2,00<\/td><\/tr><tr><td><strong>L<\/strong><\/td><td>Certificado de no adeudar valores monetarios<\/td><td class=\"has-text-align-center\" data-align=\"center\">$2,00<\/td><\/tr><tr><td><strong>T<\/strong><\/td><td>Certificado de finalizaci\u00f3n de estudios<\/td><td class=\"has-text-align-center\" data-align=\"center\">$10,00<\/td><\/tr><\/tbody><\/table><\/figure>\n\n\n\n<div style=\"height:40px\" aria-hidden=\"true\" class=\"wp-block-spacer\"><\/div>\n\n\n\n<h3 class=\"wp-block-heading\">Regulations<\/h3>\n\n\n<section class='__wpdm_gb_section __wpdm_gb_package'><div class='w3eden wpdm_package_shortcode'><!-- WPDM Link Template: Call to Action 3 -->\n\n<div class=\"well c2a3\">\n    <div class=\"media\">\n        <div class=\"mr-3\" align=\"left\">\n            <img decoding=\"async\" class=\"wpdm_icon\" alt=\"Icon\" src=\"https:\/\/www.uartes.edu.ec\/sitio\/wp-content\/plugins\/download-manager\/assets\/file-type-icons\/pdf.svg\" \/>\n        <\/div>\n        <div class=\"media-body\">\n            <h3 class=\"media-heading\" style=\"padding-top: 0px;border:0px;margin: 0 0 5px 0;font-size:12pt;\">\n                <a style=\"font-weight: 700\" href=\"https:\/\/www.uartes.edu.ec\/sitio\/en\/download\/ua-ocs-rse-2025-45\/\">UA-OCS-RSE-2025-45 &#8211; Tabla arancelaria de cobros por p\u00e9rdida de gratuidad en carreras de grado y otros servicios<\/a>\n                <span style=\"font-size:8pt;font-weight:300\" class=\"text-muted ml-4\">\n                    <i class=\"fas fa-hdd mr-1\"><\/i> 1.12 MB\n                    <i class=\"ml-3 far fa-arrow-alt-circle-down mr-1\"><\/i> 2857 downloads\n                <\/span>\n            <\/h3>\n            \n\u201cArt\u00edculo Primero.- Aprobar el Informe T\u00e9cnico No. UA-SAD-2025-007-I que contiene&#8230;\n        <\/div>\n        <div class=\"ml-3\" align=\"right\">\n            <a class='wpdm-download-link download-on-click btn btn-primary btn-sm'  rel='nofollow' href='#' data-downloadurl=\"https:\/\/www.uartes.edu.ec\/sitio\/en\/download\/ua-ocs-rse-2025-45\/?wpdmdl=73811&#038;refresh=69f498b4389681777637556\">Download<\/a>\n        <\/div>\n    <\/div>\n\n<\/div>\n<style>\n    .well.c2a3 .btn {\n        padding: 11px 30px;\n        font-size: 11pt;\n    }\n\n    .well.c2a3 .media-body {\n        font-size: 11pt;\n    }\n\n    .well.c2a3 .wpdm_icon {\n        height: 42px;\n        width: auto;\n    }<\/style>\n<\/div><\/section>","protected":false},"excerpt":{"rendered":"<p>Carreras Ref. Denominaci\u00f3n de Arancel BAJO D 10,00% MEDIO BAJO C- 10,00% MEDIOC+15,00% MEDIO ALTOB 20,00% ALTO A 25% A Valor Segunda matr\u00edcula en carreras de licenciatura $23,08 $23,08 $23,08 $23,08 $23,08 B Valor Tercera matr\u00edcula en carreras de licenciatura $25,38 $25,38 $25,38 $25,38 $25,38 C Valor matricula extraordinaria $5,77 $5,77 $5,77 $5,77 $5,77 D [&hellip;]<\/p>\n","protected":false},"author":1,"featured_media":0,"parent":2987,"menu_order":10,"comment_status":"closed","ping_status":"closed","template":"","meta":{"_acf_changed":false,"_uag_custom_page_level_css":"","_monsterinsights_skip_tracking":false,"_monsterinsights_sitenote_active":false,"_monsterinsights_sitenote_note":"","_monsterinsights_sitenote_category":0,"cybocfi_hide_featured_image":"","footnotes":""},"class_list":["post-73937","page","type-page","status-publish","hentry"],"acf":[],"yoast_head":"<!-- This site is optimized with the Yoast SEO plugin v27.4 - https:\/\/yoast.com\/product\/yoast-seo-wordpress\/ -->\n<title>Universidad de las Artes - Tabla de Aranceles<\/title>\n<meta name=\"description\" content=\"Universidad de las Artes - Tabla de Aranceles\" \/>\n<meta name=\"robots\" content=\"index, follow, max-snippet:-1, max-image-preview:large, max-video-preview:-1\" \/>\n<link rel=\"canonical\" href=\"https:\/\/www.uartes.edu.ec\/sitio\/en\/la-universidad\/estudiantes\/bienestar-estudiantil\/tabla-de-aranceles\/\" \/>\n<meta property=\"og:locale\" content=\"en_US\" \/>\n<meta property=\"og:type\" content=\"article\" \/>\n<meta property=\"og:title\" content=\"Universidad de las Artes - Tabla de Aranceles\" \/>\n<meta property=\"og:description\" content=\"Universidad de las Artes - Tabla de Aranceles\" \/>\n<meta property=\"og:url\" content=\"https:\/\/www.uartes.edu.ec\/sitio\/en\/la-universidad\/estudiantes\/bienestar-estudiantil\/tabla-de-aranceles\/\" \/>\n<meta property=\"og:site_name\" content=\"Universidad de las Artes\" \/>\n<meta property=\"article:publisher\" content=\"https:\/\/www.facebook.com\/uartesec\" \/>\n<meta property=\"article:modified_time\" content=\"2025-06-24T19:18:09+00:00\" \/>\n<meta name=\"twitter:card\" content=\"summary_large_image\" \/>\n<meta name=\"twitter:site\" content=\"@uartesec\" \/>\n<meta name=\"twitter:label1\" content=\"Est. reading time\" \/>\n\t<meta name=\"twitter:data1\" content=\"1 minute\" \/>\n<script type=\"application\/ld+json\" class=\"yoast-schema-graph\">{\"@context\":\"https:\\\/\\\/schema.org\",\"@graph\":[{\"@type\":\"WebPage\",\"@id\":\"https:\\\/\\\/www.uartes.edu.ec\\\/sitio\\\/en\\\/la-universidad\\\/estudiantes\\\/bienestar-estudiantil\\\/tabla-de-aranceles\\\/\",\"url\":\"https:\\\/\\\/www.uartes.edu.ec\\\/sitio\\\/en\\\/la-universidad\\\/estudiantes\\\/bienestar-estudiantil\\\/tabla-de-aranceles\\\/\",\"name\":\"Universidad de las Artes - Tabla de Aranceles\",\"isPartOf\":{\"@id\":\"https:\\\/\\\/www.uartes.edu.ec\\\/sitio\\\/en\\\/#website\"},\"datePublished\":\"2025-06-24T13:53:37+00:00\",\"dateModified\":\"2025-06-24T19:18:09+00:00\",\"description\":\"Universidad de las Artes - Tabla de Aranceles\",\"breadcrumb\":{\"@id\":\"https:\\\/\\\/www.uartes.edu.ec\\\/sitio\\\/en\\\/la-universidad\\\/estudiantes\\\/bienestar-estudiantil\\\/tabla-de-aranceles\\\/#breadcrumb\"},\"inLanguage\":\"en-US\",\"potentialAction\":[{\"@type\":\"ReadAction\",\"target\":[\"https:\\\/\\\/www.uartes.edu.ec\\\/sitio\\\/en\\\/la-universidad\\\/estudiantes\\\/bienestar-estudiantil\\\/tabla-de-aranceles\\\/\"]}]},{\"@type\":\"BreadcrumbList\",\"@id\":\"https:\\\/\\\/www.uartes.edu.ec\\\/sitio\\\/en\\\/la-universidad\\\/estudiantes\\\/bienestar-estudiantil\\\/tabla-de-aranceles\\\/#breadcrumb\",\"itemListElement\":[{\"@type\":\"ListItem\",\"position\":1,\"name\":\"Inicio\",\"item\":\"https:\\\/\\\/www.uartes.edu.ec\\\/sitio\\\/\"},{\"@type\":\"ListItem\",\"position\":2,\"name\":\"Universidad de las Artes\",\"item\":\"https:\\\/\\\/www.uartes.edu.ec\\\/sitio\\\/\"},{\"@type\":\"ListItem\",\"position\":3,\"name\":\"Estudiantes\",\"item\":\"https:\\\/\\\/www.uartes.edu.ec\\\/sitio\\\/la-universidad\\\/estudiantes\\\/\"},{\"@type\":\"ListItem\",\"position\":4,\"name\":\"Bienestar Estudiantil\",\"item\":\"https:\\\/\\\/www.uartes.edu.ec\\\/sitio\\\/la-universidad\\\/estudiantes\\\/bienestar-estudiantil\\\/\"},{\"@type\":\"ListItem\",\"position\":5,\"name\":\"Tabla de Aranceles\"}]},{\"@type\":\"WebSite\",\"@id\":\"https:\\\/\\\/www.uartes.edu.ec\\\/sitio\\\/en\\\/#website\",\"url\":\"https:\\\/\\\/www.uartes.edu.ec\\\/sitio\\\/en\\\/\",\"name\":\"Universidad de las Artes\",\"description\":\"Sitio oficial de la Universidad Nacional de las Artes del Ecuador\",\"publisher\":{\"@id\":\"https:\\\/\\\/www.uartes.edu.ec\\\/sitio\\\/en\\\/#organization\"},\"potentialAction\":[{\"@type\":\"SearchAction\",\"target\":{\"@type\":\"EntryPoint\",\"urlTemplate\":\"https:\\\/\\\/www.uartes.edu.ec\\\/sitio\\\/en\\\/?s={search_term_string}\"},\"query-input\":{\"@type\":\"PropertyValueSpecification\",\"valueRequired\":true,\"valueName\":\"search_term_string\"}}],\"inLanguage\":\"en-US\"},{\"@type\":\"Organization\",\"@id\":\"https:\\\/\\\/www.uartes.edu.ec\\\/sitio\\\/en\\\/#organization\",\"name\":\"Universidad de las Artes\",\"url\":\"https:\\\/\\\/www.uartes.edu.ec\\\/sitio\\\/en\\\/\",\"logo\":{\"@type\":\"ImageObject\",\"inLanguage\":\"en-US\",\"@id\":\"https:\\\/\\\/www.uartes.edu.ec\\\/sitio\\\/en\\\/#\\\/schema\\\/logo\\\/image\\\/\",\"url\":\"https:\\\/\\\/www.uartes.edu.ec\\\/sitio\\\/wp-content\\\/uploads\\\/2022\\\/07\\\/logo-ua-horizontal.png\",\"contentUrl\":\"https:\\\/\\\/www.uartes.edu.ec\\\/sitio\\\/wp-content\\\/uploads\\\/2022\\\/07\\\/logo-ua-horizontal.png\",\"width\":800,\"height\":276,\"caption\":\"Universidad de las Artes\"},\"image\":{\"@id\":\"https:\\\/\\\/www.uartes.edu.ec\\\/sitio\\\/en\\\/#\\\/schema\\\/logo\\\/image\\\/\"},\"sameAs\":[\"https:\\\/\\\/www.facebook.com\\\/uartesec\",\"https:\\\/\\\/x.com\\\/uartesec\",\"https:\\\/\\\/www.tiktok.com\\\/@uartesec\"]}]}<\/script>\n<!-- \/ Yoast SEO plugin. -->","yoast_head_json":{"title":"Universidad de las Artes - Tabla de Aranceles","description":"Universidad de las Artes - Tabla de Aranceles","robots":{"index":"index","follow":"follow","max-snippet":"max-snippet:-1","max-image-preview":"max-image-preview:large","max-video-preview":"max-video-preview:-1"},"canonical":"https:\/\/www.uartes.edu.ec\/sitio\/en\/la-universidad\/estudiantes\/bienestar-estudiantil\/tabla-de-aranceles\/","og_locale":"en_US","og_type":"article","og_title":"Universidad de las Artes - Tabla de Aranceles","og_description":"Universidad de las Artes - Tabla de Aranceles","og_url":"https:\/\/www.uartes.edu.ec\/sitio\/en\/la-universidad\/estudiantes\/bienestar-estudiantil\/tabla-de-aranceles\/","og_site_name":"Universidad de las Artes","article_publisher":"https:\/\/www.facebook.com\/uartesec","article_modified_time":"2025-06-24T19:18:09+00:00","twitter_card":"summary_large_image","twitter_site":"@uartesec","twitter_misc":{"Est. reading time":"1 minute"},"schema":{"@context":"https:\/\/schema.org","@graph":[{"@type":"WebPage","@id":"https:\/\/www.uartes.edu.ec\/sitio\/en\/la-universidad\/estudiantes\/bienestar-estudiantil\/tabla-de-aranceles\/","url":"https:\/\/www.uartes.edu.ec\/sitio\/en\/la-universidad\/estudiantes\/bienestar-estudiantil\/tabla-de-aranceles\/","name":"Universidad de las Artes - Tabla de Aranceles","isPartOf":{"@id":"https:\/\/www.uartes.edu.ec\/sitio\/en\/#website"},"datePublished":"2025-06-24T13:53:37+00:00","dateModified":"2025-06-24T19:18:09+00:00","description":"Universidad de las Artes - Tabla de Aranceles","breadcrumb":{"@id":"https:\/\/www.uartes.edu.ec\/sitio\/en\/la-universidad\/estudiantes\/bienestar-estudiantil\/tabla-de-aranceles\/#breadcrumb"},"inLanguage":"en-US","potentialAction":[{"@type":"ReadAction","target":["https:\/\/www.uartes.edu.ec\/sitio\/en\/la-universidad\/estudiantes\/bienestar-estudiantil\/tabla-de-aranceles\/"]}]},{"@type":"BreadcrumbList","@id":"https:\/\/www.uartes.edu.ec\/sitio\/en\/la-universidad\/estudiantes\/bienestar-estudiantil\/tabla-de-aranceles\/#breadcrumb","itemListElement":[{"@type":"ListItem","position":1,"name":"Inicio","item":"https:\/\/www.uartes.edu.ec\/sitio\/"},{"@type":"ListItem","position":2,"name":"Universidad de las Artes","item":"https:\/\/www.uartes.edu.ec\/sitio\/"},{"@type":"ListItem","position":3,"name":"Estudiantes","item":"https:\/\/www.uartes.edu.ec\/sitio\/la-universidad\/estudiantes\/"},{"@type":"ListItem","position":4,"name":"Bienestar Estudiantil","item":"https:\/\/www.uartes.edu.ec\/sitio\/la-universidad\/estudiantes\/bienestar-estudiantil\/"},{"@type":"ListItem","position":5,"name":"Tabla de Aranceles"}]},{"@type":"WebSite","@id":"https:\/\/www.uartes.edu.ec\/sitio\/en\/#website","url":"https:\/\/www.uartes.edu.ec\/sitio\/en\/","name":"Universidad de las Artes","description":"Sitio oficial de la Universidad Nacional de las Artes del Ecuador","publisher":{"@id":"https:\/\/www.uartes.edu.ec\/sitio\/en\/#organization"},"potentialAction":[{"@type":"SearchAction","target":{"@type":"EntryPoint","urlTemplate":"https:\/\/www.uartes.edu.ec\/sitio\/en\/?s={search_term_string}"},"query-input":{"@type":"PropertyValueSpecification","valueRequired":true,"valueName":"search_term_string"}}],"inLanguage":"en-US"},{"@type":"Organization","@id":"https:\/\/www.uartes.edu.ec\/sitio\/en\/#organization","name":"Universidad de las Artes","url":"https:\/\/www.uartes.edu.ec\/sitio\/en\/","logo":{"@type":"ImageObject","inLanguage":"en-US","@id":"https:\/\/www.uartes.edu.ec\/sitio\/en\/#\/schema\/logo\/image\/","url":"https:\/\/www.uartes.edu.ec\/sitio\/wp-content\/uploads\/2022\/07\/logo-ua-horizontal.png","contentUrl":"https:\/\/www.uartes.edu.ec\/sitio\/wp-content\/uploads\/2022\/07\/logo-ua-horizontal.png","width":800,"height":276,"caption":"Universidad de las Artes"},"image":{"@id":"https:\/\/www.uartes.edu.ec\/sitio\/en\/#\/schema\/logo\/image\/"},"sameAs":["https:\/\/www.facebook.com\/uartesec","https:\/\/x.com\/uartesec","https:\/\/www.tiktok.com\/@uartesec"]}]}},"uagb_featured_image_src":{"full":false,"thumbnail":false,"medium":false,"medium_large":false,"large":false,"1536x1536":false,"2048x2048":false,"trp-custom-language-flag":false,"htmega_size_585x295":false,"htmega_size_1170x536":false,"htmega_size_396x360":false,"gb-block-post-grid-landscape":false,"gb-block-post-grid-square":false,"university-hub-thumb":false},"uagb_author_info":{"display_name":"Universidad de las Artes","author_link":"https:\/\/www.uartes.edu.ec\/sitio\/en\/blog\/author\/dircomadm\/"},"uagb_comment_info":0,"uagb_excerpt":"Carreras Ref. Denominaci\u00f3n de Arancel BAJO D 10,00% MEDIO BAJO C- 10,00% MEDIOC+15,00% MEDIO ALTOB 20,00% ALTO A 25% A Valor Segunda matr\u00edcula en carreras de licenciatura $23,08 $23,08 $23,08 $23,08 $23,08 B Valor Tercera matr\u00edcula en carreras de licenciatura $25,38 $25,38 $25,38 $25,38 $25,38 C Valor matricula extraordinaria $5,77 $5,77 $5,77 $5,77 $5,77 D&hellip;","featured_image_src":null,"featured_image_src_square":null,"publishpress_future_action":{"enabled":false,"date":"2026-05-08 07:12:37","action":"change-status","newStatus":"draft","terms":[],"taxonomy":"","extraData":[]},"publishpress_future_workflow_manual_trigger":{"enabledWorkflows":[]},"distributor_meta":false,"distributor_terms":false,"distributor_media":false,"distributor_original_site_name":"Universidad de las Artes","distributor_original_site_url":"https:\/\/www.uartes.edu.ec\/sitio\/en","push-errors":false,"_links":{"self":[{"href":"https:\/\/www.uartes.edu.ec\/sitio\/en\/wp-json\/wp\/v2\/pages\/73937","targetHints":{"allow":["GET"]}}],"collection":[{"href":"https:\/\/www.uartes.edu.ec\/sitio\/en\/wp-json\/wp\/v2\/pages"}],"about":[{"href":"https:\/\/www.uartes.edu.ec\/sitio\/en\/wp-json\/wp\/v2\/types\/page"}],"author":[{"embeddable":true,"href":"https:\/\/www.uartes.edu.ec\/sitio\/en\/wp-json\/wp\/v2\/users\/1"}],"replies":[{"embeddable":true,"href":"https:\/\/www.uartes.edu.ec\/sitio\/en\/wp-json\/wp\/v2\/comments?post=73937"}],"version-history":[{"count":9,"href":"https:\/\/www.uartes.edu.ec\/sitio\/en\/wp-json\/wp\/v2\/pages\/73937\/revisions"}],"predecessor-version":[{"id":73954,"href":"https:\/\/www.uartes.edu.ec\/sitio\/en\/wp-json\/wp\/v2\/pages\/73937\/revisions\/73954"}],"up":[{"embeddable":true,"href":"https:\/\/www.uartes.edu.ec\/sitio\/en\/wp-json\/wp\/v2\/pages\/2987"}],"wp:attachment":[{"href":"https:\/\/www.uartes.edu.ec\/sitio\/en\/wp-json\/wp\/v2\/media?parent=73937"}],"curies":[{"name":"wp","href":"https:\/\/api.w.org\/{rel}","templated":true}]}}