{"id":2255,"date":"2021-09-01T10:49:43","date_gmt":"2021-09-01T15:49:43","guid":{"rendered":"http:\/\/www.uartes.edu.ec\/sitio\/encuentroilia\/encuentro-2021\/invitados\/sebastian-cordero\/"},"modified":"2024-07-04T09:50:13","modified_gmt":"2024-07-04T14:50:13","slug":"sebastian-cordero","status":"publish","type":"page","link":"http:\/\/www.uartes.edu.ec\/sitio\/encuentroilia\/encuentro-2021\/invitados\/sebastian-cordero\/","title":{"rendered":"Sebasti\u00e1n Cordero"},"content":{"rendered":"\n<div class=\"wp-block-image\"><figure class=\"alignright size-full is-resized\"><img loading=\"lazy\" decoding=\"async\" src=\"http:\/\/www.uartes.edu.ec\/sitio\/encuentroilia\/wp-content\/uploads\/sites\/5\/2021\/08\/SEBASTIAN-CORDERO.webp\" alt=\"\" class=\"wp-image-2129\" width=\"250\" height=\"250\"\/><\/figure><\/div>\n\n\n\n<p>Cineasta ecuatoriano. Nace en Quito, pasa su adolescencia en Par\u00eds y estudia escritura de gui\u00f3n cinematogr\u00e1fico en Los Angeles, en la U.S.C. Su \u00f3pera prima RATAS, RATONES, RATEROS (Ecuador, 1999) se estrena en Venecia y se convierte en un hito social y cultural en el Ecuador. CR\u00d3NICAS (M\u00e9xico-Ecuador, 2004), se estrena en Cannes y recibe numerosos galardones internacionales. RABIA (Espa\u00f1a-Colombia, 2009) gana el Premio Especial del Jurado en Tokio y cuatro premios en M\u00e1laga, entre ellos mejor pel\u00edcula. PESCADOR (Ecuador-Colombia, 2011) marca un cambio hacia una libertad creativa e improvisativa, contrastando con el rigor cient\u00edfico y documentalista de EUROPA REPORT (EEUU, 2013), pel\u00edcula en ingl\u00e9s de ciencia ficci\u00f3n. En el 2016 estrena SIN MUERTOS NO HAY CARNAVAL (Ecuador-M\u00e9xico-Alemania). Incursiona ahora en el teatro con RABIA, mientras termina su primer largometraje documental, ROSA.<\/p>\n","protected":false},"excerpt":{"rendered":"<p>Cineasta ecuatoriano. Nace en Quito, pasa su adolescencia en Par\u00eds y estudia escritura de gui\u00f3n cinematogr\u00e1fico en Los Angeles, en la U.S.C. Su \u00f3pera prima RATAS, RATONES, RATEROS (Ecuador, 1999) se estrena en Venecia y se convierte en un hito social y cultural en el Ecuador. CR\u00d3NICAS (M\u00e9xico-Ecuador, 2004), se [&hellip;]<\/p>\n","protected":false},"author":1,"featured_media":0,"parent":2178,"menu_order":3,"comment_status":"closed","ping_status":"closed","template":"","meta":{"_uag_custom_page_level_css":"","_monsterinsights_skip_tracking":false,"_monsterinsights_sitenote_active":false,"_monsterinsights_sitenote_note":"","_monsterinsights_sitenote_category":0,"cybocfi_hide_featured_image":"","footnotes":""},"class_list":["post-2255","page","type-page","status-publish","hentry"],"uagb_featured_image_src":{"full":false,"thumbnail":false,"medium":false,"medium_large":false,"large":false,"1536x1536":false,"2048x2048":false,"hestia-blog":false},"uagb_author_info":{"display_name":"Universidad de las Artes","author_link":"https:\/\/www.uartes.edu.ec\/sitio\/encuentroilia\/author\/dircomadm\/"},"uagb_comment_info":0,"uagb_excerpt":"Cineasta ecuatoriano. Nace en Quito, pasa su adolescencia en Par\u00eds y estudia escritura de gui\u00f3n cinematogr\u00e1fico en Los Angeles, en la U.S.C. Su \u00f3pera prima RATAS, RATONES, RATEROS (Ecuador, 1999) se estrena en Venecia y se convierte en un hito social y cultural en el Ecuador. CR\u00d3NICAS (M\u00e9xico-Ecuador, 2004), se [&hellip;]","distributor_meta":false,"distributor_terms":false,"distributor_media":false,"distributor_original_site_name":"VIII Encuentro Internacional de Investigaci\u00f3n en Artes","distributor_original_site_url":"https:\/\/www.uartes.edu.ec\/sitio\/encuentroilia","push-errors":false,"_links":{"self":[{"href":"https:\/\/www.uartes.edu.ec\/sitio\/encuentroilia\/wp-json\/wp\/v2\/pages\/2255","targetHints":{"allow":["GET"]}}],"collection":[{"href":"https:\/\/www.uartes.edu.ec\/sitio\/encuentroilia\/wp-json\/wp\/v2\/pages"}],"about":[{"href":"https:\/\/www.uartes.edu.ec\/sitio\/encuentroilia\/wp-json\/wp\/v2\/types\/page"}],"author":[{"embeddable":true,"href":"https:\/\/www.uartes.edu.ec\/sitio\/encuentroilia\/wp-json\/wp\/v2\/users\/1"}],"replies":[{"embeddable":true,"href":"https:\/\/www.uartes.edu.ec\/sitio\/encuentroilia\/wp-json\/wp\/v2\/comments?post=2255"}],"version-history":[{"count":2,"href":"https:\/\/www.uartes.edu.ec\/sitio\/encuentroilia\/wp-json\/wp\/v2\/pages\/2255\/revisions"}],"predecessor-version":[{"id":2285,"href":"https:\/\/www.uartes.edu.ec\/sitio\/encuentroilia\/wp-json\/wp\/v2\/pages\/2255\/revisions\/2285"}],"up":[{"embeddable":true,"href":"https:\/\/www.uartes.edu.ec\/sitio\/encuentroilia\/wp-json\/wp\/v2\/pages\/2178"}],"wp:attachment":[{"href":"https:\/\/www.uartes.edu.ec\/sitio\/encuentroilia\/wp-json\/wp\/v2\/media?parent=2255"}],"curies":[{"name":"wp","href":"https:\/\/api.w.org\/{rel}","templated":true}]}}