{"id":2259,"date":"2021-09-03T12:26:20","date_gmt":"2021-09-01T15:49:46","guid":{"rendered":"http:\/\/www.uartes.edu.ec\/sitio\/encuentroilia\/encuentro-2021\/invitados\/juan-pablo-ordonez\/"},"modified":"2024-07-04T09:50:12","modified_gmt":"2024-07-04T14:50:12","slug":"juan-pablo-ordonez","status":"publish","type":"page","link":"http:\/\/www.uartes.edu.ec\/sitio\/encuentroilia\/encuentro-2021\/invitados\/juan-pablo-ordonez\/","title":{"rendered":"Juan Pablo Ordo\u00f1ez \/ \u00d1KP"},"content":{"rendered":"\n<div class=\"wp-block-image\"><figure class=\"alignright size-full is-resized\"><img loading=\"lazy\" decoding=\"async\" src=\"http:\/\/www.uartes.edu.ec\/sitio\/encuentroilia\/wp-content\/uploads\/sites\/5\/2021\/09\/JUANPABLOORDON\u0303EZ.webp\" alt=\"\" class=\"wp-image-2344\" width=\"250\" height=\"250\"\/><\/figure><\/div>\n\n\n\n<p>Artista visual, Licenciado en Artes Visuales por la Universidad de Cuenca, Premio IX Bienal Internacional de Cuenca. Con m\u00e1s de 15 a\u00f1os de trabajo en las artes, Ord\u00f3\u00f1ez se evidencia como un artista multifac\u00e9tico, comprometido con la investigaci\u00f3n y experimentaci\u00f3n formal y atado a su continua reinvenci\u00f3n como creador.<\/p>\n\n\n\n<p>En su recorrido es posible encontrar tanto obras de expresi\u00f3n pict\u00f3rica al igual que proyectos de animaci\u00f3n digital o incursiones al v\u00eddeo y al cine; propuestas desde el arte acci\u00f3n, la museograf\u00eda, la instalaci\u00f3n, el objeto e inclusive lo sonoro; proyectos de corte pol\u00edtico, urbano o comunitario, tanto como otros conceptuales, po\u00e9ticos e intimistas.<\/p>\n","protected":false},"excerpt":{"rendered":"<p>Artista visual, Licenciado en Artes Visuales por la Universidad de Cuenca, Premio IX Bienal Internacional de Cuenca. Con m\u00e1s de 15 a\u00f1os de trabajo en las artes, Ord\u00f3\u00f1ez se evidencia como un artista multifac\u00e9tico, comprometido con la investigaci\u00f3n y experimentaci\u00f3n formal y atado a su continua reinvenci\u00f3n como creador. En [&hellip;]<\/p>\n","protected":false},"author":1,"featured_media":0,"parent":2178,"menu_order":5,"comment_status":"closed","ping_status":"closed","template":"","meta":{"_uag_custom_page_level_css":"","_monsterinsights_skip_tracking":false,"_monsterinsights_sitenote_active":false,"_monsterinsights_sitenote_note":"","_monsterinsights_sitenote_category":0,"cybocfi_hide_featured_image":"","footnotes":""},"class_list":["post-2259","page","type-page","status-publish","hentry"],"uagb_featured_image_src":{"full":false,"thumbnail":false,"medium":false,"medium_large":false,"large":false,"1536x1536":false,"2048x2048":false,"hestia-blog":false},"uagb_author_info":{"display_name":"Universidad de las Artes","author_link":"https:\/\/www.uartes.edu.ec\/sitio\/encuentroilia\/author\/dircomadm\/"},"uagb_comment_info":0,"uagb_excerpt":"Artista visual, Licenciado en Artes Visuales por la Universidad de Cuenca, Premio IX Bienal Internacional de Cuenca. Con m\u00e1s de 15 a\u00f1os de trabajo en las artes, Ord\u00f3\u00f1ez se evidencia como un artista multifac\u00e9tico, comprometido con la investigaci\u00f3n y experimentaci\u00f3n formal y atado a su continua reinvenci\u00f3n como creador. En [&hellip;]","distributor_meta":false,"distributor_terms":false,"distributor_media":false,"distributor_original_site_name":"VIII Encuentro Internacional de Investigaci\u00f3n en Artes","distributor_original_site_url":"https:\/\/www.uartes.edu.ec\/sitio\/encuentroilia","push-errors":false,"_links":{"self":[{"href":"https:\/\/www.uartes.edu.ec\/sitio\/encuentroilia\/wp-json\/wp\/v2\/pages\/2259","targetHints":{"allow":["GET"]}}],"collection":[{"href":"https:\/\/www.uartes.edu.ec\/sitio\/encuentroilia\/wp-json\/wp\/v2\/pages"}],"about":[{"href":"https:\/\/www.uartes.edu.ec\/sitio\/encuentroilia\/wp-json\/wp\/v2\/types\/page"}],"author":[{"embeddable":true,"href":"https:\/\/www.uartes.edu.ec\/sitio\/encuentroilia\/wp-json\/wp\/v2\/users\/1"}],"replies":[{"embeddable":true,"href":"https:\/\/www.uartes.edu.ec\/sitio\/encuentroilia\/wp-json\/wp\/v2\/comments?post=2259"}],"version-history":[{"count":5,"href":"https:\/\/www.uartes.edu.ec\/sitio\/encuentroilia\/wp-json\/wp\/v2\/pages\/2259\/revisions"}],"predecessor-version":[{"id":2863,"href":"https:\/\/www.uartes.edu.ec\/sitio\/encuentroilia\/wp-json\/wp\/v2\/pages\/2259\/revisions\/2863"}],"up":[{"embeddable":true,"href":"https:\/\/www.uartes.edu.ec\/sitio\/encuentroilia\/wp-json\/wp\/v2\/pages\/2178"}],"wp:attachment":[{"href":"https:\/\/www.uartes.edu.ec\/sitio\/encuentroilia\/wp-json\/wp\/v2\/media?parent=2259"}],"curies":[{"name":"wp","href":"https:\/\/api.w.org\/{rel}","templated":true}]}}