{"id":2459,"date":"2021-09-02T14:09:06","date_gmt":"2021-09-02T19:09:06","guid":{"rendered":"http:\/\/www.uartes.edu.ec\/sitio\/encuentroilia\/?page_id=2459"},"modified":"2024-07-04T09:50:13","modified_gmt":"2024-07-04T14:50:13","slug":"agenda","status":"publish","type":"page","link":"http:\/\/www.uartes.edu.ec\/sitio\/encuentroilia\/agenda\/","title":{"rendered":"Agenda"},"content":{"rendered":"\t\t<div data-elementor-type=\"wp-page\" data-elementor-id=\"2459\" class=\"elementor elementor-2459\" data-elementor-post-type=\"page\">\n\t\t\t\t\t\t<section class=\"elementor-section elementor-top-section elementor-element elementor-element-db09c12 elementor-section-boxed elementor-section-height-default elementor-section-height-default\" data-id=\"db09c12\" data-element_type=\"section\" data-e-type=\"section\" data-settings=\"{&quot;background_background&quot;:&quot;classic&quot;}\">\n\t\t\t\t\t\t<div class=\"elementor-container elementor-column-gap-default\">\n\t\t\t\t\t<div class=\"elementor-column elementor-col-100 elementor-top-column elementor-element elementor-element-ac1397e\" data-id=\"ac1397e\" data-element_type=\"column\" data-e-type=\"column\">\n\t\t\t<div class=\"elementor-widget-wrap elementor-element-populated\">\n\t\t\t\t\t\t<section class=\"elementor-section elementor-inner-section elementor-element elementor-element-7ff4b87 elementor-section-boxed elementor-section-height-default elementor-section-height-default\" data-id=\"7ff4b87\" data-element_type=\"section\" data-e-type=\"section\">\n\t\t\t\t\t\t<div class=\"elementor-container elementor-column-gap-default\">\n\t\t\t\t\t<div class=\"elementor-column elementor-col-50 elementor-inner-column elementor-element elementor-element-560e656\" data-id=\"560e656\" data-element_type=\"column\" data-e-type=\"column\">\n\t\t\t<div class=\"elementor-widget-wrap\">\n\t\t\t\t\t\t\t<\/div>\n\t\t<\/div>\n\t\t\t\t<div class=\"elementor-column elementor-col-50 elementor-inner-column elementor-element elementor-element-c478e12\" data-id=\"c478e12\" data-element_type=\"column\" data-e-type=\"column\">\n\t\t\t<div class=\"elementor-widget-wrap elementor-element-populated\">\n\t\t\t\t\t\t<div class=\"elementor-element elementor-element-9606cd9 elementor-widget elementor-widget-image\" data-id=\"9606cd9\" data-element_type=\"widget\" data-e-type=\"widget\" data-widget_type=\"image.default\">\n\t\t\t\t\t\t\t\t\t\t\t\t\t\t\t<img loading=\"lazy\" decoding=\"async\" width=\"300\" height=\"169\" src=\"https:\/\/www.uartes.edu.ec\/sitio\/encuentroilia\/wp-content\/uploads\/sites\/5\/2020\/06\/LOGO-VI-ENCUENTRO-WEB.webp\" class=\"attachment-medium size-medium wp-image-2098\" alt=\"\" \/>\t\t\t\t\t\t\t\t\t\t\t\t\t\t\t<\/div>\n\t\t\t\t\t<\/div>\n\t\t<\/div>\n\t\t\t\t\t<\/div>\n\t\t<\/section>\n\t\t\t\t<div class=\"elementor-element elementor-element-fe36e11 elementor-widget elementor-widget-heading\" data-id=\"fe36e11\" data-element_type=\"widget\" data-e-type=\"widget\" data-widget_type=\"heading.default\">\n\t\t\t\t\t<h2 class=\"elementor-heading-title elementor-size-xxl\">Agenda<\/h2>\t\t\t\t<\/div>\n\t\t\t\t\t<\/div>\n\t\t<\/div>\n\t\t\t\t\t<\/div>\n\t\t<\/section>\n\t\t\t\t<section class=\"elementor-section elementor-top-section elementor-element elementor-element-487ee87 elementor-section-boxed elementor-section-height-default elementor-section-height-default\" data-id=\"487ee87\" data-element_type=\"section\" data-e-type=\"section\" data-settings=\"{&quot;background_background&quot;:&quot;classic&quot;}\">\n\t\t\t\t\t\t<div class=\"elementor-container elementor-column-gap-default\">\n\t\t\t\t\t<div class=\"elementor-column elementor-col-100 elementor-top-column elementor-element elementor-element-721980d\" data-id=\"721980d\" data-element_type=\"column\" data-e-type=\"column\">\n\t\t\t<div class=\"elementor-widget-wrap elementor-element-populated\">\n\t\t\t\t\t\t<div class=\"elementor-element elementor-element-39a3d83 elementor-tabs-alignment-center elementor-tabs-view-horizontal elementor-widget elementor-widget-tabs\" data-id=\"39a3d83\" data-element_type=\"widget\" data-e-type=\"widget\" data-widget_type=\"tabs.default\">\n\t\t\t\t\t\t\t<div class=\"elementor-tabs\">\n\t\t\t<div class=\"elementor-tabs-wrapper\" role=\"tablist\" >\n\t\t\t\t\t\t\t\t\t<div id=\"elementor-tab-title-6041\" class=\"elementor-tab-title elementor-tab-desktop-title\" aria-selected=\"true\" data-tab=\"1\" role=\"tab\" tabindex=\"0\" aria-controls=\"elementor-tab-content-6041\" aria-expanded=\"false\">Viernes 1<\/div>\n\t\t\t\t\t\t\t\t\t<div id=\"elementor-tab-title-6042\" class=\"elementor-tab-title elementor-tab-desktop-title\" aria-selected=\"false\" data-tab=\"2\" role=\"tab\" tabindex=\"-1\" aria-controls=\"elementor-tab-content-6042\" aria-expanded=\"false\">S\u00e1bado 2<\/div>\n\t\t\t\t\t\t\t\t\t<div id=\"elementor-tab-title-6043\" class=\"elementor-tab-title elementor-tab-desktop-title\" aria-selected=\"false\" data-tab=\"3\" role=\"tab\" tabindex=\"-1\" aria-controls=\"elementor-tab-content-6043\" aria-expanded=\"false\">Domingo 3<\/div>\n\t\t\t\t\t\t\t\t\t<div id=\"elementor-tab-title-6044\" class=\"elementor-tab-title elementor-tab-desktop-title\" aria-selected=\"false\" data-tab=\"4\" role=\"tab\" tabindex=\"-1\" aria-controls=\"elementor-tab-content-6044\" aria-expanded=\"false\">Lunes 4<\/div>\n\t\t\t\t\t\t\t\t\t<div id=\"elementor-tab-title-6045\" class=\"elementor-tab-title elementor-tab-desktop-title\" aria-selected=\"false\" data-tab=\"5\" role=\"tab\" tabindex=\"-1\" aria-controls=\"elementor-tab-content-6045\" aria-expanded=\"false\">Martes 5<\/div>\n\t\t\t\t\t\t\t\t\t<div id=\"elementor-tab-title-6046\" class=\"elementor-tab-title elementor-tab-desktop-title\" aria-selected=\"false\" data-tab=\"6\" role=\"tab\" tabindex=\"-1\" aria-controls=\"elementor-tab-content-6046\" aria-expanded=\"false\">Mi\u00e9rcoles 6<\/div>\n\t\t\t\t\t\t\t\t\t<div id=\"elementor-tab-title-6047\" class=\"elementor-tab-title elementor-tab-desktop-title\" aria-selected=\"false\" data-tab=\"7\" role=\"tab\" tabindex=\"-1\" aria-controls=\"elementor-tab-content-6047\" aria-expanded=\"false\">Jueves 7<\/div>\n\t\t\t\t\t\t\t<\/div>\n\t\t\t<div class=\"elementor-tabs-content-wrapper\" role=\"tablist\" aria-orientation=\"vertical\">\n\t\t\t\t\t\t\t\t\t<div class=\"elementor-tab-title elementor-tab-mobile-title\" aria-selected=\"true\" data-tab=\"1\" role=\"tab\" tabindex=\"0\" aria-controls=\"elementor-tab-content-6041\" aria-expanded=\"false\">Viernes 1<\/div>\n\t\t\t\t\t<div id=\"elementor-tab-content-6041\" class=\"elementor-tab-content elementor-clearfix\" data-tab=\"1\" role=\"tabpanel\" aria-labelledby=\"elementor-tab-title-6041\" tabindex=\"0\" hidden=\"false\"><p><img loading=\"lazy\" decoding=\"async\" src=\"http:\/\/www.uartes.edu.ec\/sitio\/encuentroilia\/wp-content\/uploads\/sites\/5\/2021\/09\/AGENDA-GENERAL_Page_1.webp\" alt=\"\" width=\"2000\" height=\"2566\" class=\"aligncenter wp-image-3323 size-full\" \/><\/p><h4 style=\"text-align: center;\"><a href=\"https:\/\/forms.gle\/WpGfgWDG75hrrMe59\">Inscr\u00edbete<\/a><\/h4><\/div>\n\t\t\t\t\t\t\t\t\t<div class=\"elementor-tab-title elementor-tab-mobile-title\" aria-selected=\"false\" data-tab=\"2\" role=\"tab\" tabindex=\"-1\" aria-controls=\"elementor-tab-content-6042\" aria-expanded=\"false\">S\u00e1bado 2<\/div>\n\t\t\t\t\t<div id=\"elementor-tab-content-6042\" class=\"elementor-tab-content elementor-clearfix\" data-tab=\"2\" role=\"tabpanel\" aria-labelledby=\"elementor-tab-title-6042\" tabindex=\"0\" hidden=\"hidden\"><p><img loading=\"lazy\" decoding=\"async\" src=\"http:\/\/www.uartes.edu.ec\/sitio\/encuentroilia\/wp-content\/uploads\/sites\/5\/2021\/09\/AGENDA-GENERAL_Page_2.webp\" alt=\"\" width=\"2000\" height=\"2566\" class=\"aligncenter wp-image-3324 size-full\" \/><\/p><h4 style=\"text-align: center;\"><a href=\"https:\/\/forms.gle\/GEHHrPY3o3VTcaEq6\">Inscr\u00edbete<\/a><\/h4><\/div>\n\t\t\t\t\t\t\t\t\t<div class=\"elementor-tab-title elementor-tab-mobile-title\" aria-selected=\"false\" data-tab=\"3\" role=\"tab\" tabindex=\"-1\" aria-controls=\"elementor-tab-content-6043\" aria-expanded=\"false\">Domingo 3<\/div>\n\t\t\t\t\t<div id=\"elementor-tab-content-6043\" class=\"elementor-tab-content elementor-clearfix\" data-tab=\"3\" role=\"tabpanel\" aria-labelledby=\"elementor-tab-title-6043\" tabindex=\"0\" hidden=\"hidden\"><p><img loading=\"lazy\" decoding=\"async\" src=\"http:\/\/www.uartes.edu.ec\/sitio\/encuentroilia\/wp-content\/uploads\/sites\/5\/2021\/09\/AGENDA-GENERAL_Page_3.webp\" alt=\"\" width=\"2000\" height=\"2566\" class=\"aligncenter wp-image-3325 size-full\" \/><\/p><h4 style=\"text-align: center;\"><a href=\"https:\/\/forms.gle\/cfs7wp5r3aqLe6Vp6\">Inscr\u00edbete<\/a><\/h4><\/div>\n\t\t\t\t\t\t\t\t\t<div class=\"elementor-tab-title elementor-tab-mobile-title\" aria-selected=\"false\" data-tab=\"4\" role=\"tab\" tabindex=\"-1\" aria-controls=\"elementor-tab-content-6044\" aria-expanded=\"false\">Lunes 4<\/div>\n\t\t\t\t\t<div id=\"elementor-tab-content-6044\" class=\"elementor-tab-content elementor-clearfix\" data-tab=\"4\" role=\"tabpanel\" aria-labelledby=\"elementor-tab-title-6044\" tabindex=\"0\" hidden=\"hidden\"><p><img loading=\"lazy\" decoding=\"async\" src=\"http:\/\/www.uartes.edu.ec\/sitio\/encuentroilia\/wp-content\/uploads\/sites\/5\/2021\/09\/AGENDA-GENERAL_Page_4.webp\" alt=\"\" width=\"2000\" height=\"2566\" class=\"aligncenter wp-image-3327 size-full\" \/><\/p><h4 style=\"text-align: center;\"><a href=\"https:\/\/forms.gle\/X4123B9r42fT4VcZ6\">Inscr\u00edbete<\/a><\/h4><h4 style=\"text-align: center;\"><\/h4><\/div>\n\t\t\t\t\t\t\t\t\t<div class=\"elementor-tab-title elementor-tab-mobile-title\" aria-selected=\"false\" data-tab=\"5\" role=\"tab\" tabindex=\"-1\" aria-controls=\"elementor-tab-content-6045\" aria-expanded=\"false\">Martes 5<\/div>\n\t\t\t\t\t<div id=\"elementor-tab-content-6045\" class=\"elementor-tab-content elementor-clearfix\" data-tab=\"5\" role=\"tabpanel\" aria-labelledby=\"elementor-tab-title-6045\" tabindex=\"0\" hidden=\"hidden\"><p><img loading=\"lazy\" decoding=\"async\" src=\"http:\/\/www.uartes.edu.ec\/sitio\/encuentroilia\/wp-content\/uploads\/sites\/5\/2021\/09\/AGENDA-GENERAL_Page_5.webp\" alt=\"\" width=\"2000\" height=\"2566\" class=\"aligncenter wp-image-3328 size-full\" \/><\/p><h4 style=\"text-align: center;\"><a href=\"https:\/\/forms.gle\/EDy8xjVj5j5xsjzy9\">Inscr\u00edbete<\/a><\/h4><\/div>\n\t\t\t\t\t\t\t\t\t<div class=\"elementor-tab-title elementor-tab-mobile-title\" aria-selected=\"false\" data-tab=\"6\" role=\"tab\" tabindex=\"-1\" aria-controls=\"elementor-tab-content-6046\" aria-expanded=\"false\">Mi\u00e9rcoles 6<\/div>\n\t\t\t\t\t<div id=\"elementor-tab-content-6046\" class=\"elementor-tab-content elementor-clearfix\" data-tab=\"6\" role=\"tabpanel\" aria-labelledby=\"elementor-tab-title-6046\" tabindex=\"0\" hidden=\"hidden\"><p><img loading=\"lazy\" decoding=\"async\" src=\"http:\/\/www.uartes.edu.ec\/sitio\/encuentroilia\/wp-content\/uploads\/sites\/5\/2021\/09\/AGENDA-GENERAL_Page_6.webp\" alt=\"\" width=\"2000\" height=\"2566\" class=\"aligncenter wp-image-3329 size-full\" \/><\/p><h4 style=\"text-align: center;\"><a href=\"https:\/\/forms.gle\/kxh2gTEUsEpcK2bz8\">Inscr\u00edbete<\/a><\/h4><\/div>\n\t\t\t\t\t\t\t\t\t<div class=\"elementor-tab-title elementor-tab-mobile-title\" aria-selected=\"false\" data-tab=\"7\" role=\"tab\" tabindex=\"-1\" aria-controls=\"elementor-tab-content-6047\" aria-expanded=\"false\">Jueves 7<\/div>\n\t\t\t\t\t<div id=\"elementor-tab-content-6047\" class=\"elementor-tab-content elementor-clearfix\" data-tab=\"7\" role=\"tabpanel\" aria-labelledby=\"elementor-tab-title-6047\" tabindex=\"0\" hidden=\"hidden\"><p><a href=\"http:\/\/www.uartes.edu.ec\/sitio\/encuentroilia\/wp-content\/uploads\/sites\/5\/2021\/09\/AGENDA-GENERAL_Page_7.webp\"><img loading=\"lazy\" decoding=\"async\" src=\"http:\/\/www.uartes.edu.ec\/sitio\/encuentroilia\/wp-content\/uploads\/sites\/5\/2021\/09\/AGENDA-GENERAL_Page_7.webp\" alt=\"\" width=\"2000\" height=\"2566\" class=\"aligncenter wp-image-3330 size-full\" \/><\/a><\/p><h4 style=\"text-align: center;\"><a href=\"https:\/\/forms.gle\/VYTNCnDFgnKAMPFMA\">Inscr\u00edbete<\/a><\/h4><\/div>\n\t\t\t\t\t\t\t<\/div>\n\t\t<\/div>\n\t\t\t\t\t\t<\/div>\n\t\t\t\t<div class=\"elementor-element elementor-element-a52af8b elementor-align-center elementor-hidden-desktop elementor-hidden-tablet elementor-hidden-phone elementor-widget elementor-widget-button\" data-id=\"a52af8b\" data-element_type=\"widget\" data-e-type=\"widget\" data-widget_type=\"button.default\">\n\t\t\t\t\t\t\t\t\t\t<a class=\"elementor-button elementor-button-link elementor-size-xl\" href=\"http:\/\/www.uartes.edu.ec\/sitio\/download\/agenda-ilia-2021\/?wpdmdl=15894&#038;masterkey=61317f28cf853\">\n\t\t\t\t\t\t<span class=\"elementor-button-content-wrapper\">\n\t\t\t\t\t\t\t\t\t<span class=\"elementor-button-text\">Descarga la Agenda completa<\/span>\n\t\t\t\t\t<\/span>\n\t\t\t\t\t<\/a>\n\t\t\t\t\t\t\t\t<\/div>\n\t\t\t\t\t<\/div>\n\t\t<\/div>\n\t\t\t\t\t<\/div>\n\t\t<\/section>\n\t\t\t\t<\/div>\n\t\t","protected":false},"excerpt":{"rendered":"<p>La programaci\u00f3n se complement\u00f3 con las propuestas acad\u00e9micas y art\u00edsticas recibidas por las 5 escuelas de la Universidad de las Artes y por otras generosas contribuciones de investigadores y artistas invitados.<br \/>\nEn esta edici\u00f3n merece una menci\u00f3n especial la propuesta del Encuentro Universos Sonoros de la Escuela de Artes Sonoras de la Universidad de las Artes, mediante la cual se evidencia el trabajo multidisciplinar que la Universidad ha llevado a cabo desde su creaci\u00f3n.<\/p>\n<p>As\u00ed, les invitamos a participar de forma presencial o virtual en este encuentro que podr\u00e1 llevarse a cabo gracias a la presencia y apoyo de la colectividad.<\/p>\n","protected":false},"author":1,"featured_media":2095,"parent":2091,"menu_order":2,"comment_status":"closed","ping_status":"closed","template":"page-templates\/template-pagebuilder-full-width.php","meta":{"_uag_custom_page_level_css":"","_monsterinsights_skip_tracking":false,"_monsterinsights_sitenote_active":false,"_monsterinsights_sitenote_note":"","_monsterinsights_sitenote_category":0,"cybocfi_hide_featured_image":"","footnotes":""},"class_list":["post-2459","page","type-page","status-publish","has-post-thumbnail","hentry"],"uagb_featured_image_src":{"full":["https:\/\/www.uartes.edu.ec\/sitio\/encuentroilia\/wp-content\/uploads\/sites\/5\/2020\/06\/CUADROS-ILIA-WEB.webp",1920,1080,false],"thumbnail":["https:\/\/www.uartes.edu.ec\/sitio\/encuentroilia\/wp-content\/uploads\/sites\/5\/2020\/06\/CUADROS-ILIA-WEB.webp",150,84,false],"medium":["https:\/\/www.uartes.edu.ec\/sitio\/encuentroilia\/wp-content\/uploads\/sites\/5\/2020\/06\/CUADROS-ILIA-WEB.webp",300,169,false],"medium_large":["https:\/\/www.uartes.edu.ec\/sitio\/encuentroilia\/wp-content\/uploads\/sites\/5\/2020\/06\/CUADROS-ILIA-WEB.webp",750,422,false],"large":["https:\/\/www.uartes.edu.ec\/sitio\/encuentroilia\/wp-content\/uploads\/sites\/5\/2020\/06\/CUADROS-ILIA-WEB.webp",750,422,false],"1536x1536":["https:\/\/www.uartes.edu.ec\/sitio\/encuentroilia\/wp-content\/uploads\/sites\/5\/2020\/06\/CUADROS-ILIA-WEB.webp",1536,864,false],"2048x2048":["https:\/\/www.uartes.edu.ec\/sitio\/encuentroilia\/wp-content\/uploads\/sites\/5\/2020\/06\/CUADROS-ILIA-WEB.webp",1920,1080,false],"hestia-blog":["https:\/\/www.uartes.edu.ec\/sitio\/encuentroilia\/wp-content\/uploads\/sites\/5\/2020\/06\/CUADROS-ILIA-WEB.webp",360,203,false]},"uagb_author_info":{"display_name":"Universidad de las Artes","author_link":"https:\/\/www.uartes.edu.ec\/sitio\/encuentroilia\/author\/dircomadm\/"},"uagb_comment_info":0,"uagb_excerpt":"La programaci\u00f3n se complement\u00f3 con las propuestas acad\u00e9micas y art\u00edsticas recibidas por las 5 escuelas de la Universidad de las Artes y por otras generosas contribuciones de investigadores y artistas invitados. En esta edici\u00f3n merece una menci\u00f3n especial la propuesta del Encuentro Universos Sonoros de la Escuela de Artes Sonoras de la Universidad de las&hellip;","distributor_meta":false,"distributor_terms":false,"distributor_media":false,"distributor_original_site_name":"VIII Encuentro Internacional de Investigaci\u00f3n en Artes","distributor_original_site_url":"https:\/\/www.uartes.edu.ec\/sitio\/encuentroilia","push-errors":false,"_links":{"self":[{"href":"https:\/\/www.uartes.edu.ec\/sitio\/encuentroilia\/wp-json\/wp\/v2\/pages\/2459","targetHints":{"allow":["GET"]}}],"collection":[{"href":"https:\/\/www.uartes.edu.ec\/sitio\/encuentroilia\/wp-json\/wp\/v2\/pages"}],"about":[{"href":"https:\/\/www.uartes.edu.ec\/sitio\/encuentroilia\/wp-json\/wp\/v2\/types\/page"}],"author":[{"embeddable":true,"href":"https:\/\/www.uartes.edu.ec\/sitio\/encuentroilia\/wp-json\/wp\/v2\/users\/1"}],"replies":[{"embeddable":true,"href":"https:\/\/www.uartes.edu.ec\/sitio\/encuentroilia\/wp-json\/wp\/v2\/comments?post=2459"}],"version-history":[{"count":77,"href":"https:\/\/www.uartes.edu.ec\/sitio\/encuentroilia\/wp-json\/wp\/v2\/pages\/2459\/revisions"}],"predecessor-version":[{"id":3333,"href":"https:\/\/www.uartes.edu.ec\/sitio\/encuentroilia\/wp-json\/wp\/v2\/pages\/2459\/revisions\/3333"}],"up":[{"embeddable":true,"href":"https:\/\/www.uartes.edu.ec\/sitio\/encuentroilia\/wp-json\/wp\/v2\/pages\/2091"}],"wp:featuredmedia":[{"embeddable":true,"href":"https:\/\/www.uartes.edu.ec\/sitio\/encuentroilia\/wp-json\/wp\/v2\/media\/2095"}],"wp:attachment":[{"href":"https:\/\/www.uartes.edu.ec\/sitio\/encuentroilia\/wp-json\/wp\/v2\/media?parent=2459"}],"curies":[{"name":"wp","href":"https:\/\/api.w.org\/{rel}","templated":true}]}}