{"id":2714,"date":"2021-09-03T14:33:22","date_gmt":"2021-09-03T19:33:22","guid":{"rendered":"http:\/\/www.uartes.edu.ec\/sitio\/encuentroilia\/encuentro-2021\/invitados\/daniel-vallejo\/"},"modified":"2024-07-04T09:50:12","modified_gmt":"2024-07-04T14:50:12","slug":"daniel-vallejo","status":"publish","type":"page","link":"http:\/\/www.uartes.edu.ec\/sitio\/encuentroilia\/encuentro-2021\/invitados\/daniel-vallejo\/","title":{"rendered":"Daniel Vallejo"},"content":{"rendered":"\n<div class=\"wp-block-image\"><figure class=\"alignright size-full is-resized\"><img loading=\"lazy\" decoding=\"async\" src=\"http:\/\/www.uartes.edu.ec\/sitio\/encuentroilia\/wp-content\/uploads\/sites\/5\/2021\/09\/Daniel-Vallejo.webp\" alt=\"\" class=\"wp-image-2651\" width=\"250\" height=\"250\"\/><\/figure><\/div>\n\n\n\n<p>M\u00fasico Quite\u00f1o que ha trabajado en varios proyectos de la escena local independiente, colabor\u00f3 en varios discos del proyecto solista de Igor Icaza y siempre experimentando junto a varios m\u00fasicos los sonidos del world music , jazz y rock progresivo.<\/p>\n","protected":false},"excerpt":{"rendered":"<p>M\u00fasico Quite\u00f1o que ha trabajado en varios proyectos de la escena local independiente, colabor\u00f3 en varios discos del proyecto solista de Igor Icaza y siempre experimentando junto a varios m\u00fasicos los sonidos del world music , jazz y rock progresivo.<\/p>\n","protected":false},"author":1,"featured_media":0,"parent":2178,"menu_order":30,"comment_status":"closed","ping_status":"closed","template":"","meta":{"_uag_custom_page_level_css":"","_monsterinsights_skip_tracking":false,"_monsterinsights_sitenote_active":false,"_monsterinsights_sitenote_note":"","_monsterinsights_sitenote_category":0,"cybocfi_hide_featured_image":"","footnotes":""},"class_list":["post-2714","page","type-page","status-publish","hentry"],"uagb_featured_image_src":{"full":false,"thumbnail":false,"medium":false,"medium_large":false,"large":false,"1536x1536":false,"2048x2048":false,"hestia-blog":false},"uagb_author_info":{"display_name":"Universidad de las Artes","author_link":"https:\/\/www.uartes.edu.ec\/sitio\/encuentroilia\/author\/dircomadm\/"},"uagb_comment_info":0,"uagb_excerpt":"M\u00fasico Quite\u00f1o que ha trabajado en varios proyectos de la escena local independiente, colabor\u00f3 en varios discos del proyecto solista de Igor Icaza y siempre experimentando junto a varios m\u00fasicos los sonidos del world music , jazz y rock progresivo.","distributor_meta":false,"distributor_terms":false,"distributor_media":false,"distributor_original_site_name":"VIII Encuentro Internacional de Investigaci\u00f3n en Artes","distributor_original_site_url":"https:\/\/www.uartes.edu.ec\/sitio\/encuentroilia","push-errors":false,"_links":{"self":[{"href":"https:\/\/www.uartes.edu.ec\/sitio\/encuentroilia\/wp-json\/wp\/v2\/pages\/2714","targetHints":{"allow":["GET"]}}],"collection":[{"href":"https:\/\/www.uartes.edu.ec\/sitio\/encuentroilia\/wp-json\/wp\/v2\/pages"}],"about":[{"href":"https:\/\/www.uartes.edu.ec\/sitio\/encuentroilia\/wp-json\/wp\/v2\/types\/page"}],"author":[{"embeddable":true,"href":"https:\/\/www.uartes.edu.ec\/sitio\/encuentroilia\/wp-json\/wp\/v2\/users\/1"}],"replies":[{"embeddable":true,"href":"https:\/\/www.uartes.edu.ec\/sitio\/encuentroilia\/wp-json\/wp\/v2\/comments?post=2714"}],"version-history":[{"count":2,"href":"https:\/\/www.uartes.edu.ec\/sitio\/encuentroilia\/wp-json\/wp\/v2\/pages\/2714\/revisions"}],"predecessor-version":[{"id":2763,"href":"https:\/\/www.uartes.edu.ec\/sitio\/encuentroilia\/wp-json\/wp\/v2\/pages\/2714\/revisions\/2763"}],"up":[{"embeddable":true,"href":"https:\/\/www.uartes.edu.ec\/sitio\/encuentroilia\/wp-json\/wp\/v2\/pages\/2178"}],"wp:attachment":[{"href":"https:\/\/www.uartes.edu.ec\/sitio\/encuentroilia\/wp-json\/wp\/v2\/media?parent=2714"}],"curies":[{"name":"wp","href":"https:\/\/api.w.org\/{rel}","templated":true}]}}