{"id":109,"date":"2016-09-06T15:49:08","date_gmt":"2016-09-06T20:49:08","guid":{"rendered":"http:\/\/www.uartes.edu.ec\/fueradecampo\/?page_id=109"},"modified":"2016-09-06T15:49:08","modified_gmt":"2016-09-06T20:49:08","slug":"declaracion-etica-mala-praxis-la-publicacion","status":"publish","type":"page","link":"https:\/\/www.uartes.edu.ec\/sitio\/fueradecampo\/declaracion-etica-mala-praxis-la-publicacion\/","title":{"rendered":"Declaraci\u00f3n de \u00c9tica y Mala Praxis en la Publicaci\u00f3n"},"content":{"rendered":"<p><em>Fuera de Campo. Revista de Cine<\/em> se adhiere al C\u00f3digo de Conducta del Committee on Publication Ethics tal como fue establecido en la 2<sup>nd<\/sup> World Conference on Research Integrity realizado en Singapur en el a\u00f1o 2010<a href=\"#_ftn1\" name=\"_ftnref1\">[1]<\/a>. En <em>Fuera de Campo<\/em> estamos comprometidos con garantizar un comportamiento \u00e9tico y transparente en la selecci\u00f3n y publicaci\u00f3n de los art\u00edculos as\u00ed como la calidad de los textos incluidos en cada n\u00famero.<\/p>\n<ol>\n<li>Los editores har\u00e1n lo posible por garantizar que se publique solo el material de m\u00e1s alta calidad.<\/li>\n<li>La aceptaci\u00f3n o rechazo de un art\u00edculo solo debe atender a importancia, originalidad y claridad del escrito as\u00ed como a la relevancia con respecto al tema de la revista.<\/li>\n<li>El proceso de arbitraje est\u00e1 claramente indicado en el Llamado para art\u00edculos incluido en cada n\u00famero y en su p\u00e1gina web.<\/li>\n<li>Fuera de Campo tiene un sistema de apelaciones claramente identificado en el Llamado para Art\u00edculos incluido en cada n\u00famero.<\/li>\n<li>El editor indicar\u00e1 a los \u00e1rbitros cu\u00e1les son los criterios para aceptar o rechazar un art\u00edculo.<\/li>\n<li>La identidad de los \u00e1rbitros ser\u00e1 siempre protegida y bajo ninguna circunstancia se puede revelar su identidad.<\/li>\n<li>El Editor garantizar\u00e1 que los \u00e1rbitros no conocen la identidad o afiliaci\u00f3n de los autores sometidos a arbitraje.<\/li>\n<li>En caso de que exista sospecha de plagio o publicaciones duplicadas se actuar\u00e1 usando como gu\u00eda los flujogramas dise\u00f1ados por el Committee on Publication Ethics<a href=\"#_ftn2\" name=\"_ftnref2\">[2]<\/a>.<\/li>\n<li><em>Fuera de Campo<\/em> publicar\u00e1 las respuestas a art\u00edculos que los lectores env\u00eden a la revista siempre y cuando estas sean de una calidad acorde con el nivel de la revista. En todo caso, el autor siempre debe tener la oportunidad de responder a las cr\u00edticas.<\/li>\n<li>Los Editores est\u00e1n en la obligaci\u00f3n de actuar en caso de sospechar que se ha incurrido en mala praxis.<\/li>\n<li>Cualquier caso de un art\u00edculo recibido sobre el que se sospeche mala praxis (plagio, manipulaci\u00f3n de los datos, etc) ser\u00e1 llevado hasta sus \u00faltimas consecuencias legales.<\/li>\n<li>El Editor est\u00e1 en la obligaci\u00f3n de verificar que no haya ning\u00fan conflicto de intereses ya sea en los arbitrajes o en los resultados.<\/li>\n<li>Esta lista es tan solo un resumen de los aspectos m\u00e1s importantes de nuestro compromiso con la transparencia. Para m\u00e1s detalles por favor lea el C\u00f3digo de Conducta del Committee on Publication Ethics.<\/li>\n<\/ol>\n<p><a href=\"#_ftnref1\" name=\"_ftn1\">[1]<\/a>\u00a0<a href=\"http:\/\/publicationethics.org\/files\/Code_of_conduct_for_journal_editors_Mar11.pdf\">http:\/\/publicationethics.org\/files\/Code_of_conduct_for_journal_editors_Mar11.pdf<\/a><br \/>\n<a href=\"#_ftnref2\" name=\"_ftn2\">[2]<\/a>\u00a0<a href=\"http:\/\/publicationethics.org\/resources\/flowcharts\">http:\/\/publicationethics.org\/resources\/flowcharts<\/a><\/p>\n","protected":false},"excerpt":{"rendered":"<p>Fuera de Campo. Revista de Cine se adhiere al C\u00f3digo de Conducta del Committee on Publication Ethics tal como fue establecido en la 2nd World Conference on Research Integrity realizado en Singapur en el a\u00f1o 2010[1]. En Fuera de Campo <a class=\"more-link\" href=\"https:\/\/www.uartes.edu.ec\/sitio\/fueradecampo\/declaracion-etica-mala-praxis-la-publicacion\/\">Seguir leyendo <span class=\"screen-reader-text\">  Declaraci\u00f3n de \u00c9tica y Mala Praxis en la Publicaci\u00f3n<\/span><span class=\"meta-nav\">&rarr;<\/span><\/a><\/p>\n","protected":false},"author":1,"featured_media":0,"parent":0,"menu_order":0,"comment_status":"closed","ping_status":"closed","template":"","meta":{"_uag_custom_page_level_css":"","_monsterinsights_skip_tracking":false,"_monsterinsights_sitenote_active":false,"_monsterinsights_sitenote_note":"","_monsterinsights_sitenote_category":0,"cybocfi_hide_featured_image":"","footnotes":""},"class_list":["post-109","page","type-page","status-publish","hentry"],"uagb_featured_image_src":{"full":false,"thumbnail":false,"medium":false,"medium_large":false,"large":false,"1536x1536":false,"2048x2048":false,"featured-slider-larger":false,"featured-slider":false,"sow-carousel-default":false},"uagb_author_info":{"display_name":"Universidad de las Artes","author_link":"https:\/\/www.uartes.edu.ec\/sitio\/fueradecampo\/author\/dircomadm\/"},"uagb_comment_info":0,"uagb_excerpt":"Fuera de Campo. Revista de Cine se adhiere al C\u00f3digo de Conducta del Committee on Publication Ethics tal como fue establecido en la 2nd World Conference on Research Integrity realizado en Singapur en el a\u00f1o 2010[1]. En Fuera de Campo Seguir leyendo Declaraci\u00f3n de \u00c9tica y Mala Praxis en la Publicaci\u00f3n&rarr;","distributor_meta":false,"distributor_terms":false,"distributor_media":false,"distributor_original_site_name":"Fuera de campo","distributor_original_site_url":"https:\/\/www.uartes.edu.ec\/sitio\/fueradecampo","push-errors":false,"_links":{"self":[{"href":"https:\/\/www.uartes.edu.ec\/sitio\/fueradecampo\/wp-json\/wp\/v2\/pages\/109","targetHints":{"allow":["GET"]}}],"collection":[{"href":"https:\/\/www.uartes.edu.ec\/sitio\/fueradecampo\/wp-json\/wp\/v2\/pages"}],"about":[{"href":"https:\/\/www.uartes.edu.ec\/sitio\/fueradecampo\/wp-json\/wp\/v2\/types\/page"}],"author":[{"embeddable":true,"href":"https:\/\/www.uartes.edu.ec\/sitio\/fueradecampo\/wp-json\/wp\/v2\/users\/1"}],"replies":[{"embeddable":true,"href":"https:\/\/www.uartes.edu.ec\/sitio\/fueradecampo\/wp-json\/wp\/v2\/comments?post=109"}],"version-history":[{"count":0,"href":"https:\/\/www.uartes.edu.ec\/sitio\/fueradecampo\/wp-json\/wp\/v2\/pages\/109\/revisions"}],"wp:attachment":[{"href":"https:\/\/www.uartes.edu.ec\/sitio\/fueradecampo\/wp-json\/wp\/v2\/media?parent=109"}],"curies":[{"name":"wp","href":"https:\/\/api.w.org\/{rel}","templated":true}]}}