{"id":521,"date":"2020-07-29T16:23:56","date_gmt":"2020-07-29T21:23:56","guid":{"rendered":"http:\/\/www.uartes.edu.ec\/fueradecampo\/?page_id=521"},"modified":"2020-07-29T16:23:56","modified_gmt":"2020-07-29T21:23:56","slug":"politicas-preservacion-digital-la-revista-campo","status":"publish","type":"page","link":"https:\/\/www.uartes.edu.ec\/sitio\/fueradecampo\/politicas-preservacion-digital-la-revista-campo\/","title":{"rendered":"Pol\u00edticas de Preservaci\u00f3n Digital de la revista Fuera de Campo"},"content":{"rendered":"<p>La Universidad de las Artes<strong>, a trav\u00e9s de sus medios de preservaci\u00f3n digital<\/strong> asegura el contenido intelectual de los documentos electr\u00f3nicos de archivo, por largos periodos de tiempo, manteniendo sus atributos como integridad, autenticidad, inalterabilidad, originalidad, fiabilidad y accesibilidad.<\/p>\n<h3><strong>Diferencias entre preservaci\u00f3n y copias de seguridad<\/strong><\/h3>\n<p>Debe entenderse que la preservaci\u00f3n digital es diferente de las copias seguridad. No es lo mismo lo que se ha de preservar que lo que se ha de guardar como copia de seguridad.<\/p>\n<p>Las\u00a0<strong>copias de seguridad<\/strong>\u00a0son una protecci\u00f3n contra eventos catastr\u00f3ficos (rotura de un disco o p\u00e9rdida de datos por apagones, por ejemplo). Lo que se guarda como copia de seguridad en una biblioteca digital son, b\u00e1sicamente, dos cosas: por un lado, la informaci\u00f3n publicada en el servidor (recursos digitales m\u00e1s informaci\u00f3n de cat\u00e1logo) y, por otro lado, los recursos digitales en proceso de edici\u00f3n.<\/p>\n<p>La\u00a0<strong>preservaci\u00f3n digital<\/strong>\u00a0sin embargo, no se ocupa de respaldar ni los datos del servidor ni el material de trabajo diario, sino de salvaguardar los recursos digitales de alta calidad que necesitaremos en el futuro, creando una biblioteca de acceso p\u00fablico con formatos generados autom\u00e1ticamente.<\/p>\n<p>Las\u00a0<strong>copias de seguridad<\/strong>\u00a0pueden seguir diversos m\u00e9todos conocidos: copia integral, copia incremental o copias rotativas, por ejemplo, y la periodicidad generalmente es alta (diaria o semanal).<\/p>\n<p>En el caso de las\u00a0<strong>copias de preservaci\u00f3n,<\/strong>\u00a0por el contrario, el m\u00e9todo suele ser la grabaci\u00f3n integral del material una vez y el copiado del mismo una vez al a\u00f1o o cada a\u00f1o y medio en otro soporte nuevo (rejuvenecimiento).<\/p>\n<p><strong><em>*En ambos casos, se utilizan mecanismos de control de la integridad de los datos al momento de hacer las copias, mediante algoritmos de redundancia que verifican que los datos se mantienen tal como han sido grabados.<\/em><\/strong><\/p>\n<h3><strong>Definici\u00f3n de las pol\u00edticas de preservaci\u00f3n<\/strong><\/h3>\n<p>Se debe establecer la preservaci\u00f3n digital como una responsabilidad institucional y un compromiso de todo el personal. La <strong>Universidad de las Artes<\/strong>, cumple con las siguientes preguntas planteadas: \u00bfQu\u00e9 guardar y porqu\u00e9 guardarlo?; \u00bfD\u00f3nde guardarlo?; \u00bfHasta cu\u00e1ndo guardarlo?; \u00bfC\u00f3mo encontrarlo despu\u00e9s?; \u00bfC\u00f3mo hacer que se mantenga inalterado?; y \u00bfC\u00f3mo evitar que se vuelva obsoleto?<\/p>\n<p style=\"text-align: center\"><strong><em>\u201cSe deben crear colecciones digitales con un valor duradero\u201d<\/em><\/strong><\/p>\n<p><strong>Algunas de las posibles causas de los defectos en la informaci\u00f3n digital o p\u00e9rdida de datos son:\u00a0<\/strong>errores de gesti\u00f3n y negligencia, fallos t\u00e9cnicos y mec\u00e1nicos, errores del operador, virus, cambios no autorizados y no documentados, obsolescencia o incompatibilidad del software, p\u00e9rdida de programas, metadatos incompletos, envejecimiento de la informaci\u00f3n.<\/p>\n<h3><strong>Procedimientos de preservaci\u00f3n<\/strong><\/h3>\n<p>La <strong>Universidad de las Artes<\/strong>, en cumplimiento de las Pol\u00edticas de preservaci\u00f3n se rige por los siguientes procedimientos implementados:<\/p>\n<ul>\n<li>El\u00a0<strong>almacenamiento<\/strong>\u00a0de los recursos digitales con sumo cuidado.<\/li>\n<li>Las\u00a0<strong>evaluaciones en el uso de estrategias de preservaci\u00f3n<\/strong>\u00a0tales como el rejuvenecimiento de los datos, verificaciones de consistencia de datos, la migraci\u00f3n, emulaci\u00f3n, preservaci\u00f3n de la tecnolog\u00eda y arqueolog\u00eda digital.<\/li>\n<li>El\u00a0<strong>encapsulado<\/strong>\u00a0de la informaci\u00f3n a ser preservada junto con metadatos descriptivos.<\/li>\n<li>La<strong>\u00a0autodocumentaci\u00f3n,<\/strong>\u00a0entendiendo y codificando la informaci\u00f3n preservada sin referencia a documentaci\u00f3n externa.<\/li>\n<li>La\u00a0<strong>autosuficiencia,<\/strong>\u00a0minimizando las dependencias de sistemas, datos o documentaci\u00f3n.<\/li>\n<li>Y la\u00a0<strong>documentaci\u00f3n del tipo de contenido,<\/strong>\u00a0con miras hacia un futuro usuario para encontrar o implementar software que permita ver la informaci\u00f3n preservada.<\/li>\n<\/ul>\n<p>En S\u00ed, la <strong>Universidad de las Artes<\/strong>, ha incluido una pol\u00edtica que se basa en almacenar la informaci\u00f3n en formatos que sean ampliamente usados hoy en d\u00eda. (Esto aumenta la probabilidad de que cuando un formato se vuelva obsoleto a\u00fan existan programas para su conversi\u00f3n: XML, HTML y PDF son ejemplos de estos).<\/p>\n<p><img fetchpriority=\"high\" decoding=\"async\" class=\"size-full wp-image-522 aligncenter\" src=\"http:\/\/www.uartes.edu.ec\/sitio\/fueradecampo\/wp-content\/uploads\/sites\/36\/2020\/07\/preservacion.jpg\" alt=\"preservacion\" width=\"400\" height=\"282\" srcset=\"https:\/\/www.uartes.edu.ec\/sitio\/fueradecampo\/wp-content\/uploads\/sites\/36\/2020\/07\/preservacion.jpg 400w, https:\/\/www.uartes.edu.ec\/sitio\/fueradecampo\/wp-content\/uploads\/sites\/36\/2020\/07\/preservacion-300x212.jpg 300w\" sizes=\"(max-width: 400px) 100vw, 400px\" \/><\/p>\n<p><strong><em>*No tiene sentido tener algo almacenado si no podemos encontrarlo, o si ni siquiera sabemos que lo tenemos. El objetivo no es s\u00f3lo preservar la informaci\u00f3n digital, sino tener un eficiente sistema de b\u00fasqueda y recuperaci\u00f3n.<\/em><\/strong><\/p>\n","protected":false},"excerpt":{"rendered":"<p>La Universidad de las Artes, a trav\u00e9s de sus medios de preservaci\u00f3n digital asegura el contenido intelectual de los documentos electr\u00f3nicos de archivo, por largos periodos de tiempo, manteniendo sus atributos como integridad, autenticidad, inalterabilidad, originalidad, fiabilidad y accesibilidad. Diferencias <a class=\"more-link\" href=\"https:\/\/www.uartes.edu.ec\/sitio\/fueradecampo\/politicas-preservacion-digital-la-revista-campo\/\">Seguir leyendo <span class=\"screen-reader-text\">  Pol\u00edticas de Preservaci\u00f3n Digital de la revista Fuera de Campo<\/span><span class=\"meta-nav\">&rarr;<\/span><\/a><\/p>\n","protected":false},"author":1,"featured_media":0,"parent":0,"menu_order":0,"comment_status":"closed","ping_status":"closed","template":"","meta":{"_uag_custom_page_level_css":"","_monsterinsights_skip_tracking":false,"_monsterinsights_sitenote_active":false,"_monsterinsights_sitenote_note":"","_monsterinsights_sitenote_category":0,"cybocfi_hide_featured_image":"","footnotes":""},"class_list":["post-521","page","type-page","status-publish","hentry"],"uagb_featured_image_src":{"full":false,"thumbnail":false,"medium":false,"medium_large":false,"large":false,"1536x1536":false,"2048x2048":false,"featured-slider-larger":false,"featured-slider":false,"sow-carousel-default":false},"uagb_author_info":{"display_name":"Universidad de las Artes","author_link":"https:\/\/www.uartes.edu.ec\/sitio\/fueradecampo\/author\/dircomadm\/"},"uagb_comment_info":0,"uagb_excerpt":"La Universidad de las Artes, a trav\u00e9s de sus medios de preservaci\u00f3n digital asegura el contenido intelectual de los documentos electr\u00f3nicos de archivo, por largos periodos de tiempo, manteniendo sus atributos como integridad, autenticidad, inalterabilidad, originalidad, fiabilidad y accesibilidad. Diferencias Seguir leyendo Pol\u00edticas de Preservaci\u00f3n Digital de la revista Fuera de Campo&rarr;","distributor_meta":false,"distributor_terms":false,"distributor_media":false,"distributor_original_site_name":"Fuera de campo","distributor_original_site_url":"https:\/\/www.uartes.edu.ec\/sitio\/fueradecampo","push-errors":false,"_links":{"self":[{"href":"https:\/\/www.uartes.edu.ec\/sitio\/fueradecampo\/wp-json\/wp\/v2\/pages\/521","targetHints":{"allow":["GET"]}}],"collection":[{"href":"https:\/\/www.uartes.edu.ec\/sitio\/fueradecampo\/wp-json\/wp\/v2\/pages"}],"about":[{"href":"https:\/\/www.uartes.edu.ec\/sitio\/fueradecampo\/wp-json\/wp\/v2\/types\/page"}],"author":[{"embeddable":true,"href":"https:\/\/www.uartes.edu.ec\/sitio\/fueradecampo\/wp-json\/wp\/v2\/users\/1"}],"replies":[{"embeddable":true,"href":"https:\/\/www.uartes.edu.ec\/sitio\/fueradecampo\/wp-json\/wp\/v2\/comments?post=521"}],"version-history":[{"count":0,"href":"https:\/\/www.uartes.edu.ec\/sitio\/fueradecampo\/wp-json\/wp\/v2\/pages\/521\/revisions"}],"wp:attachment":[{"href":"https:\/\/www.uartes.edu.ec\/sitio\/fueradecampo\/wp-json\/wp\/v2\/media?parent=521"}],"curies":[{"name":"wp","href":"https:\/\/api.w.org\/{rel}","templated":true}]}}