{"id":670,"date":"2022-03-11T12:55:19","date_gmt":"2022-03-11T17:55:19","guid":{"rendered":"http:\/\/www.uartes.edu.ec\/fueradecampo\/?page_id=670"},"modified":"2025-05-09T17:06:06","modified_gmt":"2025-05-09T15:06:06","slug":"convocatoria-actual","status":"publish","type":"page","link":"https:\/\/www.uartes.edu.ec\/sitio\/fueradecampo\/convocatoria-actual\/","title":{"rendered":"Convocatoria para autores 2025"},"content":{"rendered":"\n<p>La revista acad\u00e9mica Fuera de Campo, hace un llamado a los, las investigadores,as en el \u00e1rea de cine y afines, a enviar sus art\u00edculos para su pr\u00f3xima publicaci\u00f3n en 2025.<\/p>\n\n\n\n<p>En esta ocasi\u00f3n el llamado es abierto por lo que los textos pueden tratar cualquier tema relevante que involucre al cine como base de la reflexi\u00f3n. La revista propone los siguientes ejes de investigaci\u00f3n prioritarios que responden a una propuesta de pensamiento \u201cFuera de Campo\u201d, descentrado, decolonizado e intercultural, en l\u00ednea con los principios de la UArtes, donde se origin\u00f3: &nbsp;cine latinoamericano, cine ecuatoriano, cine experimental, cine etnogr\u00e1fico, cines peque\u00f1os (\u201csmall cinemas\u201d) y no-industriales, pr\u00e1cticas cinematogr\u00e1ficas contempor\u00e1neas, pr\u00e1cticas de investigaci\u00f3n en cine, cine y filosof\u00eda, historia del cine, y an\u00e1lisis cinematogr\u00e1fico.<\/p>\n\n\n\n<p>Tambi\u00e9n aceptamos cr\u00edticas de pel\u00edculas, entrevistas con cineastas e investigadores de cine, rese\u00f1as de libros sobre cine y reportes de festivales de cine.<\/p>\n\n\n\n<p>Los art\u00edculos que se publican en Fuera de Campo se catalogan en Latindex.<\/p>\n\n\n\n<p>Les invitamos a enviar sus propuestas hasta el <strong>15 de julio 2025<\/strong>. <\/p>\n\n\n\n<p>Para mayor informaci\u00f3n, enviar un correo a <a href=\"mailto:revistadecine@uartes.edu.ec\">revistadecine@uartes.edu.ec<\/a>.<\/p>\n\n\n\n<p>Para informaci\u00f3n adicional, puede consultar la pesta\u00f1a \u201c<a href=\"http:\/\/www.uartes.edu.ec\/fueradecampo\/?page_id=208\">Instrucciones para los autores<\/a>\u201d.<\/p>\n","protected":false},"excerpt":{"rendered":"<p>La revista acad\u00e9mica Fuera de Campo, hace un llamado a los, las investigadores,as en el \u00e1rea de cine y afines, a enviar sus art\u00edculos para su pr\u00f3xima publicaci\u00f3n en 2025. En esta ocasi\u00f3n el llamado es abierto por lo que <a class=\"more-link\" href=\"https:\/\/www.uartes.edu.ec\/sitio\/fueradecampo\/convocatoria-actual\/\">Seguir leyendo <span class=\"screen-reader-text\">  Convocatoria para autores 2025<\/span><span class=\"meta-nav\">&rarr;<\/span><\/a><\/p>\n","protected":false},"author":1,"featured_media":0,"parent":0,"menu_order":0,"comment_status":"closed","ping_status":"closed","template":"","meta":{"_uag_custom_page_level_css":"","_monsterinsights_skip_tracking":false,"_monsterinsights_sitenote_active":false,"_monsterinsights_sitenote_note":"","_monsterinsights_sitenote_category":0,"cybocfi_hide_featured_image":"","footnotes":""},"class_list":["post-670","page","type-page","status-publish","hentry"],"uagb_featured_image_src":{"full":false,"thumbnail":false,"medium":false,"medium_large":false,"large":false,"1536x1536":false,"2048x2048":false,"featured-slider-larger":false,"featured-slider":false,"sow-carousel-default":false},"uagb_author_info":{"display_name":"Universidad de las Artes","author_link":"https:\/\/www.uartes.edu.ec\/sitio\/fueradecampo\/author\/dircomadm\/"},"uagb_comment_info":0,"uagb_excerpt":"La revista acad\u00e9mica Fuera de Campo, hace un llamado a los, las investigadores,as en el \u00e1rea de cine y afines, a enviar sus art\u00edculos para su pr\u00f3xima publicaci\u00f3n en 2025. En esta ocasi\u00f3n el llamado es abierto por lo que Seguir leyendo Convocatoria para autores 2025&rarr;","distributor_meta":false,"distributor_terms":false,"distributor_media":false,"distributor_original_site_name":"Fuera de campo","distributor_original_site_url":"https:\/\/www.uartes.edu.ec\/sitio\/fueradecampo","push-errors":false,"_links":{"self":[{"href":"https:\/\/www.uartes.edu.ec\/sitio\/fueradecampo\/wp-json\/wp\/v2\/pages\/670","targetHints":{"allow":["GET"]}}],"collection":[{"href":"https:\/\/www.uartes.edu.ec\/sitio\/fueradecampo\/wp-json\/wp\/v2\/pages"}],"about":[{"href":"https:\/\/www.uartes.edu.ec\/sitio\/fueradecampo\/wp-json\/wp\/v2\/types\/page"}],"author":[{"embeddable":true,"href":"https:\/\/www.uartes.edu.ec\/sitio\/fueradecampo\/wp-json\/wp\/v2\/users\/1"}],"replies":[{"embeddable":true,"href":"https:\/\/www.uartes.edu.ec\/sitio\/fueradecampo\/wp-json\/wp\/v2\/comments?post=670"}],"version-history":[{"count":5,"href":"https:\/\/www.uartes.edu.ec\/sitio\/fueradecampo\/wp-json\/wp\/v2\/pages\/670\/revisions"}],"predecessor-version":[{"id":783,"href":"https:\/\/www.uartes.edu.ec\/sitio\/fueradecampo\/wp-json\/wp\/v2\/pages\/670\/revisions\/783"}],"wp:attachment":[{"href":"https:\/\/www.uartes.edu.ec\/sitio\/fueradecampo\/wp-json\/wp\/v2\/media?parent=670"}],"curies":[{"name":"wp","href":"https:\/\/api.w.org\/{rel}","templated":true}]}}