{"id":281,"date":"2020-05-04T16:28:02","date_gmt":"2020-05-04T16:28:02","guid":{"rendered":"http:\/\/localhost\/pre-liminar\/?page_id=281"},"modified":"2021-03-26T16:28:14","modified_gmt":"2021-03-26T21:28:14","slug":"para-los-autores","status":"publish","type":"page","link":"http:\/\/www.uartes.edu.ec\/sitio\/preliminar\/para-los-autores\/","title":{"rendered":"Para los autores"},"content":{"rendered":"\n<p>Preliminar pretende recopilar aquellos trabajos de los\/as estudiantes que hayan sido realizados en el marco de las asignaturas cursadas a lo largo de su periodo semestral. Estos documentos\/archivos finales pueden ser el punto de partida de un proceso investigativo que se vaya desarrollado de forma posterior. Al formar parte de este repositorio, las obras estar\u00e1n diponibles para el p\u00fablico como material de exhibici\u00f3n, valoraci\u00f3n, consulta y citaci\u00f3n.&nbsp;<\/p>\n\n\n\n<p>Se receptan los siguientes tipos de archivos:<\/p>\n\n\n\n<h3 class=\"wp-block-heading\"><strong>Manuscritos<\/strong><\/h3>\n\n\n\n<p>Esta modalidad comprende los <b>proyectos de escritura acad\u00e9mica<\/b> que desarrollen investigaciones te\u00f3ricas dentro de las distintas \u00e1reas del arte, la cultura, y de los estudios antropol\u00f3gicos,&nbsp;filos\u00f3ficos, sociol\u00f3gicos, o econ\u00f3micos&nbsp;relacionadas con \u00e9stas. Adem\u00e1s, incluye proyectos de reaci\u00f3n literaria en sus distintos g\u00e9neros<b>:<\/b> obras de poes\u00eda, narrativa, cr\u00f3nica, escritura teatral, cuento o proyectos de escritura experimental que transgredan los g\u00e9neros.<\/p>\n\n\n\n<h3 class=\"wp-block-heading\"><strong>Otros formatos de creaci\u00f3n-investigaci\u00f3n art\u00edstica<\/strong><\/h3>\n\n\n\n<p>Esta modalidad abarca los <strong>proyectos de libre creaci\u00f3n art\u00edstica<\/strong> basados en la investigaci\u00f3n dentro de las diversas disciplinas del arte. Estos pueden entrecruzar los distintos formatos o soportes bajo los que se canalizan las artes, sin delimitaci\u00f3n alguna hacia la convergencia de diversas formas art\u00edsticas que propongan una transgresi\u00f3n entre los g\u00e9neros, formatos, disciplinas, propuestas, tem\u00e1ticas, etc.<\/p>\n\n\n\n<p>Se recibir\u00e1n todo tipo de trabajos de autor\u00eda propia inscritas en las \u00e1reas de:<strong>\u00a0<\/strong><\/p>\n\n\n\n<ul class=\"wp-block-list\"><li><strong>Artes sonoras<\/strong>: documentaci\u00f3n y paisajes sonoros,\u00a0programas radiales\u00a0informativos o l\u00fadicos,\u00a0experimentaciones musicales y sonoras,\u00a0registros de ensamble de instrumentos, creaciones dramat\u00fargicas o literarias orales, creaciones musicales, composiciones musicales escritas, transcripciones de m\u00fasicas de tradici\u00f3n oral, edici\u00f3n de partituras reconstruidas o del patrimonio musical ecuatoriano y latinoamericano,<\/li><li><strong>Cine o Documentaci\u00f3n audiovisual de artes esc\u00e9nicas:<\/strong> cortometrajes, cine experimental, documentales, videoarte, videos musicales, ensayo visual,\u00a0registros filmogr\u00e1ficos de performances, obras de teatro o danza, etc.\u00a0<\/li><li><strong>Artes visuales:<\/strong> fotograf\u00eda, collage, c\u00f3mic, ensayo visual, creaci\u00f3n visual digital, registros de performances, registros digitalizados de obras: dibujo, dibujo expandido, pintura, escultura, nuevos medios., exposiciones,<\/li><li>Otros tipos de registros y expresiones art\u00edsticas o te\u00f3ricas que se trabajen bajo los distintos formatos de documentos en podcast, videos, y archivos fotogr\u00e1ficos o visuales. <\/li><\/ul>\n\n\n\n<p><a role=\"button\" href=\"http:\/\/www.uartes.edu.ec\/sitio\/preliminar\/wp-content\/uploads\/sites\/17\/2020\/06\/Plantilla-Preliminar-postulaci\u00f3n.doc\">Descargar plantilla Preliminar<\/a><\/p>\n\n\n\n<p><a role=\"button\" href=\"http:\/\/www.uartes.edu.ec\/sitio\/preliminar\/wp-content\/uploads\/sites\/17\/2020\/06\/Carta-de-postulaci\u00f3n-aval-Preliminar.docx\">Descargar formato carta de postulaci\u00f3n-aval<\/a><\/p>\n","protected":false},"excerpt":{"rendered":"<p class=\"excerpt\">Preliminar pretende recopilar aquellos trabajos de los\/as estudiantes que hayan sido realizados en el marco de las asignaturas cursadas a lo largo de su periodo semestral. Estos documentos\/archivos finales pueden ser el punto de partida de un proceso investigativo que se vaya desarrollado de forma posterior. Al formar parte de este repositorio, las obras estar\u00e1n [&hellip;]<\/p>\n","protected":false},"author":15,"featured_media":0,"parent":0,"menu_order":0,"comment_status":"closed","ping_status":"closed","template":"","meta":{"_uag_custom_page_level_css":"","_monsterinsights_skip_tracking":false,"_monsterinsights_sitenote_active":false,"_monsterinsights_sitenote_note":"","_monsterinsights_sitenote_category":0,"cybocfi_hide_featured_image":"","footnotes":""},"tnc_tax_2229":[],"class_list":["post-281","page","type-page","status-publish","hentry"],"uagb_featured_image_src":{"full":false,"thumbnail":false,"medium":false,"medium_large":false,"large":false,"1536x1536":false,"2048x2048":false,"tainacan-small":false,"tainacan-medium":false,"tainacan-medium-full":false,"tainacan-large-full":false,"layers-square-large":false,"layers-portrait-large":false,"layers-landscape-large":false,"layers-square-medium":false,"layers-portrait-medium":false,"layers-landscape-medium":false},"uagb_author_info":{"display_name":"","author_link":"https:\/\/www.uartes.edu.ec\/sitio\/preliminar\/author\/"},"uagb_comment_info":0,"uagb_excerpt":"Preliminar pretende recopilar aquellos trabajos de los\/as estudiantes que hayan sido realizados en el marco de las asignaturas cursadas a lo largo de su periodo semestral. Estos documentos\/archivos finales pueden ser el punto de partida de un proceso investigativo que se vaya desarrollado de forma posterior. Al formar parte de este repositorio, las obras estar\u00e1n&hellip;","distributor_meta":false,"distributor_terms":false,"distributor_media":false,"distributor_original_site_name":"Preliminar","distributor_original_site_url":"https:\/\/www.uartes.edu.ec\/sitio\/preliminar","push-errors":false,"_links":{"self":[{"href":"https:\/\/www.uartes.edu.ec\/sitio\/preliminar\/wp-json\/wp\/v2\/pages\/281","targetHints":{"allow":["GET"]}}],"collection":[{"href":"https:\/\/www.uartes.edu.ec\/sitio\/preliminar\/wp-json\/wp\/v2\/pages"}],"about":[{"href":"https:\/\/www.uartes.edu.ec\/sitio\/preliminar\/wp-json\/wp\/v2\/types\/page"}],"author":[{"embeddable":true,"href":"https:\/\/www.uartes.edu.ec\/sitio\/preliminar\/wp-json\/wp\/v2\/users\/15"}],"replies":[{"embeddable":true,"href":"https:\/\/www.uartes.edu.ec\/sitio\/preliminar\/wp-json\/wp\/v2\/comments?post=281"}],"version-history":[{"count":28,"href":"https:\/\/www.uartes.edu.ec\/sitio\/preliminar\/wp-json\/wp\/v2\/pages\/281\/revisions"}],"predecessor-version":[{"id":1704,"href":"https:\/\/www.uartes.edu.ec\/sitio\/preliminar\/wp-json\/wp\/v2\/pages\/281\/revisions\/1704"}],"wp:attachment":[{"href":"https:\/\/www.uartes.edu.ec\/sitio\/preliminar\/wp-json\/wp\/v2\/media?parent=281"}],"wp:term":[{"taxonomy":"tnc_tax_2229","embeddable":true,"href":"https:\/\/www.uartes.edu.ec\/sitio\/preliminar\/wp-json\/wp\/v2\/tnc_tax_2229?post=281"}],"curies":[{"name":"wp","href":"https:\/\/api.w.org\/{rel}","templated":true}]}}