{"id":590,"date":"2024-04-16T16:07:55","date_gmt":"2024-04-16T14:07:55","guid":{"rendered":"https:\/\/www.uartes.edu.ec\/sitio\/proyectos-titulacion\/?page_id=590"},"modified":"2024-04-29T22:49:21","modified_gmt":"2024-04-29T20:49:21","slug":"rina-matilde-monserratt-vela-garces","status":"publish","type":"page","link":"https:\/\/www.uartes.edu.ec\/sitio\/proyectos-titulacion\/evelyn-vanessa-moran-rugel\/","title":{"rendered":"Evelyn Vanessa Mor\u00e1n Rugel"},"content":{"rendered":"\t\t<div data-elementor-type=\"wp-page\" data-elementor-id=\"590\" class=\"elementor elementor-590\" data-elementor-post-type=\"page\">\n\t\t\t\t<div class=\"elementor-element elementor-element-ac62bc9 e-flex e-con-boxed e-con e-parent\" data-id=\"ac62bc9\" data-element_type=\"container\" data-e-type=\"container\">\n\t\t\t\t\t<div class=\"e-con-inner\">\n\t\t\t\t<div class=\"elementor-element elementor-element-e988bc9 elementor-widget elementor-widget-text-editor\" data-id=\"e988bc9\" data-element_type=\"widget\" data-e-type=\"widget\" data-widget_type=\"text-editor.default\">\n\t\t\t\t<div class=\"elementor-widget-container\">\n\t\t\t\t\t\t\t\t\t<p style=\"text-align: right\"><em style=\"color: #808080;text-align: right\">Obras de Composici\u00f3n Musical y Artes Sonoras 2.\u00aa COHORTE 2022-2024<\/em><\/p>\t\t\t\t\t\t\t\t<\/div>\n\t\t\t\t<\/div>\n\t\t\t\t\t<\/div>\n\t\t\t\t<\/div>\n\t\t<div class=\"elementor-element elementor-element-1c4348b e-flex e-con-boxed e-con e-parent\" data-id=\"1c4348b\" data-element_type=\"container\" data-e-type=\"container\">\n\t\t\t\t\t<div class=\"e-con-inner\">\n\t\t<div class=\"elementor-element elementor-element-841a67c e-con-full e-flex e-con e-child\" data-id=\"841a67c\" data-element_type=\"container\" data-e-type=\"container\">\n\t\t\t\t<div class=\"elementor-element elementor-element-6e20756 elementor-widget__width-initial elementor-widget elementor-widget-image\" data-id=\"6e20756\" data-element_type=\"widget\" data-e-type=\"widget\" data-widget_type=\"image.default\">\n\t\t\t\t<div class=\"elementor-widget-container\">\n\t\t\t\t\t\t\t\t\t\t\t\t\t\t\t<img fetchpriority=\"high\" decoding=\"async\" width=\"300\" height=\"235\" src=\"https:\/\/www.uartes.edu.ec\/sitio\/proyectos-titulacion\/wp-content\/uploads\/sites\/33\/2024\/04\/evelyn-300x235.png\" class=\"attachment-medium size-medium wp-image-851\" alt=\"\" srcset=\"https:\/\/www.uartes.edu.ec\/sitio\/proyectos-titulacion\/wp-content\/uploads\/sites\/33\/2024\/04\/evelyn-300x235.png 300w, https:\/\/www.uartes.edu.ec\/sitio\/proyectos-titulacion\/wp-content\/uploads\/sites\/33\/2024\/04\/evelyn-644x505.png 644w, https:\/\/www.uartes.edu.ec\/sitio\/proyectos-titulacion\/wp-content\/uploads\/sites\/33\/2024\/04\/evelyn-600x470.png 600w, https:\/\/www.uartes.edu.ec\/sitio\/proyectos-titulacion\/wp-content\/uploads\/sites\/33\/2024\/04\/evelyn.png 690w\" sizes=\"(max-width: 300px) 100vw, 300px\" \/>\t\t\t\t\t\t\t\t\t\t\t\t\t\t\t<\/div>\n\t\t\t\t<\/div>\n\t\t\t\t<div class=\"elementor-element elementor-element-8bd18c6 elementor-shape-circle elementor-widget__width-initial elementor-grid-0 e-grid-align-center elementor-widget elementor-widget-social-icons\" data-id=\"8bd18c6\" data-element_type=\"widget\" data-e-type=\"widget\" data-widget_type=\"social-icons.default\">\n\t\t\t\t<div class=\"elementor-widget-container\">\n\t\t\t\t\t\t\t<div class=\"elementor-social-icons-wrapper elementor-grid\" role=\"list\">\n\t\t\t\t\t\t\t<span class=\"elementor-grid-item\" role=\"listitem\">\n\t\t\t\t\t<a class=\"elementor-icon elementor-social-icon elementor-social-icon-facebook elementor-repeater-item-8560298\" href=\"https:\/\/www.facebook.com\/emoranrugel%20\" target=\"_blank\">\n\t\t\t\t\t\t<span class=\"elementor-screen-only\">Facebook<\/span>\n\t\t\t\t\t\t<svg aria-hidden=\"true\" class=\"e-font-icon-svg e-fab-facebook\" viewBox=\"0 0 512 512\" xmlns=\"http:\/\/www.w3.org\/2000\/svg\"><path d=\"M504 256C504 119 393 8 256 8S8 119 8 256c0 123.78 90.69 226.38 209.25 245V327.69h-63V256h63v-54.64c0-62.15 37-96.48 93.67-96.48 27.14 0 55.52 4.84 55.52 4.84v61h-31.28c-30.8 0-40.41 19.12-40.41 38.73V256h68.78l-11 71.69h-57.78V501C413.31 482.38 504 379.78 504 256z\"><\/path><\/svg>\t\t\t\t\t<\/a>\n\t\t\t\t<\/span>\n\t\t\t\t\t\t\t<span class=\"elementor-grid-item\" role=\"listitem\">\n\t\t\t\t\t<a class=\"elementor-icon elementor-social-icon elementor-social-icon-instagram elementor-repeater-item-f188996\" href=\"https:\/\/www.instagram.com\/emoranrugel\/%20\" target=\"_blank\">\n\t\t\t\t\t\t<span class=\"elementor-screen-only\">Instagram<\/span>\n\t\t\t\t\t\t<svg aria-hidden=\"true\" class=\"e-font-icon-svg e-fab-instagram\" viewBox=\"0 0 448 512\" xmlns=\"http:\/\/www.w3.org\/2000\/svg\"><path d=\"M224.1 141c-63.6 0-114.9 51.3-114.9 114.9s51.3 114.9 114.9 114.9S339 319.5 339 255.9 287.7 141 224.1 141zm0 189.6c-41.1 0-74.7-33.5-74.7-74.7s33.5-74.7 74.7-74.7 74.7 33.5 74.7 74.7-33.6 74.7-74.7 74.7zm146.4-194.3c0 14.9-12 26.8-26.8 26.8-14.9 0-26.8-12-26.8-26.8s12-26.8 26.8-26.8 26.8 12 26.8 26.8zm76.1 27.2c-1.7-35.9-9.9-67.7-36.2-93.9-26.2-26.2-58-34.4-93.9-36.2-37-2.1-147.9-2.1-184.9 0-35.8 1.7-67.6 9.9-93.9 36.1s-34.4 58-36.2 93.9c-2.1 37-2.1 147.9 0 184.9 1.7 35.9 9.9 67.7 36.2 93.9s58 34.4 93.9 36.2c37 2.1 147.9 2.1 184.9 0 35.9-1.7 67.7-9.9 93.9-36.2 26.2-26.2 34.4-58 36.2-93.9 2.1-37 2.1-147.8 0-184.8zM398.8 388c-7.8 19.6-22.9 34.7-42.6 42.6-29.5 11.7-99.5 9-132.1 9s-102.7 2.6-132.1-9c-19.6-7.8-34.7-22.9-42.6-42.6-11.7-29.5-9-99.5-9-132.1s-2.6-102.7 9-132.1c7.8-19.6 22.9-34.7 42.6-42.6 29.5-11.7 99.5-9 132.1-9s102.7-2.6 132.1 9c19.6 7.8 34.7 22.9 42.6 42.6 11.7 29.5 9 99.5 9 132.1s2.7 102.7-9 132.1z\"><\/path><\/svg>\t\t\t\t\t<\/a>\n\t\t\t\t<\/span>\n\t\t\t\t\t\t\t<span class=\"elementor-grid-item\" role=\"listitem\">\n\t\t\t\t\t<a class=\"elementor-icon elementor-social-icon elementor-social-icon-soundcloud elementor-repeater-item-7c0d102\" href=\"https:\/\/soundcloud.com\/evelyn-moran-3%20\" target=\"_blank\">\n\t\t\t\t\t\t<span class=\"elementor-screen-only\">Soundcloud<\/span>\n\t\t\t\t\t\t<svg aria-hidden=\"true\" class=\"e-font-icon-svg e-fab-soundcloud\" viewBox=\"0 0 640 512\" xmlns=\"http:\/\/www.w3.org\/2000\/svg\"><path d=\"M111.4 256.3l5.8 65-5.8 68.3c-.3 2.5-2.2 4.4-4.4 4.4s-4.2-1.9-4.2-4.4l-5.6-68.3 5.6-65c0-2.2 1.9-4.2 4.2-4.2 2.2 0 4.1 2 4.4 4.2zm21.4-45.6c-2.8 0-4.7 2.2-5 5l-5 105.6 5 68.3c.3 2.8 2.2 5 5 5 2.5 0 4.7-2.2 4.7-5l5.8-68.3-5.8-105.6c0-2.8-2.2-5-4.7-5zm25.5-24.1c-3.1 0-5.3 2.2-5.6 5.3l-4.4 130 4.4 67.8c.3 3.1 2.5 5.3 5.6 5.3 2.8 0 5.3-2.2 5.3-5.3l5.3-67.8-5.3-130c0-3.1-2.5-5.3-5.3-5.3zM7.2 283.2c-1.4 0-2.2 1.1-2.5 2.5L0 321.3l4.7 35c.3 1.4 1.1 2.5 2.5 2.5s2.2-1.1 2.5-2.5l5.6-35-5.6-35.6c-.3-1.4-1.1-2.5-2.5-2.5zm23.6-21.9c-1.4 0-2.5 1.1-2.5 2.5l-6.4 57.5 6.4 56.1c0 1.7 1.1 2.8 2.5 2.8s2.5-1.1 2.8-2.5l7.2-56.4-7.2-57.5c-.3-1.4-1.4-2.5-2.8-2.5zm25.3-11.4c-1.7 0-3.1 1.4-3.3 3.3L47 321.3l5.8 65.8c.3 1.7 1.7 3.1 3.3 3.1 1.7 0 3.1-1.4 3.1-3.1l6.9-65.8-6.9-68.1c0-1.9-1.4-3.3-3.1-3.3zm25.3-2.2c-1.9 0-3.6 1.4-3.6 3.6l-5.8 70 5.8 67.8c0 2.2 1.7 3.6 3.6 3.6s3.6-1.4 3.9-3.6l6.4-67.8-6.4-70c-.3-2.2-2-3.6-3.9-3.6zm241.4-110.9c-1.1-.8-2.8-1.4-4.2-1.4-2.2 0-4.2.8-5.6 1.9-1.9 1.7-3.1 4.2-3.3 6.7v.8l-3.3 176.7 1.7 32.5 1.7 31.7c.3 4.7 4.2 8.6 8.9 8.6s8.6-3.9 8.6-8.6l3.9-64.2-3.9-177.5c-.4-3-2-5.8-4.5-7.2zm-26.7 15.3c-1.4-.8-2.8-1.4-4.4-1.4s-3.1.6-4.4 1.4c-2.2 1.4-3.6 3.9-3.6 6.7l-.3 1.7-2.8 160.8s0 .3 3.1 65.6v.3c0 1.7.6 3.3 1.7 4.7 1.7 1.9 3.9 3.1 6.4 3.1 2.2 0 4.2-1.1 5.6-2.5 1.7-1.4 2.5-3.3 2.5-5.6l.3-6.7 3.1-58.6-3.3-162.8c-.3-2.8-1.7-5.3-3.9-6.7zm-111.4 22.5c-3.1 0-5.8 2.8-5.8 6.1l-4.4 140.6 4.4 67.2c.3 3.3 2.8 5.8 5.8 5.8 3.3 0 5.8-2.5 6.1-5.8l5-67.2-5-140.6c-.2-3.3-2.7-6.1-6.1-6.1zm376.7 62.8c-10.8 0-21.1 2.2-30.6 6.1-6.4-70.8-65.8-126.4-138.3-126.4-17.8 0-35 3.3-50.3 9.4-6.1 2.2-7.8 4.4-7.8 9.2v249.7c0 5 3.9 8.6 8.6 9.2h218.3c43.3 0 78.6-35 78.6-78.3.1-43.6-35.2-78.9-78.5-78.9zm-296.7-60.3c-4.2 0-7.5 3.3-7.8 7.8l-3.3 136.7 3.3 65.6c.3 4.2 3.6 7.5 7.8 7.5 4.2 0 7.5-3.3 7.5-7.5l3.9-65.6-3.9-136.7c-.3-4.5-3.3-7.8-7.5-7.8zm-53.6-7.8c-3.3 0-6.4 3.1-6.4 6.7l-3.9 145.3 3.9 66.9c.3 3.6 3.1 6.4 6.4 6.4 3.6 0 6.4-2.8 6.7-6.4l4.4-66.9-4.4-145.3c-.3-3.6-3.1-6.7-6.7-6.7zm26.7 3.4c-3.9 0-6.9 3.1-6.9 6.9L227 321.3l3.9 66.4c.3 3.9 3.1 6.9 6.9 6.9s6.9-3.1 6.9-6.9l4.2-66.4-4.2-141.7c0-3.9-3-6.9-6.9-6.9z\"><\/path><\/svg>\t\t\t\t\t<\/a>\n\t\t\t\t<\/span>\n\t\t\t\t\t<\/div>\n\t\t\t\t\t\t<\/div>\n\t\t\t\t<\/div>\n\t\t\t\t<\/div>\n\t\t<div class=\"elementor-element elementor-element-30f89b5 e-con-full e-flex e-con e-child\" data-id=\"30f89b5\" data-element_type=\"container\" data-e-type=\"container\">\n\t\t\t\t<div class=\"elementor-element elementor-element-e2068aa elementor-widget elementor-widget-text-editor\" data-id=\"e2068aa\" data-element_type=\"widget\" data-e-type=\"widget\" data-widget_type=\"text-editor.default\">\n\t\t\t\t<div class=\"elementor-widget-container\">\n\t\t\t\t\t\t\t\t\t<p><span style=\"color: #0ca4a4\"><strong>B\u00cdO: <\/strong><\/span><span class=\"TextRun SCXW230104072 BCX0\" lang=\"ES-EC\" xml:lang=\"ES-EC\" data-contrast=\"none\"><span class=\"NormalTextRun SCXW230104072 BCX0\" data-ccp-parastyle=\"Normal (Web)\">P<\/span><span class=\"NormalTextRun SCXW230104072 BCX0\" data-ccp-parastyle=\"Normal (Web)\">roductora musical<\/span><span class=\"NormalTextRun SCXW230104072 BCX0\" data-ccp-parastyle=\"Normal (Web)\">, arreglista, compositora y d<\/span><span class=\"NormalTextRun SCXW230104072 BCX0\" data-ccp-parastyle=\"Normal (Web)\">ocente de m\u00fasica, guitarra y canto. Explora los diversos timbres de instrumentos ac\u00fasticos y su relaci\u00f3n con la m\u00fasica electr<\/span><span class=\"NormalTextRun SCXW230104072 BCX0\" data-ccp-parastyle=\"Normal (Web)\">\u00f3<\/span><span class=\"NormalTextRun SCXW230104072 BCX0\" data-ccp-parastyle=\"Normal (Web)\">nica y otras artes<\/span><span class=\"NormalTextRun SCXW230104072 BCX0\" data-ccp-parastyle=\"Normal (Web)\">. Interesada en la experimentaci\u00f3n y creaci\u00f3n de diversos <\/span><span class=\"NormalTextRun SCXW230104072 BCX0\" data-ccp-parastyle=\"Normal (Web)\">insumos sonoros para la elaboraci\u00f3n de texturas relacionadas a la m\u00fasica contempor\u00e1nea<\/span><span class=\"NormalTextRun SCXW230104072 BCX0\" data-ccp-parastyle=\"Normal (Web)\">.<\/span><\/span><\/p><p class=\"zfr3Q CDt4Ke \" dir=\"ltr\"><strong><span class=\"C9DxTc \"><span style=\"color: #0ca4a4\">DESCRIPCI\u00d3N DE LA OBRA:<\/span>\u00a0<\/span><\/strong><span class=\"TextRun SCXW227543392 BCX0\" lang=\"ES-ES\" style=\"font-size: 12pt;margin: 0px;padding: 0px;text-align: justify;line-height: 24.15px;font-family: 'Segoe UI', 'Segoe UI_EmbeddedFont', 'Segoe UI_MSFontService', sans-serif;font-weight: bold\" xml:lang=\"ES-ES\" data-contrast=\"none\"><span class=\"NormalTextRun SCXW227543392 BCX0\" style=\"margin: 0px;padding: 0px\" data-ccp-charstyle=\"c9dxtc\" data-ccp-charstyle-defn=\"{&quot;ObjectId&quot;:&quot;a071a37c-167c-43dd-b509-de770addef78|64&quot;,&quot;ClassId&quot;:1073872969,&quot;Properties&quot;:[469775450,&quot;c9dxtc&quot;,201340122,&quot;1&quot;,134233614,&quot;true&quot;,469778129,&quot;c9dxtc&quot;,335572020,&quot;1&quot;,469778324,&quot;Default Paragraph Font&quot;]}\">\u00ab<span class=\"TextRun SCXW26815806 BCX0\" lang=\"ES-ES\" xml:lang=\"ES-ES\" data-contrast=\"none\"><span class=\"NormalTextRun SCXW26815806 BCX0\" data-ccp-charstyle=\"c9dxtc\" data-ccp-charstyle-defn=\"{&quot;ObjectId&quot;:&quot;645dc25d-65a4-499f-af16-9a1f1b997229|64&quot;,&quot;ClassId&quot;:1073872969,&quot;Properties&quot;:[469775450,&quot;c9dxtc&quot;,201340122,&quot;1&quot;,134233614,&quot;true&quot;,469778129,&quot;c9dxtc&quot;,335572020,&quot;1&quot;,469778324,&quot;Default Paragraph Font&quot;]}\">Aullemos a Dolor<\/span><\/span><\/span><span class=\"NormalTextRun SCXW227543392 BCX0\" style=\"margin: 0px;padding: 0px\" data-ccp-charstyle=\"c9dxtc\">\u00bb<\/span><\/span><span class=\"TextRun SCXW227543392 BCX0\" lang=\"ES-ES\" style=\"font-size: 12pt;margin: 0px;padding: 0px;text-align: justify;line-height: 24.15px;font-family: 'Segoe UI', 'Segoe UI_EmbeddedFont', 'Segoe UI_MSFontService', sans-serif\" xml:lang=\"ES-ES\" data-contrast=\"none\"><span class=\"NormalTextRun SCXW227543392 BCX0\" style=\"margin: 0px;padding: 0px\" data-ccp-charstyle=\"c9dxtc\"> <span class=\"TextRun SCXW26815806 BCX0\" lang=\"ES-ES\" xml:lang=\"ES-ES\" data-contrast=\"none\"><span class=\"NormalTextRun SCXW26815806 BCX0\" data-ccp-charstyle=\"c9dxtc\">explora las caracter\u00edsticas compositivas electroac\u00fasticas, exponiendo sonidos creados con nuevas tecnolog\u00edas e instrumentos ac\u00fasticos como el requinto y la voz, los cuales est\u00e1n incluidos en la obra en simult\u00e1neo. Basado en el poema del mismo nombre de la escritora <\/span><span class=\"NormalTextRun SpellingErrorV2Themed SCXW26815806 BCX0\" data-ccp-charstyle=\"c9dxtc\">Ixora<\/span><span class=\"NormalTextRun SCXW26815806 BCX0\" data-ccp-charstyle=\"c9dxtc\"> Zambrano, dicha composici\u00f3n es una obra de car\u00e1cter <\/span><span class=\"NormalTextRun SCXW26815806 BCX0\" data-ccp-charstyle=\"c9dxtc\">mixta e<\/span><span class=\"NormalTextRun SCXW26815806 BCX0\" data-ccp-charstyle=\"c9dxtc\"> inter\/transdiciplinaria puesto que el poema, espec\u00edficamente su contexto, es la principal motivaci\u00f3n, est\u00e9tica para <\/span><span class=\"NormalTextRun SCXW26815806 BCX0\" data-ccp-charstyle=\"c9dxtc\">la obra descrita<\/span><span class=\"NormalTextRun SCXW26815806 BCX0\" data-ccp-charstyle=\"c9dxtc\">, realizando una <\/span><\/span><span class=\"TextRun SCXW26815806 BCX0\" lang=\"ES-EC\" xml:lang=\"ES-EC\" data-contrast=\"auto\"><span class=\"NormalTextRun SCXW26815806 BCX0\" data-ccp-parastyle=\"zfr3q\" data-ccp-parastyle-defn=\"{&quot;ObjectId&quot;:&quot;645dc25d-65a4-499f-af16-9a1f1b997229|63&quot;,&quot;ClassId&quot;:1073872969,&quot;Properties&quot;:[469775450,&quot;zfr3q&quot;,201340122,&quot;2&quot;,134233614,&quot;true&quot;,469778129,&quot;zfr3q&quot;,335572020,&quot;1&quot;,469777841,&quot;Times New Roman&quot;,469777842,&quot;Times New Roman&quot;,469777843,&quot;Times New Roman&quot;,469777844,&quot;Times New Roman&quot;,469769226,&quot;Times New Roman&quot;,134233118,&quot;true&quot;,134233117,&quot;true&quot;,469778324,&quot;Normal&quot;]}\">experimentaci\u00f3n<\/span><span class=\"NormalTextRun SCXW26815806 BCX0\" data-ccp-parastyle=\"zfr3q\"> desde lo sonoro<\/span><span class=\"NormalTextRun SCXW26815806 BCX0\" data-ccp-parastyle=\"zfr3q\">,<\/span><span class=\"NormalTextRun SCXW26815806 BCX0\" data-ccp-parastyle=\"zfr3q\"> buscando una amalgama t\u00edmbrica<\/span> <span class=\"NormalTextRun SCXW26815806 BCX0\" data-ccp-parastyle=\"zfr3q\">armoniosa<\/span><\/span><span class=\"TextRun SCXW26815806 BCX0\" lang=\"ES-ES\" xml:lang=\"ES-ES\" data-contrast=\"none\"><span class=\"NormalTextRun SCXW26815806 BCX0\" data-ccp-charstyle=\"c9dxtc\">.<\/span><\/span><\/span><\/span><\/p>\t\t\t\t\t\t\t\t<\/div>\n\t\t\t\t<\/div>\n\t\t\t\t<\/div>\n\t\t\t\t\t<\/div>\n\t\t\t\t<\/div>\n\t\t<div class=\"elementor-element elementor-element-80a3952 e-flex e-con-boxed e-con e-parent\" data-id=\"80a3952\" data-element_type=\"container\" data-e-type=\"container\">\n\t\t\t\t\t<div class=\"e-con-inner\">\n\t\t\t\t<div class=\"elementor-element elementor-element-a8cb32b e-tabs-view-vertical elementor-layout-end elementor-widget elementor-widget-video-playlist\" data-id=\"a8cb32b\" data-element_type=\"widget\" data-e-type=\"widget\" data-settings=\"{&quot;playlist_title&quot;:&quot;Lista de reproducci\\u00f3n&quot;,&quot;tabs&quot;:[{&quot;title&quot;:&quot;Aullemos a Dolor&quot;,&quot;youtube_url&quot;:&quot;https:\\\/\\\/www.youtube.com\\\/watch?v=Xl0vLmoX844&quot;,&quot;duration&quot;:&quot;0:16&quot;,&quot;thumbnail&quot;:{&quot;url&quot;:&quot;http:\\\/\\\/www.uartes.edu.ec\\\/sitio\\\/proyectos-titulacion\\\/wp-content\\\/uploads\\\/sites\\\/33\\\/2024\\\/04\\\/2024-04-22-11_30_43-Editar-Evelyn-Vanessa-Moran-Rugel-con-Elementor.png&quot;,&quot;id&quot;:&quot;697&quot;,&quot;size&quot;:&quot;&quot;,&quot;alt&quot;:&quot;&quot;,&quot;source&quot;:&quot;library&quot;},&quot;_id&quot;:&quot;f444aba&quot;,&quot;vimeo_url&quot;:null,&quot;type&quot;:&quot;youtube&quot;,&quot;is_external_url&quot;:null,&quot;hosted_url&quot;:null,&quot;external_url&quot;:null,&quot;section_html_tag&quot;:null,&quot;video_html_tag&quot;:&quot;h4&quot;,&quot;inner_tab_is_content_visible&quot;:&quot;&quot;,&quot;inner_tab_content_1&quot;:null,&quot;inner_tab_content_2&quot;:null}],&quot;inner_tab_title_1&quot;:&quot;Pesta\\u00f1a 1&quot;,&quot;inner_tab_title_2&quot;:&quot;Pesta\\u00f1a 2&quot;}\" data-widget_type=\"video-playlist.default\">\n\t\t\t\t<div class=\"elementor-widget-container\">\n\t\t\t\t\t\n\t\t<div class=\"e-tabs\" role=\"region\" aria-labelledby=\"e-playlist-a8cb32b\">\n\t\t\t<div class=\"e-tabs-main-area\">\n\t\t\t\t<div class=\"e-tabs-wrapper\">\n\t\t\t\t\t<div class=\"e-tabs-header\">\n\t\t\t\t\t\t<h2 class=\"e-tabs-title\" id=\"e-playlist-a8cb32b\">Lista de reproducci\u00f3n<\/h2>\n\t\t\t\t\t\t<div class=\"e-tabs-header-right-side\">\n\t\t\t\t\t\t\t\t\t\t\t\t\t\t\t<span class=\"e-tabs-videos-count\">1 V\u00eddeos<\/span>\n\t\t\t\t\t\t\t\t\t\t\t\t\t\t<svg aria-hidden=\"true\" class=\"e-tabs-toggle-videos-display-button rotate-down e-font-icon-svg e-eicon-caret-down\" viewBox=\"0 0 571.4 571.4\" xmlns=\"http:\/\/www.w3.org\/2000\/svg\"><path d=\"M571 393Q571 407 561 418L311 668Q300 679 286 679T261 668L11 418Q0 407 0 393T11 368 36 357H536Q550 357 561 368T571 393Z\"><\/path><\/svg>\t\t\t\t\t\t<\/div>\n\t\t\t\t\t<\/div>\n\t\t\t\t\t<div class=\"e-tabs-items-wrapper\">\n\t\t\t\t\t\t<div class=\"e-tabs-items\" role=\"tablist\">\n\t\t\t\t\t\t\t\t\t\t\t\t\t\t\t\t\t\t\t\t\t\t\t\t<div id=\"e-tab-title-1761\" class=\"e-tab-title e-tab-desktop-title\" aria-selected=\"true\" data-tab=\"1\" role=\"tab\" tabindex=\"0\" aria-controls=\"e-tab-content-1761\">\n\t\t\t\t\t\t\t\t\t\t\t\t\t\t\t\t\t\t\t\t\t<div class=\"e-tab-thumbnail\">\n\t\t\t\t\t\t\t\t\t\t\t\t\t\t\t\t\t\t\t\t\t\t\t\t\t<img decoding=\"async\" src=\"http:\/\/www.uartes.edu.ec\/sitio\/proyectos-titulacion\/wp-content\/uploads\/sites\/33\/2024\/04\/2024-04-22-11_30_43-Editar-Evelyn-Vanessa-Moran-Rugel-con-Elementor.png\" alt=\"Aullemos a Dolor\" loading=\"lazy\" \/>\n\t\t\t\t\t\t\t\t\t\t\t\t\t\t\t\t\t\t\t\t\t\t\t\t<span class=\"icon-play\"><svg aria-hidden=\"true\" class=\"e-font-icon-svg e-fas-play-circle\" viewBox=\"0 0 512 512\" xmlns=\"http:\/\/www.w3.org\/2000\/svg\"><path d=\"M256 8C119 8 8 119 8 256s111 248 248 248 248-111 248-248S393 8 256 8zm115.7 272l-176 101c-15.8 8.8-35.7-2.5-35.7-21V152c0-18.4 19.8-29.8 35.7-21l176 107c16.4 9.2 16.4 32.9 0 42z\"><\/path><\/svg><\/span>\n\t\t\t\t\t\t\t\t\t\t\t\t<span class=\"icon-watched\"><svg aria-hidden=\"true\" class=\"e-font-icon-svg e-fas-check-circle\" viewBox=\"0 0 512 512\" xmlns=\"http:\/\/www.w3.org\/2000\/svg\"><path d=\"M504 256c0 136.967-111.033 248-248 248S8 392.967 8 256 119.033 8 256 8s248 111.033 248 248zM227.314 387.314l184-184c6.248-6.248 6.248-16.379 0-22.627l-22.627-22.627c-6.248-6.249-16.379-6.249-22.628 0L216 308.118l-70.059-70.059c-6.248-6.248-16.379-6.248-22.628 0l-22.627 22.627c-6.248 6.248-6.248 16.379 0 22.627l104 104c6.249 6.249 16.379 6.249 22.628.001z\"><\/path><\/svg><\/span>\n\t\t\t\t\t\t\t\t\t\t\t<\/div>\n\t\t\t\t\t\t\t\t\t\t\t\t\t\t\t\t\t\t\t\t<h4 class=\"e-tab-title-text\">\n\t\t\t\t\t\t\t\t\t\t\t<button type=\"button\">Aullemos a Dolor<\/button>\n\t\t\t\t\t\t\t\t\t\t<\/h4>\n\t\t\t\t\t\t\t\t\t\t\t\t\t\t\t\t\t\t\t<\/div>\n\t\t\t\t\t\t\t\t\t\t\t\t\t\t\t\t\t\t\t\t\t<\/div>\n\t\t\t\t\t\t<div class=\"shadow shadow-top\" aria-hidden=\"true\"><\/div>\n\t\t\t\t\t\t<div class=\"shadow shadow-bottom\" aria-hidden=\"true\"><\/div>\n\t\t\t\t\t<\/div>\n\t\t\t\t<\/div>\n\n\t\t\t\t<div class=\"e-tabs-content-wrapper\" role=\"tablist\" aria-orientation=\"vertical\">\n\t\t\t\t\t\t\t\t\t\t\t<div id=\"e-tab-content-1761\" class=\"e-tab-content elementor-clearfix\" data-tab=\"1\" role=\"tabpanel\" aria-labelledby=\"e-tab-title-1761\" tabindex=\"0\" data-video-url=\"https:\/\/www.youtube.com\/watch?v=Xl0vLmoX844\" data-video-type=\"youtube\" data-video-title=\"Aullemos a Dolor\" data-video-duration=\"0:16\">\n\t\t\t\t\t\t\t<div><\/div>\n\t\t\t\t\t\t\t\t\t\t\t\t\t<\/div>\n\t\t\t\t\t\t\t\t\t<\/div>\n\t\t\t<\/div>\n\n\t\t\t<div class=\"e-tabs-inner-tabs\" >\n\t\t\t\t\t\t\t\t\t\t\t\t\t\t\t\t<\/div>\n\t\t<\/div>\n\t\t\t\t\t\t<\/div>\n\t\t\t\t<\/div>\n\t\t\t\t\t<\/div>\n\t\t\t\t<\/div>\n\t\t<div class=\"elementor-element elementor-element-d4b15f2 e-flex e-con-boxed e-con e-parent\" data-id=\"d4b15f2\" data-element_type=\"container\" data-e-type=\"container\">\n\t\t\t\t\t<div class=\"e-con-inner\">\n\t\t\t\t<div class=\"elementor-element elementor-element-2f3adcf elementor-align-right elementor-widget elementor-widget-button\" data-id=\"2f3adcf\" data-element_type=\"widget\" data-e-type=\"widget\" data-widget_type=\"button.default\">\n\t\t\t\t<div class=\"elementor-widget-container\">\n\t\t\t\t\t\t\t\t\t<div class=\"elementor-button-wrapper\">\n\t\t\t\t\t<a class=\"elementor-button elementor-button-link elementor-size-sm\" href=\"https:\/\/www.uartes.edu.ec\/sitio\/proyectos-titulacion\/\">\n\t\t\t\t\t\t<span class=\"elementor-button-content-wrapper\">\n\t\t\t\t\t\t\t\t\t<span class=\"elementor-button-text\">Regresar<\/span>\n\t\t\t\t\t<\/span>\n\t\t\t\t\t<\/a>\n\t\t\t\t<\/div>\n\t\t\t\t\t\t\t\t<\/div>\n\t\t\t\t<\/div>\n\t\t\t\t\t<\/div>\n\t\t\t\t<\/div>\n\t\t\t\t<\/div>\n\t\t","protected":false},"excerpt":{"rendered":"<p>Obras de Composici\u00f3n Musical y Artes Sonoras 2.\u00aa COHORTE 2022-2024 Facebook Instagram Soundcloud B\u00cdO: Productora musical, arreglista, compositora y docente de m\u00fasica, guitarra y canto. Explora los diversos timbres de instrumentos ac\u00fasticos y su relaci\u00f3n con la m\u00fasica electr\u00f3nica y otras artes. Interesada en la experimentaci\u00f3n y creaci\u00f3n de diversos insumos sonoros para la elaboraci\u00f3n [&hellip;]<\/p>\n","protected":false},"author":1,"featured_media":0,"parent":0,"menu_order":0,"comment_status":"closed","ping_status":"closed","template":"","meta":{"_uag_custom_page_level_css":"","_monsterinsights_skip_tracking":false,"_monsterinsights_sitenote_active":false,"_monsterinsights_sitenote_note":"","_monsterinsights_sitenote_category":0,"cybocfi_hide_featured_image":"","footnotes":""},"class_list":["post-590","page","type-page","status-publish","hentry"],"uagb_featured_image_src":{"full":false,"thumbnail":false,"medium":false,"medium_large":false,"large":false,"1536x1536":false,"2048x2048":false},"uagb_author_info":{"display_name":"Universidad de las Artes","author_link":"https:\/\/www.uartes.edu.ec\/sitio\/proyectos-titulacion\/author\/dircomadm\/"},"uagb_comment_info":0,"uagb_excerpt":"Obras de Composici\u00f3n Musical y Artes Sonoras 2.\u00aa COHORTE 2022-2024 Facebook Instagram Soundcloud B\u00cdO: Productora musical, arreglista, compositora y docente de m\u00fasica, guitarra y canto. Explora los diversos timbres de instrumentos ac\u00fasticos y su relaci\u00f3n con la m\u00fasica electr\u00f3nica y otras artes. Interesada en la experimentaci\u00f3n y creaci\u00f3n de diversos insumos sonoros para la elaboraci\u00f3n&hellip;","distributor_meta":false,"distributor_terms":false,"distributor_media":false,"distributor_original_site_name":"Proyectos de Titulaci\u00f3n - Posgrados UArtes","distributor_original_site_url":"https:\/\/www.uartes.edu.ec\/sitio\/proyectos-titulacion","push-errors":false,"_links":{"self":[{"href":"https:\/\/www.uartes.edu.ec\/sitio\/proyectos-titulacion\/wp-json\/wp\/v2\/pages\/590","targetHints":{"allow":["GET"]}}],"collection":[{"href":"https:\/\/www.uartes.edu.ec\/sitio\/proyectos-titulacion\/wp-json\/wp\/v2\/pages"}],"about":[{"href":"https:\/\/www.uartes.edu.ec\/sitio\/proyectos-titulacion\/wp-json\/wp\/v2\/types\/page"}],"author":[{"embeddable":true,"href":"https:\/\/www.uartes.edu.ec\/sitio\/proyectos-titulacion\/wp-json\/wp\/v2\/users\/1"}],"replies":[{"embeddable":true,"href":"https:\/\/www.uartes.edu.ec\/sitio\/proyectos-titulacion\/wp-json\/wp\/v2\/comments?post=590"}],"version-history":[{"count":53,"href":"https:\/\/www.uartes.edu.ec\/sitio\/proyectos-titulacion\/wp-json\/wp\/v2\/pages\/590\/revisions"}],"predecessor-version":[{"id":854,"href":"https:\/\/www.uartes.edu.ec\/sitio\/proyectos-titulacion\/wp-json\/wp\/v2\/pages\/590\/revisions\/854"}],"wp:attachment":[{"href":"https:\/\/www.uartes.edu.ec\/sitio\/proyectos-titulacion\/wp-json\/wp\/v2\/media?parent=590"}],"curies":[{"name":"wp","href":"https:\/\/api.w.org\/{rel}","templated":true}]}}