{"id":770,"date":"2024-04-26T15:41:34","date_gmt":"2024-04-26T13:41:34","guid":{"rendered":"https:\/\/www.uartes.edu.ec\/sitio\/proyectos-titulacion\/?page_id=770"},"modified":"2024-05-13T17:57:18","modified_gmt":"2024-05-13T15:57:18","slug":"edison-fabricio-sarango-narvaez","status":"publish","type":"page","link":"https:\/\/www.uartes.edu.ec\/sitio\/proyectos-titulacion\/edison-fabricio-sarango-narvaez\/","title":{"rendered":"Edison Fabricio Sarango Narv\u00e1ez"},"content":{"rendered":"\t\t<div data-elementor-type=\"wp-page\" data-elementor-id=\"770\" class=\"elementor elementor-770\" data-elementor-post-type=\"page\">\n\t\t\t\t<div class=\"elementor-element elementor-element-6cb7eca e-flex e-con-boxed e-con e-parent\" data-id=\"6cb7eca\" data-element_type=\"container\" data-e-type=\"container\">\n\t\t\t\t\t<div class=\"e-con-inner\">\n\t\t\t\t<div class=\"elementor-element elementor-element-f5fc879 elementor-widget elementor-widget-text-editor\" data-id=\"f5fc879\" data-element_type=\"widget\" data-e-type=\"widget\" data-widget_type=\"text-editor.default\">\n\t\t\t\t<div class=\"elementor-widget-container\">\n\t\t\t\t\t\t\t\t\t<p style=\"text-align: right\"><em style=\"text-align: right;color: #808080\">Obras de Composici\u00f3n Musical y Artes Sonoras 2.\u00aa COHORTE 2022-2024<\/em><\/p>\t\t\t\t\t\t\t\t<\/div>\n\t\t\t\t<\/div>\n\t\t\t\t\t<\/div>\n\t\t\t\t<\/div>\n\t\t<div class=\"elementor-element elementor-element-1c4348b e-flex e-con-boxed e-con e-parent\" data-id=\"1c4348b\" data-element_type=\"container\" data-e-type=\"container\">\n\t\t\t\t\t<div class=\"e-con-inner\">\n\t\t<div class=\"elementor-element elementor-element-841a67c e-con-full e-flex e-con e-child\" data-id=\"841a67c\" data-element_type=\"container\" data-e-type=\"container\">\n\t\t\t\t<div class=\"elementor-element elementor-element-6e20756 elementor-widget__width-initial elementor-widget elementor-widget-image\" data-id=\"6e20756\" data-element_type=\"widget\" data-e-type=\"widget\" data-widget_type=\"image.default\">\n\t\t\t\t<div class=\"elementor-widget-container\">\n\t\t\t\t\t\t\t\t\t\t\t\t\t\t\t<img fetchpriority=\"high\" decoding=\"async\" width=\"300\" height=\"200\" src=\"https:\/\/www.uartes.edu.ec\/sitio\/proyectos-titulacion\/wp-content\/uploads\/sites\/33\/2024\/04\/271974722_354188209523180_8532097178962981311_n-1-300x200.jpg\" class=\"attachment-medium size-medium wp-image-772\" alt=\"\" srcset=\"https:\/\/www.uartes.edu.ec\/sitio\/proyectos-titulacion\/wp-content\/uploads\/sites\/33\/2024\/04\/271974722_354188209523180_8532097178962981311_n-1-300x200.jpg 300w, https:\/\/www.uartes.edu.ec\/sitio\/proyectos-titulacion\/wp-content\/uploads\/sites\/33\/2024\/04\/271974722_354188209523180_8532097178962981311_n-1-644x429.jpg 644w, https:\/\/www.uartes.edu.ec\/sitio\/proyectos-titulacion\/wp-content\/uploads\/sites\/33\/2024\/04\/271974722_354188209523180_8532097178962981311_n-1-768x512.jpg 768w, https:\/\/www.uartes.edu.ec\/sitio\/proyectos-titulacion\/wp-content\/uploads\/sites\/33\/2024\/04\/271974722_354188209523180_8532097178962981311_n-1-600x400.jpg 600w, https:\/\/www.uartes.edu.ec\/sitio\/proyectos-titulacion\/wp-content\/uploads\/sites\/33\/2024\/04\/271974722_354188209523180_8532097178962981311_n-1-272x182.jpg 272w, https:\/\/www.uartes.edu.ec\/sitio\/proyectos-titulacion\/wp-content\/uploads\/sites\/33\/2024\/04\/271974722_354188209523180_8532097178962981311_n-1.jpg 1080w\" sizes=\"(max-width: 300px) 100vw, 300px\" \/>\t\t\t\t\t\t\t\t\t\t\t\t\t\t\t<\/div>\n\t\t\t\t<\/div>\n\t\t\t\t<div class=\"elementor-element elementor-element-8bd18c6 elementor-shape-circle elementor-widget__width-initial elementor-grid-0 e-grid-align-center elementor-widget elementor-widget-social-icons\" data-id=\"8bd18c6\" data-element_type=\"widget\" data-e-type=\"widget\" data-widget_type=\"social-icons.default\">\n\t\t\t\t<div class=\"elementor-widget-container\">\n\t\t\t\t\t\t\t<div class=\"elementor-social-icons-wrapper elementor-grid\" role=\"list\">\n\t\t\t\t\t\t\t<span class=\"elementor-grid-item\" role=\"listitem\">\n\t\t\t\t\t<a class=\"elementor-icon elementor-social-icon elementor-social-icon-instagram elementor-repeater-item-f188996\" href=\"https:\/\/www.instagram.com\/fabriedison\/\" target=\"_blank\">\n\t\t\t\t\t\t<span class=\"elementor-screen-only\">Instagram<\/span>\n\t\t\t\t\t\t<svg aria-hidden=\"true\" class=\"e-font-icon-svg e-fab-instagram\" viewBox=\"0 0 448 512\" xmlns=\"http:\/\/www.w3.org\/2000\/svg\"><path d=\"M224.1 141c-63.6 0-114.9 51.3-114.9 114.9s51.3 114.9 114.9 114.9S339 319.5 339 255.9 287.7 141 224.1 141zm0 189.6c-41.1 0-74.7-33.5-74.7-74.7s33.5-74.7 74.7-74.7 74.7 33.5 74.7 74.7-33.6 74.7-74.7 74.7zm146.4-194.3c0 14.9-12 26.8-26.8 26.8-14.9 0-26.8-12-26.8-26.8s12-26.8 26.8-26.8 26.8 12 26.8 26.8zm76.1 27.2c-1.7-35.9-9.9-67.7-36.2-93.9-26.2-26.2-58-34.4-93.9-36.2-37-2.1-147.9-2.1-184.9 0-35.8 1.7-67.6 9.9-93.9 36.1s-34.4 58-36.2 93.9c-2.1 37-2.1 147.9 0 184.9 1.7 35.9 9.9 67.7 36.2 93.9s58 34.4 93.9 36.2c37 2.1 147.9 2.1 184.9 0 35.9-1.7 67.7-9.9 93.9-36.2 26.2-26.2 34.4-58 36.2-93.9 2.1-37 2.1-147.8 0-184.8zM398.8 388c-7.8 19.6-22.9 34.7-42.6 42.6-29.5 11.7-99.5 9-132.1 9s-102.7 2.6-132.1-9c-19.6-7.8-34.7-22.9-42.6-42.6-11.7-29.5-9-99.5-9-132.1s-2.6-102.7 9-132.1c7.8-19.6 22.9-34.7 42.6-42.6 29.5-11.7 99.5-9 132.1-9s102.7-2.6 132.1 9c19.6 7.8 34.7 22.9 42.6 42.6 11.7 29.5 9 99.5 9 132.1s2.7 102.7-9 132.1z\"><\/path><\/svg>\t\t\t\t\t<\/a>\n\t\t\t\t<\/span>\n\t\t\t\t\t\t\t<span class=\"elementor-grid-item\" role=\"listitem\">\n\t\t\t\t\t<a class=\"elementor-icon elementor-social-icon elementor-social-icon-youtube elementor-repeater-item-7c0d102\" href=\"https:\/\/www.youtube.com\/channel\/UC2eOoP7mNmpYAD8fcscWAHA\" target=\"_blank\">\n\t\t\t\t\t\t<span class=\"elementor-screen-only\">Youtube<\/span>\n\t\t\t\t\t\t<svg aria-hidden=\"true\" class=\"e-font-icon-svg e-fab-youtube\" viewBox=\"0 0 576 512\" xmlns=\"http:\/\/www.w3.org\/2000\/svg\"><path d=\"M549.655 124.083c-6.281-23.65-24.787-42.276-48.284-48.597C458.781 64 288 64 288 64S117.22 64 74.629 75.486c-23.497 6.322-42.003 24.947-48.284 48.597-11.412 42.867-11.412 132.305-11.412 132.305s0 89.438 11.412 132.305c6.281 23.65 24.787 41.5 48.284 47.821C117.22 448 288 448 288 448s170.78 0 213.371-11.486c23.497-6.321 42.003-24.171 48.284-47.821 11.412-42.867 11.412-132.305 11.412-132.305s0-89.438-11.412-132.305zm-317.51 213.508V175.185l142.739 81.205-142.739 81.201z\"><\/path><\/svg>\t\t\t\t\t<\/a>\n\t\t\t\t<\/span>\n\t\t\t\t\t<\/div>\n\t\t\t\t\t\t<\/div>\n\t\t\t\t<\/div>\n\t\t\t\t<\/div>\n\t\t<div class=\"elementor-element elementor-element-30f89b5 e-con-full e-flex e-con e-child\" data-id=\"30f89b5\" data-element_type=\"container\" data-e-type=\"container\">\n\t\t\t\t<div class=\"elementor-element elementor-element-e2068aa elementor-widget elementor-widget-text-editor\" data-id=\"e2068aa\" data-element_type=\"widget\" data-e-type=\"widget\" data-widget_type=\"text-editor.default\">\n\t\t\t\t<div class=\"elementor-widget-container\">\n\t\t\t\t\t\t\t\t\t<p><span style=\"color: #0ca4a4\"><strong>B\u00cdO: <\/strong><\/span><span class=\"TextRun SCXW75538866 BCX0\" lang=\"ES-EC\" xml:lang=\"ES-EC\" data-contrast=\"none\"><span class=\"NormalTextRun SCXW75538866 BCX0\" data-ccp-parastyle=\"Normal (Web)\">Compositor musical ecuatoriano interesado en la combinaci\u00f3n y transformaci\u00f3n de sonidos ac\u00fasticos y electr\u00f3nicos. Su resultado sonoro refleja una diversidad de influencias, adaptaciones y preferencias musicales. <\/span><span class=\"NormalTextRun SCXW75538866 BCX0\" data-ccp-parastyle=\"Normal (Web)\">Entre sus creaciones se encuentran<\/span><span class=\"NormalTextRun SCXW75538866 BCX0\" data-ccp-parastyle=\"Normal (Web)\"> la composici\u00f3n <\/span><span class=\"NormalTextRun SCXW75538866 BCX0\" data-ccp-parastyle=\"Normal (Web)\">de<\/span><span class=\"NormalTextRun SCXW75538866 BCX0\" data-ccp-parastyle=\"Normal (Web)\"> m\u00fasica para danza, bandas sonoras, m\u00fasica orquestal y m\u00fasica electr\u00f3nica<\/span><span class=\"NormalTextRun SCXW75538866 BCX0\" data-ccp-parastyle=\"Normal (Web)\">.<\/span><\/span><\/p><p class=\"zfr3Q CDt4Ke \" dir=\"ltr\"><strong><span class=\"C9DxTc \"><span style=\"color: #0ca4a4\">DESCRIPCI\u00d3N DE LA\u00a0 OBRA: <\/span><\/span><\/strong><strong><i>El pacto no consagrado<\/i><\/strong><span data-contrast=\"none\"> es una narraci\u00f3n musical de la leyenda quite\u00f1a <\/span><i><span data-contrast=\"none\">El atrio de San Francisco<\/span><\/i><span data-contrast=\"none\">. A trav\u00e9s de met\u00e1foras musicales, la obra pretende representar la historia de Cantu\u00f1a en su lucha por salvar su alma y terminar la construcci\u00f3n del atrio que le hab\u00eda sido encomendada.<\/span><span data-ccp-props=\"{&quot;134233117&quot;:true,&quot;134233118&quot;:true,&quot;201341983&quot;:0,&quot;335551550&quot;:6,&quot;335551620&quot;:6,&quot;335557856&quot;:16777215,&quot;335559740&quot;:276}\"> <br \/><\/span><span data-contrast=\"none\">La obra est\u00e1 constituida por tres movimientos y utiliza material musical que se va transformando y pasando por diferentes atm\u00f3sferas sonoras.\u00a0<\/span><span data-ccp-props=\"{&quot;134233117&quot;:true,&quot;134233118&quot;:true,&quot;201341983&quot;:0,&quot;335551550&quot;:6,&quot;335551620&quot;:6,&quot;335557856&quot;:16777215,&quot;335559740&quot;:276}\">\u00a0<\/span><\/p>\t\t\t\t\t\t\t\t<\/div>\n\t\t\t\t<\/div>\n\t\t\t\t<\/div>\n\t\t\t\t\t<\/div>\n\t\t\t\t<\/div>\n\t\t<div class=\"elementor-element elementor-element-80a3952 e-flex e-con-boxed e-con e-parent\" data-id=\"80a3952\" data-element_type=\"container\" data-e-type=\"container\">\n\t\t\t\t\t<div class=\"e-con-inner\">\n\t\t\t\t<div class=\"elementor-element elementor-element-a8cb32b e-tabs-view-vertical elementor-layout-end elementor-widget elementor-widget-video-playlist\" data-id=\"a8cb32b\" data-element_type=\"widget\" data-e-type=\"widget\" data-settings=\"{&quot;playlist_title&quot;:&quot;Lista de reproducci\\u00f3n&quot;,&quot;tabs&quot;:[{&quot;title&quot;:&quot;El pacto no consagrado&quot;,&quot;youtube_url&quot;:&quot;https:\\\/\\\/www.youtube.com\\\/watch?v=LBg4y2_2jzI&quot;,&quot;duration&quot;:&quot;0:16&quot;,&quot;thumbnail&quot;:{&quot;url&quot;:&quot;http:\\\/\\\/www.uartes.edu.ec\\\/sitio\\\/proyectos-titulacion\\\/wp-content\\\/uploads\\\/sites\\\/33\\\/2024\\\/04\\\/pacto.png&quot;,&quot;id&quot;:&quot;785&quot;,&quot;size&quot;:&quot;&quot;,&quot;alt&quot;:&quot;&quot;,&quot;source&quot;:&quot;library&quot;},&quot;_id&quot;:&quot;f444aba&quot;,&quot;vimeo_url&quot;:null,&quot;type&quot;:&quot;youtube&quot;,&quot;is_external_url&quot;:null,&quot;hosted_url&quot;:null,&quot;external_url&quot;:null,&quot;section_html_tag&quot;:null,&quot;video_html_tag&quot;:&quot;h4&quot;,&quot;inner_tab_is_content_visible&quot;:&quot;&quot;,&quot;inner_tab_content_1&quot;:null,&quot;inner_tab_content_2&quot;:null}],&quot;inner_tab_title_1&quot;:&quot;Pesta\\u00f1a 1&quot;,&quot;inner_tab_title_2&quot;:&quot;Pesta\\u00f1a 2&quot;}\" data-widget_type=\"video-playlist.default\">\n\t\t\t\t<div class=\"elementor-widget-container\">\n\t\t\t\t\t\n\t\t<div class=\"e-tabs\" role=\"region\" aria-labelledby=\"e-playlist-a8cb32b\">\n\t\t\t<div class=\"e-tabs-main-area\">\n\t\t\t\t<div class=\"e-tabs-wrapper\">\n\t\t\t\t\t<div class=\"e-tabs-header\">\n\t\t\t\t\t\t<h2 class=\"e-tabs-title\" id=\"e-playlist-a8cb32b\">Lista de reproducci\u00f3n<\/h2>\n\t\t\t\t\t\t<div class=\"e-tabs-header-right-side\">\n\t\t\t\t\t\t\t\t\t\t\t\t\t\t\t<span class=\"e-tabs-videos-count\">1 V\u00eddeos<\/span>\n\t\t\t\t\t\t\t\t\t\t\t\t\t\t<svg aria-hidden=\"true\" class=\"e-tabs-toggle-videos-display-button rotate-down e-font-icon-svg e-eicon-caret-down\" viewBox=\"0 0 571.4 571.4\" xmlns=\"http:\/\/www.w3.org\/2000\/svg\"><path d=\"M571 393Q571 407 561 418L311 668Q300 679 286 679T261 668L11 418Q0 407 0 393T11 368 36 357H536Q550 357 561 368T571 393Z\"><\/path><\/svg>\t\t\t\t\t\t<\/div>\n\t\t\t\t\t<\/div>\n\t\t\t\t\t<div class=\"e-tabs-items-wrapper\">\n\t\t\t\t\t\t<div class=\"e-tabs-items\" role=\"tablist\">\n\t\t\t\t\t\t\t\t\t\t\t\t\t\t\t\t\t\t\t\t\t\t\t\t<div id=\"e-tab-title-1761\" class=\"e-tab-title e-tab-desktop-title\" aria-selected=\"true\" data-tab=\"1\" role=\"tab\" tabindex=\"0\" aria-controls=\"e-tab-content-1761\">\n\t\t\t\t\t\t\t\t\t\t\t\t\t\t\t\t\t\t\t\t\t<div class=\"e-tab-thumbnail\">\n\t\t\t\t\t\t\t\t\t\t\t\t\t\t\t\t\t\t\t\t\t\t\t\t\t<img decoding=\"async\" src=\"http:\/\/www.uartes.edu.ec\/sitio\/proyectos-titulacion\/wp-content\/uploads\/sites\/33\/2024\/04\/pacto.png\" alt=\"El pacto no consagrado\" loading=\"lazy\" \/>\n\t\t\t\t\t\t\t\t\t\t\t\t\t\t\t\t\t\t\t\t\t\t\t\t<span class=\"icon-play\"><svg aria-hidden=\"true\" class=\"e-font-icon-svg e-fas-play-circle\" viewBox=\"0 0 512 512\" xmlns=\"http:\/\/www.w3.org\/2000\/svg\"><path d=\"M256 8C119 8 8 119 8 256s111 248 248 248 248-111 248-248S393 8 256 8zm115.7 272l-176 101c-15.8 8.8-35.7-2.5-35.7-21V152c0-18.4 19.8-29.8 35.7-21l176 107c16.4 9.2 16.4 32.9 0 42z\"><\/path><\/svg><\/span>\n\t\t\t\t\t\t\t\t\t\t\t\t<span class=\"icon-watched\"><svg aria-hidden=\"true\" class=\"e-font-icon-svg e-fas-check-circle\" viewBox=\"0 0 512 512\" xmlns=\"http:\/\/www.w3.org\/2000\/svg\"><path d=\"M504 256c0 136.967-111.033 248-248 248S8 392.967 8 256 119.033 8 256 8s248 111.033 248 248zM227.314 387.314l184-184c6.248-6.248 6.248-16.379 0-22.627l-22.627-22.627c-6.248-6.249-16.379-6.249-22.628 0L216 308.118l-70.059-70.059c-6.248-6.248-16.379-6.248-22.628 0l-22.627 22.627c-6.248 6.248-6.248 16.379 0 22.627l104 104c6.249 6.249 16.379 6.249 22.628.001z\"><\/path><\/svg><\/span>\n\t\t\t\t\t\t\t\t\t\t\t<\/div>\n\t\t\t\t\t\t\t\t\t\t\t\t\t\t\t\t\t\t\t\t<h4 class=\"e-tab-title-text\">\n\t\t\t\t\t\t\t\t\t\t\t<button type=\"button\">El pacto no consagrado<\/button>\n\t\t\t\t\t\t\t\t\t\t<\/h4>\n\t\t\t\t\t\t\t\t\t\t\t\t\t\t\t\t\t\t\t<\/div>\n\t\t\t\t\t\t\t\t\t\t\t\t\t\t\t\t\t\t\t\t\t<\/div>\n\t\t\t\t\t\t<div class=\"shadow shadow-top\" aria-hidden=\"true\"><\/div>\n\t\t\t\t\t\t<div class=\"shadow shadow-bottom\" aria-hidden=\"true\"><\/div>\n\t\t\t\t\t<\/div>\n\t\t\t\t<\/div>\n\n\t\t\t\t<div class=\"e-tabs-content-wrapper\" role=\"tablist\" aria-orientation=\"vertical\">\n\t\t\t\t\t\t\t\t\t\t\t<div id=\"e-tab-content-1761\" class=\"e-tab-content elementor-clearfix\" data-tab=\"1\" role=\"tabpanel\" aria-labelledby=\"e-tab-title-1761\" tabindex=\"0\" data-video-url=\"https:\/\/www.youtube.com\/watch?v=LBg4y2_2jzI\" data-video-type=\"youtube\" data-video-title=\"El pacto no consagrado\" data-video-duration=\"0:16\">\n\t\t\t\t\t\t\t<div><\/div>\n\t\t\t\t\t\t\t\t\t\t\t\t\t<\/div>\n\t\t\t\t\t\t\t\t\t<\/div>\n\t\t\t<\/div>\n\n\t\t\t<div class=\"e-tabs-inner-tabs\" >\n\t\t\t\t\t\t\t\t\t\t\t\t\t\t\t\t<\/div>\n\t\t<\/div>\n\t\t\t\t\t\t<\/div>\n\t\t\t\t<\/div>\n\t\t\t\t\t<\/div>\n\t\t\t\t<\/div>\n\t\t<div class=\"elementor-element elementor-element-eb31140 e-flex e-con-boxed e-con e-parent\" data-id=\"eb31140\" data-element_type=\"container\" data-e-type=\"container\">\n\t\t\t\t\t<div class=\"e-con-inner\">\n\t\t\t\t<div class=\"elementor-element elementor-element-c760b1d elementor-align-right elementor-widget elementor-widget-button\" data-id=\"c760b1d\" data-element_type=\"widget\" data-e-type=\"widget\" data-widget_type=\"button.default\">\n\t\t\t\t<div class=\"elementor-widget-container\">\n\t\t\t\t\t\t\t\t\t<div class=\"elementor-button-wrapper\">\n\t\t\t\t\t<a class=\"elementor-button elementor-button-link elementor-size-sm\" href=\"https:\/\/www.uartes.edu.ec\/sitio\/proyectos-titulacion\/\">\n\t\t\t\t\t\t<span class=\"elementor-button-content-wrapper\">\n\t\t\t\t\t\t\t\t\t<span class=\"elementor-button-text\">Regresar<\/span>\n\t\t\t\t\t<\/span>\n\t\t\t\t\t<\/a>\n\t\t\t\t<\/div>\n\t\t\t\t\t\t\t\t<\/div>\n\t\t\t\t<\/div>\n\t\t\t\t\t<\/div>\n\t\t\t\t<\/div>\n\t\t\t\t<\/div>\n\t\t","protected":false},"excerpt":{"rendered":"<p>Obras de Composici\u00f3n Musical y Artes Sonoras 2.\u00aa COHORTE 2022-2024 Instagram Youtube B\u00cdO: Compositor musical ecuatoriano interesado en la combinaci\u00f3n y transformaci\u00f3n de sonidos ac\u00fasticos y electr\u00f3nicos. Su resultado sonoro refleja una diversidad de influencias, adaptaciones y preferencias musicales. Entre sus creaciones se encuentran la composici\u00f3n de m\u00fasica para danza, bandas sonoras, m\u00fasica orquestal y [&hellip;]<\/p>\n","protected":false},"author":1,"featured_media":0,"parent":0,"menu_order":0,"comment_status":"closed","ping_status":"closed","template":"","meta":{"_uag_custom_page_level_css":"","_monsterinsights_skip_tracking":false,"_monsterinsights_sitenote_active":false,"_monsterinsights_sitenote_note":"","_monsterinsights_sitenote_category":0,"cybocfi_hide_featured_image":"","footnotes":""},"class_list":["post-770","page","type-page","status-publish","hentry"],"uagb_featured_image_src":{"full":false,"thumbnail":false,"medium":false,"medium_large":false,"large":false,"1536x1536":false,"2048x2048":false},"uagb_author_info":{"display_name":"Universidad de las Artes","author_link":"https:\/\/www.uartes.edu.ec\/sitio\/proyectos-titulacion\/author\/dircomadm\/"},"uagb_comment_info":0,"uagb_excerpt":"Obras de Composici\u00f3n Musical y Artes Sonoras 2.\u00aa COHORTE 2022-2024 Instagram Youtube B\u00cdO: Compositor musical ecuatoriano interesado en la combinaci\u00f3n y transformaci\u00f3n de sonidos ac\u00fasticos y electr\u00f3nicos. Su resultado sonoro refleja una diversidad de influencias, adaptaciones y preferencias musicales. Entre sus creaciones se encuentran la composici\u00f3n de m\u00fasica para danza, bandas sonoras, m\u00fasica orquestal y&hellip;","distributor_meta":false,"distributor_terms":false,"distributor_media":false,"distributor_original_site_name":"Proyectos de Titulaci\u00f3n - Posgrados UArtes","distributor_original_site_url":"https:\/\/www.uartes.edu.ec\/sitio\/proyectos-titulacion","push-errors":false,"_links":{"self":[{"href":"https:\/\/www.uartes.edu.ec\/sitio\/proyectos-titulacion\/wp-json\/wp\/v2\/pages\/770","targetHints":{"allow":["GET"]}}],"collection":[{"href":"https:\/\/www.uartes.edu.ec\/sitio\/proyectos-titulacion\/wp-json\/wp\/v2\/pages"}],"about":[{"href":"https:\/\/www.uartes.edu.ec\/sitio\/proyectos-titulacion\/wp-json\/wp\/v2\/types\/page"}],"author":[{"embeddable":true,"href":"https:\/\/www.uartes.edu.ec\/sitio\/proyectos-titulacion\/wp-json\/wp\/v2\/users\/1"}],"replies":[{"embeddable":true,"href":"https:\/\/www.uartes.edu.ec\/sitio\/proyectos-titulacion\/wp-json\/wp\/v2\/comments?post=770"}],"version-history":[{"count":28,"href":"https:\/\/www.uartes.edu.ec\/sitio\/proyectos-titulacion\/wp-json\/wp\/v2\/pages\/770\/revisions"}],"predecessor-version":[{"id":1020,"href":"https:\/\/www.uartes.edu.ec\/sitio\/proyectos-titulacion\/wp-json\/wp\/v2\/pages\/770\/revisions\/1020"}],"wp:attachment":[{"href":"https:\/\/www.uartes.edu.ec\/sitio\/proyectos-titulacion\/wp-json\/wp\/v2\/media?parent=770"}],"curies":[{"name":"wp","href":"https:\/\/api.w.org\/{rel}","templated":true}]}}