{"id":143,"date":"2022-06-23T17:06:12","date_gmt":"2022-06-23T22:06:12","guid":{"rendered":"http:\/\/www.uartes.edu.ec\/sitio\/sonocordia\/sonocordia\/sobre-la-revista\/"},"modified":"2024-07-12T14:26:21","modified_gmt":"2024-07-12T19:26:21","slug":"sobre-la-revista","status":"publish","type":"page","link":"http:\/\/www.uartes.edu.ec\/sitio\/sonocordia\/sobre-la-revista\/","title":{"rendered":"Sobre la revista"},"content":{"rendered":"\n<h3 class=\"wp-block-heading\">Misi\u00f3n<\/h3>\n\n\n\n<p>Publicar e incentivar art\u00edculos cient\u00edficos y acad\u00e9micos de contenido musical, que cumplan los est\u00e1ndares de indexaci\u00f3n internacional.<\/p>\n\n\n\n<h3 class=\"wp-block-heading\">Visi\u00f3n<\/h3>\n\n\n\n<p>Ser una revista l\u00edder de contenido abierto a la comunidad mundial que divulgue los trabajos de investigaci\u00f3n musical a trav\u00e9s de los escritos acad\u00e9micos y formatos multimedia.<\/p>\n\n\n\n<h3 class=\"wp-block-heading\">Sobre la revista<\/h3>\n\n\n\n<p>Sonocordia es una revista musical, cient\u00edfica y acad\u00e9mica de la Escuela de Artes Sonoras de la Universidad de las Artes del Ecuador. El contenido de sus publicaciones se rige bajo los est\u00e1ndares de indexaci\u00f3n internacional. Todos los art\u00edculos publicados han sido sometidos a una revisi\u00f3n preliminar por el Consejo Editorial de la revista Sonocordia, para luego continuar su revisi\u00f3n a cargo de pares ciegos externos. Entre los ep\u00edgrafes que abordan las publicaciones de la revista Sonocordia, contamos con art\u00edculos sobre: artes sonoras, producci\u00f3n musical, musicolog\u00eda, etnomusicolog\u00eda, musicolog\u00eda popular, entre otros temas de las artes musicales.<\/p>\n\n\n\n<p>La revista Sonocordia cuenta con una secci\u00f3n de publicaci\u00f3n de partituras in\u00e9ditas de autores contempor\u00e1neos vigentes, las cuales han sido revisadas y aprobadas por el Consejo Editorial. Las obras que se presenten en esta secci\u00f3n deber\u00e1n tener una extensi\u00f3n de cinco p\u00e1ginas como m\u00e1ximo. Para mayor informaci\u00f3n sobre las especificaciones para la diagramaci\u00f3n y maquetaci\u00f3n de una partitura, lo invitamos a visitar <em>Especificaciones para publicaci\u00f3n<\/em> en la secci\u00f3n <em>Para autores<\/em>.<\/p>\n\n\n\n<p>En la secci\u00f3n <em>Fuera de tono<\/em>, la revista Sonocordia publica art\u00edculos art\u00edsticos relacionados con las artes sonoras, los cuales pueden contener diferentes formatos como: entrevistas, rese\u00f1as de libros, rese\u00f1as de discos, rese\u00f1as de documentales, rese\u00f1as de pel\u00edculas, testimonios, entre otros formatos. Cabe resaltar, que todos los art\u00edculos que se presenten a la revista ser\u00e1n evaluados por el Consejo Editorial y deber\u00e1n contener los est\u00e1ndares que requiere una publicaci\u00f3n de una revista indexada.<\/p>\n\n\n\n<h3 class=\"wp-block-heading\">Objetivo General<\/h3>\n\n\n\n<p>La revista Sonocordia tiene como objetivo publicar e incentivar art\u00edculos cient\u00edficos y acad\u00e9micos de contenido musical, que cumplan los est\u00e1ndares de indexaci\u00f3n internacional. As\u00ed, busca contribuir al desarrollo y la difusi\u00f3n del conocimiento musical en sus diversas formas y expresiones.<\/p>\n\n\n\n<h3 class=\"wp-block-heading\">Cobertura<\/h3>\n\n\n\n<p>La revista Sonocordia abarca una amplia gama de temas relacionados con las artes sonoras, la producci\u00f3n musical, la musicolog\u00eda, la etnomusicolog\u00eda, la musicolog\u00eda popular y otras \u00e1reas de las artes musicales. Adem\u00e1s, ofrece una secci\u00f3n de publicaci\u00f3n de partituras in\u00e9ditas de autores contempor\u00e1neos y una secci\u00f3n de art\u00edculos art\u00edsticos que pueden contener diferentes formatos multimedia.<\/p>\n\n\n\n<h3 class=\"wp-block-heading\">P\u00fablico al que va dirigida<\/h3>\n\n\n\n<p>La revista Sonocordia est\u00e1 dirigida a la comunidad mundial interesada en la investigaci\u00f3n musical, tanto acad\u00e9mica como art\u00edstica. Su p\u00fablico incluye a profesores, estudiantes, investigadores, m\u00fasicos, compositores, productores, cr\u00edticos y aficionados al arte sonoro. La revista tiene un car\u00e1cter de contenido abierto y acceso gratuito, lo que facilita su divulgaci\u00f3n y alcance.<\/p>\n\n\n\n<h3 class=\"wp-block-heading\">Per\u00edodo de publicaci\u00f3n<\/h3>\n\n\n\n<p>Sonocordia. Revista de artes sonoras y producci\u00f3n musical es publicada dos veces al a\u00f1o, durante los meses de mayo y noviembre. Adem\u00e1s, se publicar\u00e1n n\u00fameros extraordinarios a partir de eventos acad\u00e9micos o convocatorias de dosier que se realicen con editores invitados.<\/p>\n\n\n\n<h3 class=\"wp-block-heading\">Consejo editorial<\/h3>\n\n\n\n<p>El consejo editorial es el \u00f3rgano ejecutivo de la Editorial. Entre sus funciones se encuentra:<\/p>\n\n\n\n<ol class=\"wp-block-list\" style=\"list-style-type:1\">\n<li>Supervisar la correcta aplicaci\u00f3n de este Reglamento.<\/li>\n\n\n\n<li>Supervisar la pol\u00edtica editorial de la Universidad de las Artes.<\/li>\n\n\n\n<li>Definir los mecanismos de evaluaci\u00f3n editorial para la publicaci\u00f3n.<\/li>\n\n\n\n<li>Dictaminar o comisionar las evaluaciones externas de las publicaciones de la editorial.<\/li>\n\n\n\n<li>Seleccionar dictaminadores externos para la publicaci\u00f3n, seg\u00fan crea conveniente.<\/li>\n\n\n\n<li>Delegar comisiones ocasionales que crea convenientes.<\/li>\n\n\n\n<li>Monitorear la implementaci\u00f3n del proceso editorial en todas sus fases: dictamen, edici\u00f3n, divulgaci\u00f3n y distribuci\u00f3n de las obras.<\/li>\n\n\n\n<li>Aprobar el plan anual de publicaciones.<\/li>\n\n\n\n<li>Hacer modificaciones al plan anual de publicaciones seg\u00fan requerimientos institucionales expresadas por las autoridades.<\/li>\n\n\n\n<li>Convocar a sesi\u00f3n ordinaria o extraordinaria del Consejo, seg\u00fan se crea conveniente.<\/li>\n\n\n\n<li>Nombrar al secretario del Consejo editorial.<\/li>\n\n\n\n<li>Nombrar las comisiones que crea pertinentes A favor de una gesti\u00f3n m\u00e1s cuidadosa y eficiente de los proyectos editoriales.<\/li>\n\n\n\n<li>Evaluar el rendimiento de la direcci\u00f3n de la editorial.<\/li>\n<\/ol>\n\n\n\n<h3 class=\"wp-block-heading\">Consejo asesor<\/h3>\n\n\n\n<p>Entre las Funciones de los consejeros se encuentran.<\/p>\n\n\n\n<ol class=\"wp-block-list\" style=\"list-style-type:1\">\n<li>Acercar al Consejo editorial la producci\u00f3n art\u00edstica, investigativa y acad\u00e9mica de los docentes y estudiantes de la Universidad de las Artes, as\u00ed como la de dem\u00e1s actores del espectro art\u00edstico que encuentren pertinente hacerlo.<\/li>\n\n\n\n<li>Patrocinar o designar el patrocinio de los proyectos acad\u00e9micos o art\u00edsticos que encuentren conveniente hacerlo.<\/li>\n\n\n\n<li>Asesorar al director\/a editorial sobre los distintos proyectos editoriales que se encuentren en proceso de dictamen, edici\u00f3n, publicaci\u00f3n, divulgaci\u00f3n o distribuci\u00f3n.<\/li>\n\n\n\n<li>Proponer reparos o modificaciones al presente reglamento.<\/li>\n\n\n\n<li>Presentar reparos o modificaciones a la pol\u00edtica editorial.<\/li>\n\n\n\n<li>Registrar su participaci\u00f3n en las actas resultantes de las sesiones concernientes a la editorial.<\/li>\n\n\n\n<li>Nominar comisiones transitorias para encargar el tutelaje, dictamen, edici\u00f3n y otras formas de participaci\u00f3n de los proyectos editoriales en la universidad.<\/li>\n\n\n\n<li>Nominar dictaminadores externos ocasionales para la evaluaci\u00f3n de trabajos en v\u00edas de publicarse.<\/li>\n\n\n\n<li>Nominar asesores externos ocasionales en beneficio del quehacer de la editorial.<\/li>\n<\/ol>\n","protected":false},"excerpt":{"rendered":"<p>Misi\u00f3n Publicar e incentivar art\u00edculos cient\u00edficos y acad\u00e9micos de contenido musical, que cumplan los est\u00e1ndares de indexaci\u00f3n internacional. Visi\u00f3n Ser una revista l\u00edder de contenido abierto a la comunidad mundial que divulgue los trabajos de investigaci\u00f3n musical a trav\u00e9s de <a class=\"more-link\" href=\"http:\/\/www.uartes.edu.ec\/sitio\/sonocordia\/sobre-la-revista\/\">Seguir leyendo <span class=\"screen-reader-text\">  Sobre la revista<\/span><span class=\"meta-nav\">&rarr;<\/span><\/a><\/p>\n","protected":false},"author":1,"featured_media":0,"parent":0,"menu_order":4,"comment_status":"closed","ping_status":"closed","template":"","meta":{"_uag_custom_page_level_css":"","_monsterinsights_skip_tracking":false,"_monsterinsights_sitenote_active":false,"_monsterinsights_sitenote_note":"","_monsterinsights_sitenote_category":0,"cybocfi_hide_featured_image":"","footnotes":""},"class_list":["post-143","page","type-page","status-publish","hentry"],"uagb_featured_image_src":{"full":false,"thumbnail":false,"medium":false,"medium_large":false,"large":false,"1536x1536":false,"2048x2048":false,"gb-block-post-grid-landscape":false,"gb-block-post-grid-square":false,"featured-slider-larger":false,"featured-slider":false},"uagb_author_info":{"display_name":"Universidad de las Artes","author_link":"https:\/\/www.uartes.edu.ec\/sitio\/sonocordia\/author\/dircomadm\/"},"uagb_comment_info":0,"uagb_excerpt":"Misi\u00f3n Publicar e incentivar art\u00edculos cient\u00edficos y acad\u00e9micos de contenido musical, que cumplan los est\u00e1ndares de indexaci\u00f3n internacional. Visi\u00f3n Ser una revista l\u00edder de contenido abierto a la comunidad mundial que divulgue los trabajos de investigaci\u00f3n musical a trav\u00e9s de Seguir leyendo Sobre la revista&rarr;","featured_image_src":null,"featured_image_src_square":null,"distributor_meta":false,"distributor_terms":false,"distributor_media":false,"distributor_original_site_name":"Sonocordia","distributor_original_site_url":"https:\/\/www.uartes.edu.ec\/sitio\/sonocordia","push-errors":false,"_links":{"self":[{"href":"https:\/\/www.uartes.edu.ec\/sitio\/sonocordia\/wp-json\/wp\/v2\/pages\/143","targetHints":{"allow":["GET"]}}],"collection":[{"href":"https:\/\/www.uartes.edu.ec\/sitio\/sonocordia\/wp-json\/wp\/v2\/pages"}],"about":[{"href":"https:\/\/www.uartes.edu.ec\/sitio\/sonocordia\/wp-json\/wp\/v2\/types\/page"}],"author":[{"embeddable":true,"href":"https:\/\/www.uartes.edu.ec\/sitio\/sonocordia\/wp-json\/wp\/v2\/users\/1"}],"replies":[{"embeddable":true,"href":"https:\/\/www.uartes.edu.ec\/sitio\/sonocordia\/wp-json\/wp\/v2\/comments?post=143"}],"version-history":[{"count":6,"href":"https:\/\/www.uartes.edu.ec\/sitio\/sonocordia\/wp-json\/wp\/v2\/pages\/143\/revisions"}],"predecessor-version":[{"id":342,"href":"https:\/\/www.uartes.edu.ec\/sitio\/sonocordia\/wp-json\/wp\/v2\/pages\/143\/revisions\/342"}],"wp:attachment":[{"href":"https:\/\/www.uartes.edu.ec\/sitio\/sonocordia\/wp-json\/wp\/v2\/media?parent=143"}],"curies":[{"name":"wp","href":"https:\/\/api.w.org\/{rel}","templated":true}]}}