{"id":209,"date":"2022-11-14T11:55:17","date_gmt":"2022-11-14T16:55:17","guid":{"rendered":"http:\/\/www.uartes.edu.ec\/sitio\/sonocordia\/solicitud-de-permisos\/"},"modified":"2022-11-18T16:55:45","modified_gmt":"2022-11-18T21:55:45","slug":"solicitud-de-permisos","status":"publish","type":"page","link":"http:\/\/www.uartes.edu.ec\/sitio\/sonocordia\/solicitud-de-permisos\/","title":{"rendered":"Solicitud de permisos"},"content":{"rendered":"\n<p>Para usos educativos, investigativos o culturales <strong>sin fines de lucro<\/strong> o para cualquier otro uso especial deber\u00e1 solicitar la autorizaci\u00f3n de protecci\u00f3n a los derechos de autor a la direcci\u00f3n editorial de la revista, escribiendo al email: <a href=\"mailto:revista.sonocordia@uartes.edu.ec\">revista.sonocordia@uartes.edu.ec<\/a><\/p>\n\n\n\n<p>Para mayor informaci\u00f3n puede referirse a las <a href=\"http:\/\/mz14.uartes.edu.ec\/download\/politicas-de-la-editorial\/\">Pol\u00edticas de la Editorial<\/a> y al <a href=\"http:\/\/mz14.uartes.edu.ec\/download\/reglamento\/\">Reglamento<\/a> de  <a href=\"http:\/\/mz14.uartes.edu.ec\/inicio\/servicios\/editorial\/especificaciones-para-publicacion\/\">Uartes Ediciones<\/a>.<\/p>\n","protected":false},"excerpt":{"rendered":"<p>Para usos educativos, investigativos o culturales sin fines de lucro o para cualquier otro uso especial deber\u00e1 solicitar la autorizaci\u00f3n de protecci\u00f3n a los derechos de autor a la direcci\u00f3n editorial de la revista, escribiendo al email: revista.sonocordia@uartes.edu.ec Para mayor <a class=\"more-link\" href=\"http:\/\/www.uartes.edu.ec\/sitio\/sonocordia\/solicitud-de-permisos\/\">Seguir leyendo <span class=\"screen-reader-text\">  Solicitud de permisos<\/span><span class=\"meta-nav\">&rarr;<\/span><\/a><\/p>\n","protected":false},"author":1,"featured_media":0,"parent":0,"menu_order":7,"comment_status":"closed","ping_status":"closed","template":"","meta":{"_uag_custom_page_level_css":"","_monsterinsights_skip_tracking":false,"_monsterinsights_sitenote_active":false,"_monsterinsights_sitenote_note":"","_monsterinsights_sitenote_category":0,"cybocfi_hide_featured_image":"","footnotes":""},"class_list":["post-209","page","type-page","status-publish","hentry"],"uagb_featured_image_src":{"full":false,"thumbnail":false,"medium":false,"medium_large":false,"large":false,"1536x1536":false,"2048x2048":false,"gb-block-post-grid-landscape":false,"gb-block-post-grid-square":false,"featured-slider-larger":false,"featured-slider":false},"uagb_author_info":{"display_name":"Universidad de las Artes","author_link":"https:\/\/www.uartes.edu.ec\/sitio\/sonocordia\/author\/dircomadm\/"},"uagb_comment_info":0,"uagb_excerpt":"Para usos educativos, investigativos o culturales sin fines de lucro o para cualquier otro uso especial deber\u00e1 solicitar la autorizaci\u00f3n de protecci\u00f3n a los derechos de autor a la direcci\u00f3n editorial de la revista, escribiendo al email: revista.sonocordia@uartes.edu.ec Para mayor Seguir leyendo Solicitud de permisos&rarr;","featured_image_src":null,"featured_image_src_square":null,"distributor_meta":false,"distributor_terms":false,"distributor_media":false,"distributor_original_site_name":"Sonocordia","distributor_original_site_url":"https:\/\/www.uartes.edu.ec\/sitio\/sonocordia","push-errors":false,"_links":{"self":[{"href":"https:\/\/www.uartes.edu.ec\/sitio\/sonocordia\/wp-json\/wp\/v2\/pages\/209","targetHints":{"allow":["GET"]}}],"collection":[{"href":"https:\/\/www.uartes.edu.ec\/sitio\/sonocordia\/wp-json\/wp\/v2\/pages"}],"about":[{"href":"https:\/\/www.uartes.edu.ec\/sitio\/sonocordia\/wp-json\/wp\/v2\/types\/page"}],"author":[{"embeddable":true,"href":"https:\/\/www.uartes.edu.ec\/sitio\/sonocordia\/wp-json\/wp\/v2\/users\/1"}],"replies":[{"embeddable":true,"href":"https:\/\/www.uartes.edu.ec\/sitio\/sonocordia\/wp-json\/wp\/v2\/comments?post=209"}],"version-history":[{"count":3,"href":"https:\/\/www.uartes.edu.ec\/sitio\/sonocordia\/wp-json\/wp\/v2\/pages\/209\/revisions"}],"predecessor-version":[{"id":270,"href":"https:\/\/www.uartes.edu.ec\/sitio\/sonocordia\/wp-json\/wp\/v2\/pages\/209\/revisions\/270"}],"wp:attachment":[{"href":"https:\/\/www.uartes.edu.ec\/sitio\/sonocordia\/wp-json\/wp\/v2\/media?parent=209"}],"curies":[{"name":"wp","href":"https:\/\/api.w.org\/{rel}","templated":true}]}}