{"id":21,"date":"2020-05-26T02:17:32","date_gmt":"2020-05-26T02:17:32","guid":{"rendered":"http:\/\/www.uartes.edu.ec\/sitio\/sonocordia\/?page_id=21"},"modified":"2020-05-26T16:38:22","modified_gmt":"2020-05-26T16:38:22","slug":"sonocordia","status":"publish","type":"page","link":"https:\/\/www.uartes.edu.ec\/sitio\/sonocordia\/","title":{"rendered":"Sonocordia"},"content":{"rendered":"<div class=\"pt-cv-wrapper\"><div class=\"pt-cv-view pt-cv-grid pt-cv-colsys\" id=\"pt-cv-view-fd166bcahx\"><div data-id=\"pt-cv-page-1\" class=\"pt-cv-page\" data-cvc=\"1\"><div class=\"col-md-12 col-sm-12 col-xs-12 pt-cv-content-item pt-cv-1-col\" ><div class='pt-cv-ifield'><h2 class=\"pt-cv-title\"><a href=\"http:\/\/www.uartes.edu.ec\/sitio\/sonocordia\/2024\/05\/02\/volumen-3-n-9\/\" class=\"_self\" target=\"_self\" >Volumen 3\/N\u00b0 9<\/a><\/h2>\n<div class=\"pt-cv-content\">\n<div class=\"wp-block-columns is-layout-flex wp-container-core-columns-is-layout-9d6595d7 wp-block-columns-is-layout-flex\">\n<div class=\"wp-block-column is-layout-flow wp-block-column-is-layout-flow\" style=\"flex-basis:30%\">\n<figure class=\"wp-block-image size-large\"><img fetchpriority=\"high\" fetchpriority=\"high\" decoding=\"async\" width=\"711\" height=\"1024\" src=\"https:\/\/www.uartes.edu.ec\/sitio\/sonocordia\/wp-content\/uploads\/sites\/15\/2024\/08\/SONOCORDIA-9-1-711x1024.jpg\" alt=\"\" class=\"wp-image-369\" srcset=\"https:\/\/www.uartes.edu.ec\/sitio\/sonocordia\/wp-content\/uploads\/sites\/15\/2024\/08\/SONOCORDIA-9-1-711x1024.jpg 711w, https:\/\/www.uartes.edu.ec\/sitio\/sonocordia\/wp-content\/uploads\/sites\/15\/2024\/08\/SONOCORDIA-9-1-208x300.jpg 208w, https:\/\/www.uartes.edu.ec\/sitio\/sonocordia\/wp-content\/uploads\/sites\/15\/2024\/08\/SONOCORDIA-9-1-768x1106.jpg 768w, https:\/\/www.uartes.edu.ec\/sitio\/sonocordia\/wp-content\/uploads\/sites\/15\/2024\/08\/SONOCORDIA-9-1.jpg 1000w\" sizes=\"(max-width: 711px) 100vw, 711px\" \/><\/figure>\n<\/div>\n\n\n\n<div class=\"wp-block-column is-layout-flow wp-block-column-is-layout-flow\">\n<p><strong>SONOCORDIA<\/strong>. Revista de artes sonoras y producci\u00f3n musical<br \/>Universidad de las Artes<br \/>Volumen 3, N\u00famero 8. Mayo 2024.<br \/>ISSN 2697-3545 2953-657X<\/p>\n\n\n\n<p><strong>SONOCORDIA<\/strong>. Revista de artes sonoras y producci\u00f3n musical es una propuesta editorial cient\u00edfica, colectiva y arbitrada acad\u00e9micamente que nace en la Escuela de Artes Sonoras (EAS) de la Universidad de las Artes (Guayaquil, Ecuador), con la intenci\u00f3n de difundir investigaci\u00f3n acad\u00e9mica y partituras in\u00e9ditas de composici\u00f3n sonora.<\/p>\n<\/div>\n<\/div>\n\n\n\n<div class=\"wp-block-columns is-layout-flex wp-container-core-columns-is-layout-9d6595d7 wp-block-columns-is-layout-flex\">\n<div class=\"wp-block-column is-layout-flow wp-block-column-is-layout-flow\" style=\"flex-basis:30%\">\n<p><a href=\"https:\/\/www.uartes.edu.ec\/sitio\/download\/sonocordia-vol-3-n-9\/?wpdmdl=60076&amp;masterkey\">DESCARGAR EL PDF COMPLETO DE LA VERSI\u00d3N IMPRESA DE LA REVISTA \u2192<\/a><\/p>\n<\/div>\n\n\n\n<div class=\"wp-block-column is-layout-flow wp-block-column-is-layout-flow\">\n<h4 class=\"wp-block-heading\" id=\"introduccion\"><a href=\"https:\/\/www.uartes.edu.ec\/sitio\/download\/sonocordia-9-00-intro-pdf\/?wpdmdl=60087&amp;masterkey\">Introducci\u00f3n<\/a><\/h4>\n\n\n\n<p>Jorge Azama<\/p>\n\n\n\n<h4 class=\"wp-block-heading\"><a href=\"https:\/\/www.uartes.edu.ec\/sitio\/download\/sonocordia-9-00-prologo-pdf\/?wpdmdl=60086&amp;masterkey\">Pr\u00f3logo<\/a><\/h4>\n\n\n\n<p>AES LAC 2023 Diego Benalc\u00e1zar<\/p>\n\n\n\n<div style=\"height:45px\" aria-hidden=\"true\" class=\"wp-block-spacer\"><\/div>\n\n\n\n<h4 class=\"wp-block-heading\">Art\u00edculos<\/h4>\n\n\n\n<p><a href=\"https:\/\/www.uartes.edu.ec\/sitio\/download\/sonocordia-9-01-art-pdf\/?wpdmdl=60085&amp;masterkey\">Optimizando la mezcla: Answer Set Programming en la producci\u00f3n musical inteligente \u2192<\/a><br \/>Flavio Everardo, Ileana Ben\u00edtez, Yamil Burguete<\/p>\n\n\n\n<p><a href=\"https:\/\/www.uartes.edu.ec\/sitio\/download\/sonocordia-9-02-art-pdf\/?wpdmdl=60083&amp;masterkey\">Estudio comparativo de enfoques probabil\u00edsticos para la generaci\u00f3n de progresiones arm\u00f3nicas \u2192<\/a><br \/>Juan N\u00fa\u00f1ez, Cristian Baja\u00f1a, Mateo Yepes, Daniel G\u00f3mez<\/p>\n\n\n\n<p><a href=\"https:\/\/www.uartes.edu.ec\/sitio\/download\/sonocordia-9-03-art-pdf\/?wpdmdl=60081&amp;masterkey\">Implementaci\u00f3n de una aplicaci\u00f3n <em>software<\/em>\u00a0para la emulaci\u00f3n de una consola mezcladora de audio como herramienta de aprendizaje significativo  \u2192<\/a><br \/>Michael Acevedo, Josu\u00e9 Ord\u00f3\u00f1ez, Juan Prieto, Daniel Layton, Eric Rodr\u00edguez, Daniel Jara-Hurtado<\/p>\n\n\n\n<p><a href=\"https:\/\/www.uartes.edu.ec\/sitio\/download\/sonocordia-9-04-art-pdf\/?wpdmdl=60080&amp;masterkey\"><em>Software<\/em>\u00a0adaptivo para el entrenamiento auditivo t\u00e9cnico en las aulas de clases \u2192<\/a><br \/>Juan Corredor<\/p>\n\n\n\n<p><a href=\"https:\/\/www.uartes.edu.ec\/sitio\/download\/sonocordia-9-05-art-pdf\/?wpdmdl=60079&amp;masterkey\">La sonificaci\u00f3n de datos como herramienta tecnol\u00f3gica para la creaci\u00f3n art\u00edstica \u2192<\/a><br \/>Diego Molina, Isabella \u00c1lvarez, Lina Gonz\u00e1lez, Jamir Moreno<\/p>\n\n\n\n<p><a href=\"https:\/\/www.uartes.edu.ec\/sitio\/download\/sonocordia-9-06-art-pdf\/?wpdmdl=60078&amp;masterkey\">P\u00f3dcast inmersivo para la divulgaci\u00f3n de historias de ni\u00f1os, ni\u00f1as y adolescentes v\u00edctimas del conflicto armado colombiano \u2192<\/a><br \/>Mar\u00eda Casta\u00f1eda, Julia Cubides, Laura Pineda<\/p>\n\n\n\n<p><a href=\"https:\/\/www.uartes.edu.ec\/sitio\/download\/sonocordia-9-07-art-pdf\/?wpdmdl=60077&amp;masterkey\">Estudio de viabilidad del residuo del cultivo de c\u00e1\u00f1amo como material de acondicionamiento ac\u00fastico \u2192<\/a><br \/>Timothy Carrera<\/p>\n\n\n\n<h4 class=\"wp-block-heading\">Miscel\u00e1neas (Fuera de tono)<\/h4>\n\n\n\n<p><a href=\"https:\/\/www.uartes.edu.ec\/sitio\/download\/sonocordia-9-01-fuera-de-tono-pdf\/?wpdmdl=60084&amp;masterkey\">Ep\u00edlogo \u2192<\/a><br \/>Renato Zamora<\/p>\n\n\n\n<p><a href=\"https:\/\/www.uartes.edu.ec\/sitio\/download\/sonocordia-9-02-fuera-de-tono-pdf\/?wpdmdl=60082&amp;masterkey\">Memorias AES LAC 2023 \u2192<\/a><br \/>Juan Jim\u00e9nez<\/p>\n<\/div>\n<\/div>\n<\/div><\/div><\/div><\/div><\/div><\/div>\n","protected":false},"excerpt":{"rendered":"","protected":false},"author":1,"featured_media":0,"parent":0,"menu_order":0,"comment_status":"closed","ping_status":"closed","template":"","meta":{"_uag_custom_page_level_css":"","_monsterinsights_skip_tracking":false,"_monsterinsights_sitenote_active":false,"_monsterinsights_sitenote_note":"","_monsterinsights_sitenote_category":0,"cybocfi_hide_featured_image":"","footnotes":""},"class_list":["post-21","page","type-page","status-publish","hentry"],"uagb_featured_image_src":{"full":false,"thumbnail":false,"medium":false,"medium_large":false,"large":false,"1536x1536":false,"2048x2048":false,"gb-block-post-grid-landscape":false,"gb-block-post-grid-square":false,"featured-slider-larger":false,"featured-slider":false},"uagb_author_info":{"display_name":"Universidad de las Artes","author_link":"https:\/\/www.uartes.edu.ec\/sitio\/sonocordia\/author\/dircomadm\/"},"uagb_comment_info":0,"uagb_excerpt":null,"featured_image_src":null,"featured_image_src_square":null,"distributor_meta":false,"distributor_terms":false,"distributor_media":false,"distributor_original_site_name":"Sonocordia","distributor_original_site_url":"https:\/\/www.uartes.edu.ec\/sitio\/sonocordia","push-errors":false,"_links":{"self":[{"href":"https:\/\/www.uartes.edu.ec\/sitio\/sonocordia\/wp-json\/wp\/v2\/pages\/21","targetHints":{"allow":["GET"]}}],"collection":[{"href":"https:\/\/www.uartes.edu.ec\/sitio\/sonocordia\/wp-json\/wp\/v2\/pages"}],"about":[{"href":"https:\/\/www.uartes.edu.ec\/sitio\/sonocordia\/wp-json\/wp\/v2\/types\/page"}],"author":[{"embeddable":true,"href":"https:\/\/www.uartes.edu.ec\/sitio\/sonocordia\/wp-json\/wp\/v2\/users\/1"}],"replies":[{"embeddable":true,"href":"https:\/\/www.uartes.edu.ec\/sitio\/sonocordia\/wp-json\/wp\/v2\/comments?post=21"}],"version-history":[{"count":3,"href":"https:\/\/www.uartes.edu.ec\/sitio\/sonocordia\/wp-json\/wp\/v2\/pages\/21\/revisions"}],"predecessor-version":[{"id":366,"href":"https:\/\/www.uartes.edu.ec\/sitio\/sonocordia\/wp-json\/wp\/v2\/pages\/21\/revisions\/366"}],"wp:attachment":[{"href":"https:\/\/www.uartes.edu.ec\/sitio\/sonocordia\/wp-json\/wp\/v2\/media?parent=21"}],"curies":[{"name":"wp","href":"https:\/\/api.w.org\/{rel}","templated":true}]}}