{"id":219,"date":"2022-11-14T11:55:20","date_gmt":"2022-11-14T16:55:20","guid":{"rendered":"http:\/\/www.uartes.edu.ec\/sitio\/sonocordia\/derechos-y-permisos\/"},"modified":"2024-07-22T15:48:46","modified_gmt":"2024-07-22T20:48:46","slug":"derechos-y-permisos","status":"publish","type":"page","link":"http:\/\/www.uartes.edu.ec\/sitio\/sonocordia\/derechos-y-permisos\/","title":{"rendered":"Derechos y permisos"},"content":{"rendered":"\n<h3 class=\"wp-block-heading\">Pol\u00edticas de Derechos de Autor<\/h3>\n\n\n\n<ol start=\"1\" class=\"wp-block-list\">\n<li><strong>Propiedad de los derechos de autor<\/strong>: Los autores que publiquen en esta revista aceptan los siguientes t\u00e9rminos:\n<ul class=\"wp-block-list\">\n<li>Los autores conservan los derechos de autor y garantizan a la revista el derecho de ser la primera publicaci\u00f3n del trabajo al igual que licenciado bajo una Licencia Creative Commons que permite a otros compartir el trabajo con un reconocimiento de la autor\u00eda del trabajo y la publicaci\u00f3n inicial en esta revista.<\/li>\n<\/ul>\n<\/li>\n\n\n\n<li><strong>Pol\u00edtica de acceso abierto<\/strong>: Esta revista proporciona acceso inmediato a su contenido bajo el principio de que hacer disponible gratuitamente la investigaci\u00f3n al p\u00fablico fomenta un mayor intercambio de conocimiento global. Por lo tanto, todo el contenido estar\u00e1 disponible de forma gratuita sin barreras legales, t\u00e9cnicas o financieras.<\/li>\n\n\n\n<li><strong>Uso justo<\/strong>: Se permite el uso justo de los trabajos publicados para fines no comerciales, siempre que se d\u00e9 el cr\u00e9dito adecuado al autor y a la revista.<\/li>\n\n\n\n<li><strong>Retracci\u00f3n de trabajos<\/strong>: En caso de descubrimiento de fraude, plagio, falta de \u00e9tica de investigaci\u00f3n o errores graves, la revista se reserva el derecho de retractar los trabajos publicados.<\/li>\n<\/ol>\n\n\n\n<p>Seg\u00fan lo que establece el C\u00f3digo de ingenios, la titularidad de los derechos patrimoniales de las obras publicadas bajo el sello UAE, corresponder\u00e1 a los autores, sin perjuicio de que la instituci\u00f3n tenga posesi\u00f3n de una licencia gratuita, intransferible y no exclusiva para el uso no comercial de la obra con fines acad\u00e9micos, previa autorizaci\u00f3n de los autores.<\/p>\n\n\n\n<p>Todos los procesos editoriales estar\u00e1n sujetos a lo dispuesto en el c\u00f3digo de ingenios, aprobado por la Asamblea Nacional el 01 de diciembre de 2016, especialmente los referidos a Derechos Intelectuales, Derechos de Autor, Derechos de Edici\u00f3n, Distribuci\u00f3n y Reproducci\u00f3n all\u00ed recogidos.<\/p>\n\n\n\n<p>Para mayor informaci\u00f3n puede referirse a las&nbsp;<a href=\"http:\/\/mz14.uartes.edu.ec\/download\/politicas-de-la-editorial\/\">Pol\u00edticas de la Editorial<\/a>&nbsp;y al&nbsp;<a href=\"http:\/\/mz14.uartes.edu.ec\/download\/reglamento\/\">Reglamento<\/a>&nbsp;de&nbsp;<a href=\"http:\/\/mz14.uartes.edu.ec\/inicio\/servicios\/editorial\/especificaciones-para-publicacion\/\">Uartes Ediciones<\/a>.<\/p>\n","protected":false},"excerpt":{"rendered":"<p>Pol\u00edticas de Derechos de Autor Seg\u00fan lo que establece el C\u00f3digo de ingenios, la titularidad de los derechos patrimoniales de las obras publicadas bajo el sello UAE, corresponder\u00e1 a los autores, sin perjuicio de que la instituci\u00f3n tenga posesi\u00f3n de <a class=\"more-link\" href=\"http:\/\/www.uartes.edu.ec\/sitio\/sonocordia\/derechos-y-permisos\/\">Seguir leyendo <span class=\"screen-reader-text\">  Derechos y permisos<\/span><span class=\"meta-nav\">&rarr;<\/span><\/a><\/p>\n","protected":false},"author":1,"featured_media":0,"parent":0,"menu_order":7,"comment_status":"closed","ping_status":"closed","template":"","meta":{"_uag_custom_page_level_css":"","_monsterinsights_skip_tracking":false,"_monsterinsights_sitenote_active":false,"_monsterinsights_sitenote_note":"","_monsterinsights_sitenote_category":0,"cybocfi_hide_featured_image":"","footnotes":""},"class_list":["post-219","page","type-page","status-publish","hentry"],"uagb_featured_image_src":{"full":false,"thumbnail":false,"medium":false,"medium_large":false,"large":false,"1536x1536":false,"2048x2048":false,"gb-block-post-grid-landscape":false,"gb-block-post-grid-square":false,"featured-slider-larger":false,"featured-slider":false},"uagb_author_info":{"display_name":"Universidad de las Artes","author_link":"https:\/\/www.uartes.edu.ec\/sitio\/sonocordia\/author\/dircomadm\/"},"uagb_comment_info":0,"uagb_excerpt":"Pol\u00edticas de Derechos de Autor Seg\u00fan lo que establece el C\u00f3digo de ingenios, la titularidad de los derechos patrimoniales de las obras publicadas bajo el sello UAE, corresponder\u00e1 a los autores, sin perjuicio de que la instituci\u00f3n tenga posesi\u00f3n de Seguir leyendo Derechos y permisos&rarr;","featured_image_src":null,"featured_image_src_square":null,"distributor_meta":false,"distributor_terms":false,"distributor_media":false,"distributor_original_site_name":"Sonocordia","distributor_original_site_url":"https:\/\/www.uartes.edu.ec\/sitio\/sonocordia","push-errors":false,"_links":{"self":[{"href":"https:\/\/www.uartes.edu.ec\/sitio\/sonocordia\/wp-json\/wp\/v2\/pages\/219","targetHints":{"allow":["GET"]}}],"collection":[{"href":"https:\/\/www.uartes.edu.ec\/sitio\/sonocordia\/wp-json\/wp\/v2\/pages"}],"about":[{"href":"https:\/\/www.uartes.edu.ec\/sitio\/sonocordia\/wp-json\/wp\/v2\/types\/page"}],"author":[{"embeddable":true,"href":"https:\/\/www.uartes.edu.ec\/sitio\/sonocordia\/wp-json\/wp\/v2\/users\/1"}],"replies":[{"embeddable":true,"href":"https:\/\/www.uartes.edu.ec\/sitio\/sonocordia\/wp-json\/wp\/v2\/comments?post=219"}],"version-history":[{"count":4,"href":"https:\/\/www.uartes.edu.ec\/sitio\/sonocordia\/wp-json\/wp\/v2\/pages\/219\/revisions"}],"predecessor-version":[{"id":348,"href":"https:\/\/www.uartes.edu.ec\/sitio\/sonocordia\/wp-json\/wp\/v2\/pages\/219\/revisions\/348"}],"wp:attachment":[{"href":"https:\/\/www.uartes.edu.ec\/sitio\/sonocordia\/wp-json\/wp\/v2\/media?parent=219"}],"curies":[{"name":"wp","href":"https:\/\/api.w.org\/{rel}","templated":true}]}}