{"id":241,"date":"2022-11-15T08:21:38","date_gmt":"2022-11-15T13:21:38","guid":{"rendered":"http:\/\/www.uartes.edu.ec\/sitio\/sonocordia\/autores-actuales\/"},"modified":"2022-11-15T08:30:35","modified_gmt":"2022-11-15T13:30:35","slug":"autores-actuales","status":"publish","type":"page","link":"http:\/\/www.uartes.edu.ec\/sitio\/sonocordia\/autores-actuales\/","title":{"rendered":"Autores actuales"},"content":{"rendered":"\n<h3 class=\"wp-block-heading\">Preparaci\u00f3n de su manuscrito para su publicaci\u00f3n<\/h3>\n\n\n\n<p>Una vez que ha sido aprobada la propuesta para el plan de publicaciones anual, el autor debe enviar su manuscrito definitivo al correo electr\u00f3nico <a href=\"mailto:revista.sonocordia@uartes.edu.ec\">revista.sonocordia@uartes.edu.ec<\/a> en la fecha convenida entre las partes, en consonancia con las siguientes indicaciones:<\/p>\n\n\n\n<p>Para la recepci\u00f3n de manuscritos de revistas arbitradas, UArtes Ediciones tiene unos requerimientos m\u00ednimos:<\/p>\n\n\n\n<h4 class=\"wp-block-heading\">Manuscritos<\/h4>\n\n\n\n<p>La versi\u00f3n final del manuscrito debe estar en documento Word, hoja A4, m\u00e1rgenes 2,5 cm en superior e inferior y 3 cm en laterales.<\/p>\n\n\n\n<h5 class=\"wp-block-heading\">Formato<\/h5>\n\n\n\n<ul class=\"wp-block-list\">\n<li>Fuente: Times New Roman (con serif) o Arial (sin serif)<\/li>\n\n\n\n<li>T\u00edtulos e intert\u00edtulos: negrita, 12 puntos<\/li>\n\n\n\n<li>Tama\u00f1o para texto de lectura: 12 puntos para el texto central; 11 puntos para citas; 10 puntos para notas<\/li>\n\n\n\n<li>Texto justificado en bloque<\/li>\n\n\n\n<li>Espacio blanco entre p\u00e1rrafos<\/li>\n\n\n\n<li>Interlineado: 1,5<\/li>\n\n\n\n<li>Las citas de m\u00e1s de tres l\u00edneas deben ir en p\u00e1rrafo aparte y con margen izquierdo m\u00e1s amplio.<\/li>\n\n\n\n<li>Las notas ir\u00e1n a pie de p\u00e1gina.<\/li>\n\n\n\n<li>El manual de estilo para citas, referencias, notas y bibliograf\u00eda es el Chicago-Deusto.<\/li>\n<\/ul>\n\n\n\n<h4 class=\"wp-block-heading\">Im\u00e1genes<\/h4>\n\n\n\n<ul class=\"wp-block-list\">\n<li>Todas aquellas im\u00e1genes que acompa\u00f1en al manuscrito (ilustraciones, tablas, gr\u00e1ficos, fotograf\u00edas, etc.) deben ir dentro del documento, en el lugar que el autor considere que corresponden. Tambi\u00e9n deber\u00e1n enviarlos aparte, en \u00f3ptima calidad:<\/li>\n\n\n\n<li>Im\u00e1genes en formato JPG o PNG, resoluci\u00f3n alta (m\u00ednimo 300 dpi), tama\u00f1o m\u00ednimo 15 x 10,5 cm.<\/li>\n\n\n\n<li>Tablas en documento Excel, tama\u00f1o m\u00e1ximo A4.<\/li>\n\n\n\n<li>Gr\u00e1ficos (barras, l\u00edneas de tendencia y tortas) con las cifras en Excel para adecuarlas a los formatos, colores y tipograf\u00edas de la Editorial.<\/li>\n\n\n\n<li>Si las im\u00e1genes requieren autorizaci\u00f3n para su uso, el coordinador de la revista debe proporcionarla a la Editorial.<\/li>\n<\/ul>\n\n\n\n<h4 class=\"wp-block-heading\">Partituras<\/h4>\n\n\n\n<ul class=\"wp-block-list\">\n<li>Si el manuscrito incluye partituras, estas deber\u00e1n estar en Finale y PDF, hoja A4, vertical.<\/li>\n\n\n\n<li>M\u00e1rgenes: 2,5 cm en superior e inferior y 2 cm en laterales, excepto para el primer sistema, cuyo margen izquierdo ser\u00e1 de 3 cm.<\/li>\n\n\n\n<li>Debe indicar medida de metr\u00f3nomo.<\/li>\n\n\n\n<li>Las din\u00e1micas para los instrumentos van en la parte inferior y las din\u00e1micas para las voces, en la parte superior.<\/li>\n\n\n\n<li>Las obras con nuevas graf\u00edas deben llevar la respectiva explicaci\u00f3n antes de la partitura.<\/li>\n<\/ul>\n\n\n\n<h3 class=\"wp-block-heading\">Especificaciones del contenido del documento completo que compone la revista<\/h3>\n\n\n\n<ul class=\"wp-block-list\">\n<li>Cr\u00e9ditos (en caso de que hubiera requerimientos espec\u00edficos)<\/li>\n\n\n\n<li>\u00cdndice con los t\u00edtulos de los textos y nombres de los autores, todo en el orden correspondiente<\/li>\n\n\n\n<li>Introducci\u00f3n (escrita por el editor de ese n\u00famero de la revista)<\/li>\n\n\n\n<li>Art\u00edculos arbitrados (al menos 60 %):<\/li>\n\n\n\n<li>T\u00edtulo del art\u00edculo<\/li>\n\n\n\n<li>Nombre y apellido del autor<\/li>\n\n\n\n<li>Instituci\u00f3n en la que el autor trabaja (si no trabaja para una instituci\u00f3n, ocupaci\u00f3n)<\/li>\n\n\n\n<li>Correo institucional (si no tiene, correo personal)<\/li>\n\n\n\n<li>Fecha de recepci\u00f3n en correo y aceptaci\u00f3n de arbitraje<\/li>\n\n\n\n<li>Resumen y palabras claves (en espa\u00f1ol y en ingl\u00e9s)<\/li>\n\n\n\n<li>Texto<\/li>\n\n\n\n<li>Bibliograf\u00eda<\/li>\n\n\n\n<li>Miscel\u00e1neas (m\u00e1ximo 40 %):<\/li>\n\n\n\n<li>T\u00edtulo del texto<\/li>\n\n\n\n<li>Nombre y apellido del autor<\/li>\n\n\n\n<li>Instituci\u00f3n en la que el autor trabaja (si no trabaja para una instituci\u00f3n, ocupaci\u00f3n)<\/li>\n\n\n\n<li>Correo institucional (si no tiene, correo personal)<\/li>\n\n\n\n<li>Texto introductorio (en los casos en que la propuesta sea imagen y\/o partitura)<\/li>\n\n\n\n<li>Texto, imagen y\/o partitura<\/li>\n\n\n\n<li>Bibliograf\u00eda (en caso de que la hubiera)<\/li>\n\n\n\n<li>Imagen para la portada (en caso de que hubiera requerimientos espec\u00edficos)<\/li>\n<\/ul>\n","protected":false},"excerpt":{"rendered":"<p>Preparaci\u00f3n de su manuscrito para su publicaci\u00f3n Una vez que ha sido aprobada la propuesta para el plan de publicaciones anual, el autor debe enviar su manuscrito definitivo al correo electr\u00f3nico revista.sonocordia@uartes.edu.ec en la fecha convenida entre las partes, en <a class=\"more-link\" href=\"http:\/\/www.uartes.edu.ec\/sitio\/sonocordia\/autores-actuales\/\">Seguir leyendo <span class=\"screen-reader-text\">  Autores actuales<\/span><span class=\"meta-nav\">&rarr;<\/span><\/a><\/p>\n","protected":false},"author":1,"featured_media":0,"parent":0,"menu_order":14,"comment_status":"closed","ping_status":"closed","template":"","meta":{"_uag_custom_page_level_css":"","_monsterinsights_skip_tracking":false,"_monsterinsights_sitenote_active":false,"_monsterinsights_sitenote_note":"","_monsterinsights_sitenote_category":0,"cybocfi_hide_featured_image":"","footnotes":""},"class_list":["post-241","page","type-page","status-publish","hentry"],"uagb_featured_image_src":{"full":false,"thumbnail":false,"medium":false,"medium_large":false,"large":false,"1536x1536":false,"2048x2048":false,"gb-block-post-grid-landscape":false,"gb-block-post-grid-square":false,"featured-slider-larger":false,"featured-slider":false},"uagb_author_info":{"display_name":"Universidad de las Artes","author_link":"https:\/\/www.uartes.edu.ec\/sitio\/sonocordia\/author\/dircomadm\/"},"uagb_comment_info":0,"uagb_excerpt":"Preparaci\u00f3n de su manuscrito para su publicaci\u00f3n Una vez que ha sido aprobada la propuesta para el plan de publicaciones anual, el autor debe enviar su manuscrito definitivo al correo electr\u00f3nico revista.sonocordia@uartes.edu.ec en la fecha convenida entre las partes, en Seguir leyendo Autores actuales&rarr;","featured_image_src":null,"featured_image_src_square":null,"distributor_meta":false,"distributor_terms":false,"distributor_media":false,"distributor_original_site_name":"Sonocordia","distributor_original_site_url":"https:\/\/www.uartes.edu.ec\/sitio\/sonocordia","push-errors":false,"_links":{"self":[{"href":"https:\/\/www.uartes.edu.ec\/sitio\/sonocordia\/wp-json\/wp\/v2\/pages\/241","targetHints":{"allow":["GET"]}}],"collection":[{"href":"https:\/\/www.uartes.edu.ec\/sitio\/sonocordia\/wp-json\/wp\/v2\/pages"}],"about":[{"href":"https:\/\/www.uartes.edu.ec\/sitio\/sonocordia\/wp-json\/wp\/v2\/types\/page"}],"author":[{"embeddable":true,"href":"https:\/\/www.uartes.edu.ec\/sitio\/sonocordia\/wp-json\/wp\/v2\/users\/1"}],"replies":[{"embeddable":true,"href":"https:\/\/www.uartes.edu.ec\/sitio\/sonocordia\/wp-json\/wp\/v2\/comments?post=241"}],"version-history":[{"count":2,"href":"https:\/\/www.uartes.edu.ec\/sitio\/sonocordia\/wp-json\/wp\/v2\/pages\/241\/revisions"}],"predecessor-version":[{"id":259,"href":"https:\/\/www.uartes.edu.ec\/sitio\/sonocordia\/wp-json\/wp\/v2\/pages\/241\/revisions\/259"}],"wp:attachment":[{"href":"https:\/\/www.uartes.edu.ec\/sitio\/sonocordia\/wp-json\/wp\/v2\/media?parent=241"}],"curies":[{"name":"wp","href":"https:\/\/api.w.org\/{rel}","templated":true}]}}