{"id":245,"date":"2022-11-15T08:21:39","date_gmt":"2022-11-15T13:21:39","guid":{"rendered":"http:\/\/www.uartes.edu.ec\/sitio\/sonocordia\/evaluacion-por-pares\/"},"modified":"2022-11-15T08:26:48","modified_gmt":"2022-11-15T13:26:48","slug":"evaluacion-por-pares","status":"publish","type":"page","link":"http:\/\/www.uartes.edu.ec\/sitio\/sonocordia\/evaluacion-por-pares\/","title":{"rendered":"Evaluaci\u00f3n por pares"},"content":{"rendered":"\n<p>Una vez que la Editorial ha recibido el manuscrito, y comprobado que cumple con los requisitos anteriores, ser\u00e1 enviado a pares ciegos externos dentro del \u00e1rea de experticia.<\/p>\n\n\n\n<p>Los expertos dar\u00e1n su veredicto en un plazo no mayor a 4 semanas, dictaminando de la siguiente manera: aprobado, aprobado con cambios menores, condicionado para su publicaci\u00f3n o no aprobado.<\/p>\n\n\n\n<p>De ser aprobado con cambios menores o condicionado para su publicaci\u00f3n, el autor deber\u00e1 incorporar las correcciones y enviar la versi\u00f3n definitiva a la Editorial.<\/p>\n\n\n\n<p>Recibida la versi\u00f3n final del autor, el documento pasar\u00e1 por el proceso de correcci\u00f3n, dise\u00f1o y diagramaci\u00f3n que conduzcan a la versi\u00f3n definitiva para su publicaci\u00f3n en digital, e impreso, en caso de que haya sido aprobado para su impresi\u00f3n por el Consejo Editorial.<\/p>\n","protected":false},"excerpt":{"rendered":"<p>Una vez que la Editorial ha recibido el manuscrito, y comprobado que cumple con los requisitos anteriores, ser\u00e1 enviado a pares ciegos externos dentro del \u00e1rea de experticia. Los expertos dar\u00e1n su veredicto en un plazo no mayor a 4 <a class=\"more-link\" href=\"http:\/\/www.uartes.edu.ec\/sitio\/sonocordia\/evaluacion-por-pares\/\">Seguir leyendo <span class=\"screen-reader-text\">  Evaluaci\u00f3n por pares<\/span><span class=\"meta-nav\">&rarr;<\/span><\/a><\/p>\n","protected":false},"author":1,"featured_media":0,"parent":0,"menu_order":14,"comment_status":"closed","ping_status":"closed","template":"","meta":{"_uag_custom_page_level_css":"","_monsterinsights_skip_tracking":false,"_monsterinsights_sitenote_active":false,"_monsterinsights_sitenote_note":"","_monsterinsights_sitenote_category":0,"cybocfi_hide_featured_image":"","footnotes":""},"class_list":["post-245","page","type-page","status-publish","hentry"],"uagb_featured_image_src":{"full":false,"thumbnail":false,"medium":false,"medium_large":false,"large":false,"1536x1536":false,"2048x2048":false,"gb-block-post-grid-landscape":false,"gb-block-post-grid-square":false,"featured-slider-larger":false,"featured-slider":false},"uagb_author_info":{"display_name":"Universidad de las Artes","author_link":"https:\/\/www.uartes.edu.ec\/sitio\/sonocordia\/author\/dircomadm\/"},"uagb_comment_info":0,"uagb_excerpt":"Una vez que la Editorial ha recibido el manuscrito, y comprobado que cumple con los requisitos anteriores, ser\u00e1 enviado a pares ciegos externos dentro del \u00e1rea de experticia. Los expertos dar\u00e1n su veredicto en un plazo no mayor a 4 Seguir leyendo Evaluaci\u00f3n por pares&rarr;","featured_image_src":null,"featured_image_src_square":null,"distributor_meta":false,"distributor_terms":false,"distributor_media":false,"distributor_original_site_name":"Sonocordia","distributor_original_site_url":"https:\/\/www.uartes.edu.ec\/sitio\/sonocordia","push-errors":false,"_links":{"self":[{"href":"https:\/\/www.uartes.edu.ec\/sitio\/sonocordia\/wp-json\/wp\/v2\/pages\/245","targetHints":{"allow":["GET"]}}],"collection":[{"href":"https:\/\/www.uartes.edu.ec\/sitio\/sonocordia\/wp-json\/wp\/v2\/pages"}],"about":[{"href":"https:\/\/www.uartes.edu.ec\/sitio\/sonocordia\/wp-json\/wp\/v2\/types\/page"}],"author":[{"embeddable":true,"href":"https:\/\/www.uartes.edu.ec\/sitio\/sonocordia\/wp-json\/wp\/v2\/users\/1"}],"replies":[{"embeddable":true,"href":"https:\/\/www.uartes.edu.ec\/sitio\/sonocordia\/wp-json\/wp\/v2\/comments?post=245"}],"version-history":[{"count":2,"href":"https:\/\/www.uartes.edu.ec\/sitio\/sonocordia\/wp-json\/wp\/v2\/pages\/245\/revisions"}],"predecessor-version":[{"id":257,"href":"https:\/\/www.uartes.edu.ec\/sitio\/sonocordia\/wp-json\/wp\/v2\/pages\/245\/revisions\/257"}],"wp:attachment":[{"href":"https:\/\/www.uartes.edu.ec\/sitio\/sonocordia\/wp-json\/wp\/v2\/media?parent=245"}],"curies":[{"name":"wp","href":"https:\/\/api.w.org\/{rel}","templated":true}]}}