{"id":274,"date":"2022-11-21T12:14:23","date_gmt":"2022-11-21T17:14:23","guid":{"rendered":"http:\/\/www.uartes.edu.ec\/sitio\/sonocordia\/?page_id=274"},"modified":"2022-11-21T12:14:54","modified_gmt":"2022-11-21T17:14:54","slug":"publique-con-nosotros","status":"publish","type":"page","link":"http:\/\/www.uartes.edu.ec\/sitio\/sonocordia\/publique-con-nosotros\/","title":{"rendered":"Publique con nosotros"},"content":{"rendered":"\n<p>\u00a1Bienvenido! gracias por su inter\u00e9s en Sonocordia como plataforma editorial para su proyecto musical. Si usted es un autor prospectivo o actual, estamos agradecidos por su inter\u00e9s, de formar parte del selecto grupo de investigadores que mantienen un trabajo activo y diligente de publicaciones en nuestra revista.<\/p>\n\n\n\n<p>La revista Sonocordia, forma parte de las publicaciones de la editorial de la Universidad de las Artes, que tiene como objetivo editar, publicar, difundir y distribuir diversos tipos de obras producidas tanto por los docentes de la universidad, como por diferentes actores del espectro art\u00edstico e intelectual del Ecuador y de Am\u00e9rica Latina. Acepta fundamentalmente el trabajo de autores y artistas emergentes, que tengan relaci\u00f3n con la producci\u00f3n investigativa relacionada a las artes musicales.<\/p>\n\n\n\n<p>Para preguntas sobre c\u00f3mo escribir y enviar una propuesta, y detalles sobre los pasos para la consideraci\u00f3n del manuscrito, lo invitamos a leer sobre <a href=\"http:\/\/www.uartes.edu.ec\/sitio\/sonocordia\/autores-potenciales\/\"><strong><em>autores potenciales<\/em><\/strong><\/a> y <strong><em><a href=\"http:\/\/www.uartes.edu.ec\/sitio\/sonocordia\/autores-actuales\/\">autores actuales<\/a>.<\/em> <\/strong><\/p>\n","protected":false},"excerpt":{"rendered":"<p>\u00a1Bienvenido! gracias por su inter\u00e9s en Sonocordia como plataforma editorial para su proyecto musical. Si usted es un autor prospectivo o actual, estamos agradecidos por su inter\u00e9s, de formar parte del selecto grupo de investigadores que mantienen un trabajo activo <a class=\"more-link\" href=\"http:\/\/www.uartes.edu.ec\/sitio\/sonocordia\/publique-con-nosotros\/\">Seguir leyendo <span class=\"screen-reader-text\">  Publique con nosotros<\/span><span class=\"meta-nav\">&rarr;<\/span><\/a><\/p>\n","protected":false},"author":1,"featured_media":0,"parent":0,"menu_order":0,"comment_status":"closed","ping_status":"closed","template":"","meta":{"_uag_custom_page_level_css":"","_monsterinsights_skip_tracking":false,"_monsterinsights_sitenote_active":false,"_monsterinsights_sitenote_note":"","_monsterinsights_sitenote_category":0,"cybocfi_hide_featured_image":"","footnotes":""},"class_list":["post-274","page","type-page","status-publish","hentry"],"uagb_featured_image_src":{"full":false,"thumbnail":false,"medium":false,"medium_large":false,"large":false,"1536x1536":false,"2048x2048":false,"gb-block-post-grid-landscape":false,"gb-block-post-grid-square":false,"featured-slider-larger":false,"featured-slider":false},"uagb_author_info":{"display_name":"Universidad de las Artes","author_link":"https:\/\/www.uartes.edu.ec\/sitio\/sonocordia\/author\/dircomadm\/"},"uagb_comment_info":0,"uagb_excerpt":"\u00a1Bienvenido! gracias por su inter\u00e9s en Sonocordia como plataforma editorial para su proyecto musical. Si usted es un autor prospectivo o actual, estamos agradecidos por su inter\u00e9s, de formar parte del selecto grupo de investigadores que mantienen un trabajo activo Seguir leyendo Publique con nosotros&rarr;","featured_image_src":null,"featured_image_src_square":null,"distributor_meta":false,"distributor_terms":false,"distributor_media":false,"distributor_original_site_name":"Sonocordia","distributor_original_site_url":"https:\/\/www.uartes.edu.ec\/sitio\/sonocordia","push-errors":false,"_links":{"self":[{"href":"https:\/\/www.uartes.edu.ec\/sitio\/sonocordia\/wp-json\/wp\/v2\/pages\/274","targetHints":{"allow":["GET"]}}],"collection":[{"href":"https:\/\/www.uartes.edu.ec\/sitio\/sonocordia\/wp-json\/wp\/v2\/pages"}],"about":[{"href":"https:\/\/www.uartes.edu.ec\/sitio\/sonocordia\/wp-json\/wp\/v2\/types\/page"}],"author":[{"embeddable":true,"href":"https:\/\/www.uartes.edu.ec\/sitio\/sonocordia\/wp-json\/wp\/v2\/users\/1"}],"replies":[{"embeddable":true,"href":"https:\/\/www.uartes.edu.ec\/sitio\/sonocordia\/wp-json\/wp\/v2\/comments?post=274"}],"version-history":[{"count":2,"href":"https:\/\/www.uartes.edu.ec\/sitio\/sonocordia\/wp-json\/wp\/v2\/pages\/274\/revisions"}],"predecessor-version":[{"id":276,"href":"https:\/\/www.uartes.edu.ec\/sitio\/sonocordia\/wp-json\/wp\/v2\/pages\/274\/revisions\/276"}],"wp:attachment":[{"href":"https:\/\/www.uartes.edu.ec\/sitio\/sonocordia\/wp-json\/wp\/v2\/media?parent=274"}],"curies":[{"name":"wp","href":"https:\/\/api.w.org\/{rel}","templated":true}]}}