{"id":338,"date":"2024-07-12T14:26:25","date_gmt":"2024-07-12T19:26:25","guid":{"rendered":"https:\/\/www.uartes.edu.ec\/sitio\/sonocordia\/?page_id=338"},"modified":"2024-07-12T14:46:19","modified_gmt":"2024-07-12T19:46:19","slug":"politica-antiplagio","status":"publish","type":"page","link":"http:\/\/www.uartes.edu.ec\/sitio\/sonocordia\/politica-antiplagio\/","title":{"rendered":"Pol\u00edtica antiplagio"},"content":{"rendered":"\n<p>Los\/as autores\/as se comprometen a respetar la autor\u00eda de los textos que utilicen como fuentes, cit\u00e1ndolos adecuadamente y solicitando permiso cuando sea necesario. Del mismo modo, se responsabilizan de no presentar como propios textos que ya hayan escrito anteriormente, procurando que la coincidencia entre un texto anterior y el presentado no supere el 20 %.<\/p>\n\n\n\n<p>Los\/las editores\/as de la revista verifican cada art\u00edculo con un software antiplagio (COMPILATIO) y, si encuentran coincidencias superiores al 20 %, realizan una evaluaci\u00f3n detallada, revisando cuidadosamente las fuentes de origen del texto copiado. Despu\u00e9s de este proceso de control, los\/las editores\/as env\u00edan un informe al autor\/a, en el que se rechaza definitivamente el art\u00edculo o, en su caso, se le da la oportunidad de reescribir el art\u00edculo, citando correctamente los textos copiados.<\/p>\n\n\n\n<p>El art\u00edculo propuesto debe ser original y no estar postulado simult\u00e1neamente a otra publicaci\u00f3n, ni haber sido publicado previamente en cualquier soporte. Asimismo, se pueden presentar trabajos convenientemente actualizados y adecuados a partir de ponencias a congresos cient\u00edficos no publicados o solo accesibles en libros de actas, especificando la procedencia ante el consejo editorial evaluador de nuestra revista.<\/p>\n","protected":false},"excerpt":{"rendered":"<p>Los\/as autores\/as se comprometen a respetar la autor\u00eda de los textos que utilicen como fuentes, cit\u00e1ndolos adecuadamente y solicitando permiso cuando sea necesario. Del mismo modo, se responsabilizan de no presentar como propios textos que ya hayan escrito anteriormente, procurando <a class=\"more-link\" href=\"http:\/\/www.uartes.edu.ec\/sitio\/sonocordia\/politica-antiplagio\/\">Seguir leyendo <span class=\"screen-reader-text\">  Pol\u00edtica antiplagio<\/span><span class=\"meta-nav\">&rarr;<\/span><\/a><\/p>\n","protected":false},"author":1,"featured_media":0,"parent":0,"menu_order":0,"comment_status":"closed","ping_status":"closed","template":"","meta":{"_uag_custom_page_level_css":"","_monsterinsights_skip_tracking":false,"_monsterinsights_sitenote_active":false,"_monsterinsights_sitenote_note":"","_monsterinsights_sitenote_category":0,"cybocfi_hide_featured_image":"","footnotes":""},"class_list":["post-338","page","type-page","status-publish","hentry"],"uagb_featured_image_src":{"full":false,"thumbnail":false,"medium":false,"medium_large":false,"large":false,"1536x1536":false,"2048x2048":false,"gb-block-post-grid-landscape":false,"gb-block-post-grid-square":false,"featured-slider-larger":false,"featured-slider":false},"uagb_author_info":{"display_name":"Universidad de las Artes","author_link":"https:\/\/www.uartes.edu.ec\/sitio\/sonocordia\/author\/dircomadm\/"},"uagb_comment_info":0,"uagb_excerpt":"Los\/as autores\/as se comprometen a respetar la autor\u00eda de los textos que utilicen como fuentes, cit\u00e1ndolos adecuadamente y solicitando permiso cuando sea necesario. Del mismo modo, se responsabilizan de no presentar como propios textos que ya hayan escrito anteriormente, procurando Seguir leyendo Pol\u00edtica antiplagio&rarr;","featured_image_src":null,"featured_image_src_square":null,"distributor_meta":false,"distributor_terms":false,"distributor_media":false,"distributor_original_site_name":"Sonocordia","distributor_original_site_url":"https:\/\/www.uartes.edu.ec\/sitio\/sonocordia","push-errors":false,"_links":{"self":[{"href":"https:\/\/www.uartes.edu.ec\/sitio\/sonocordia\/wp-json\/wp\/v2\/pages\/338","targetHints":{"allow":["GET"]}}],"collection":[{"href":"https:\/\/www.uartes.edu.ec\/sitio\/sonocordia\/wp-json\/wp\/v2\/pages"}],"about":[{"href":"https:\/\/www.uartes.edu.ec\/sitio\/sonocordia\/wp-json\/wp\/v2\/types\/page"}],"author":[{"embeddable":true,"href":"https:\/\/www.uartes.edu.ec\/sitio\/sonocordia\/wp-json\/wp\/v2\/users\/1"}],"replies":[{"embeddable":true,"href":"https:\/\/www.uartes.edu.ec\/sitio\/sonocordia\/wp-json\/wp\/v2\/comments?post=338"}],"version-history":[{"count":2,"href":"https:\/\/www.uartes.edu.ec\/sitio\/sonocordia\/wp-json\/wp\/v2\/pages\/338\/revisions"}],"predecessor-version":[{"id":341,"href":"https:\/\/www.uartes.edu.ec\/sitio\/sonocordia\/wp-json\/wp\/v2\/pages\/338\/revisions\/341"}],"wp:attachment":[{"href":"https:\/\/www.uartes.edu.ec\/sitio\/sonocordia\/wp-json\/wp\/v2\/media?parent=338"}],"curies":[{"name":"wp","href":"https:\/\/api.w.org\/{rel}","templated":true}]}}