{"id":51210,"date":"2024-03-04T10:19:00","date_gmt":"2024-03-04T15:19:39","guid":{"rendered":"https:\/\/www.uartes.edu.ec\/sitio\/?page_id=51210"},"modified":"2024-07-04T11:19:19","modified_gmt":"2024-07-04T16:19:19","slug":"sga-myv","status":"publish","type":"page","link":"https:\/\/www.uartes.edu.ec\/sitio\/sga-myv\/","title":{"rendered":"Misi\u00f3n y Visi\u00f3n"},"content":{"rendered":"\t\t<div data-elementor-type=\"wp-page\" data-elementor-id=\"51210\" class=\"elementor elementor-51210\" data-elementor-settings=\"{&quot;ha_cmc_init_switcher&quot;:&quot;no&quot;}\" data-elementor-post-type=\"page\">\n\t\t\t\t<div class=\"elementor-element elementor-element-36074b6 e-con-full e-flex e-con e-parent\" data-id=\"36074b6\" data-element_type=\"container\" data-e-type=\"container\" data-settings=\"{&quot;background_background&quot;:&quot;classic&quot;,&quot;_ha_eqh_enable&quot;:false}\">\n\t\t\t\t<div class=\"elementor-element elementor-element-b50b2cb elementor-widget elementor-widget-image\" data-id=\"b50b2cb\" data-element_type=\"widget\" data-e-type=\"widget\" data-widget_type=\"image.default\">\n\t\t\t\t<div class=\"elementor-widget-container\">\n\t\t\t\t\t\t\t\t\t\t\t\t\t\t\t<img decoding=\"async\" width=\"300\" height=\"147\" src=\"https:\/\/www.uartes.edu.ec\/sitio\/wp-content\/uploads\/2024\/03\/texto-acredutaciOn-300x147.png\" class=\"attachment-medium size-medium wp-image-51240\" alt=\"\" srcset=\"https:\/\/www.uartes.edu.ec\/sitio\/wp-content\/uploads\/2024\/03\/texto-acredutaciOn-300x147.png 300w, https:\/\/www.uartes.edu.ec\/sitio\/wp-content\/uploads\/2024\/03\/texto-acredutaciOn-400x196.png 400w, https:\/\/www.uartes.edu.ec\/sitio\/wp-content\/uploads\/2024\/03\/texto-acredutaciOn.png 551w\" sizes=\"(max-width: 300px) 100vw, 300px\" \/>\t\t\t\t\t\t\t\t\t\t\t\t\t\t\t<\/div>\n\t\t\t\t<\/div>\n\t\t\t\t<\/div>\n\t\t<div class=\"elementor-element elementor-element-1cf961d e-flex e-con-boxed e-con e-parent\" data-id=\"1cf961d\" data-element_type=\"container\" data-e-type=\"container\" data-settings=\"{&quot;background_background&quot;:&quot;classic&quot;,&quot;_ha_eqh_enable&quot;:false}\">\n\t\t\t\t\t<div class=\"e-con-inner\">\n\t\t\t\t<div class=\"elementor-element elementor-element-da3f097 elementor-widget__width-inherit elementor-widget-mobile__width-inherit elementor-widget elementor-widget-video\" data-id=\"da3f097\" data-element_type=\"widget\" data-e-type=\"widget\" data-settings=\"{&quot;youtube_url&quot;:&quot;https:\\\/\\\/www.youtube.com\\\/watch?v=680aYsr9VmQ&quot;,&quot;video_type&quot;:&quot;youtube&quot;,&quot;controls&quot;:&quot;yes&quot;}\" data-widget_type=\"video.default\">\n\t\t\t\t<div class=\"elementor-widget-container\">\n\t\t\t\t\t\t\t<div class=\"elementor-wrapper elementor-open-inline\">\n\t\t\t<div class=\"elementor-video\"><\/div>\t\t<\/div>\n\t\t\t\t\t\t<\/div>\n\t\t\t\t<\/div>\n\t\t\t\t\t<\/div>\n\t\t\t\t<\/div>\n\t\t\t\t<\/div>\n\t\t","protected":false},"excerpt":{"rendered":"","protected":false},"author":1,"featured_media":51241,"parent":0,"menu_order":4,"comment_status":"closed","ping_status":"closed","template":"elementor_canvas","meta":{"_acf_changed":false,"_uag_custom_page_level_css":"","_monsterinsights_skip_tracking":false,"_monsterinsights_sitenote_active":false,"_monsterinsights_sitenote_note":"","_monsterinsights_sitenote_category":0,"cybocfi_hide_featured_image":"","footnotes":""},"class_list":["post-51210","page","type-page","status-publish","has-post-thumbnail","hentry"],"acf":[],"yoast_head":"<!-- This site is optimized with the Yoast SEO plugin v27.2 - https:\/\/yoast.com\/product\/yoast-seo-wordpress\/ -->\n<title>Universidad de las Artes - Misi\u00f3n y Visi\u00f3n<\/title>\n<meta name=\"description\" content=\"Universidad de las Artes - Misi\u00f3n y Visi\u00f3n\" \/>\n<meta name=\"robots\" content=\"index, follow, max-snippet:-1, max-image-preview:large, max-video-preview:-1\" \/>\n<link rel=\"canonical\" href=\"https:\/\/www.uartes.edu.ec\/sitio\/sga-myv\/\" \/>\n<meta property=\"og:locale\" content=\"es_ES\" \/>\n<meta property=\"og:type\" content=\"article\" \/>\n<meta property=\"og:title\" content=\"Universidad de las Artes - Misi\u00f3n y Visi\u00f3n\" \/>\n<meta property=\"og:description\" content=\"Universidad de las Artes - Misi\u00f3n y Visi\u00f3n\" \/>\n<meta property=\"og:url\" content=\"https:\/\/www.uartes.edu.ec\/sitio\/sga-myv\/\" \/>\n<meta property=\"og:site_name\" content=\"Universidad de las Artes\" \/>\n<meta property=\"article:publisher\" content=\"https:\/\/www.facebook.com\/uartesec\" \/>\n<meta property=\"article:modified_time\" content=\"2024-07-04T16:19:19+00:00\" \/>\n<meta property=\"og:image\" content=\"https:\/\/www.uartes.edu.ec\/sitio\/wp-content\/uploads\/2024\/03\/Fondo-acreditacion.jpg\" \/>\n\t<meta property=\"og:image:width\" content=\"1200\" \/>\n\t<meta property=\"og:image:height\" content=\"500\" \/>\n\t<meta property=\"og:image:type\" content=\"image\/jpeg\" \/>\n<meta name=\"twitter:card\" content=\"summary_large_image\" \/>\n<meta name=\"twitter:site\" content=\"@uartesec\" \/>\n<meta name=\"twitter:label1\" content=\"Tiempo de lectura\" \/>\n\t<meta name=\"twitter:data1\" content=\"1 minuto\" \/>\n<script type=\"application\/ld+json\" class=\"yoast-schema-graph\">{\"@context\":\"https:\/\/schema.org\",\"@graph\":[{\"@type\":\"WebPage\",\"@id\":\"https:\/\/www.uartes.edu.ec\/sitio\/sga-myv\/\",\"url\":\"https:\/\/www.uartes.edu.ec\/sitio\/sga-myv\/\",\"name\":\"Universidad de las Artes - Misi\u00f3n y Visi\u00f3n\",\"isPartOf\":{\"@id\":\"https:\/\/www.uartes.edu.ec\/sitio\/#website\"},\"primaryImageOfPage\":{\"@id\":\"https:\/\/www.uartes.edu.ec\/sitio\/sga-myv\/#primaryimage\"},\"image\":{\"@id\":\"https:\/\/www.uartes.edu.ec\/sitio\/sga-myv\/#primaryimage\"},\"thumbnailUrl\":\"https:\/\/www.uartes.edu.ec\/sitio\/wp-content\/uploads\/2024\/03\/Fondo-acreditacion.jpg\",\"datePublished\":\"2024-03-04T15:19:39+00:00\",\"dateModified\":\"2024-07-04T16:19:19+00:00\",\"description\":\"Universidad de las Artes - Misi\u00f3n y Visi\u00f3n\",\"breadcrumb\":{\"@id\":\"https:\/\/www.uartes.edu.ec\/sitio\/sga-myv\/#breadcrumb\"},\"inLanguage\":\"es\",\"potentialAction\":[{\"@type\":\"ReadAction\",\"target\":[\"https:\/\/www.uartes.edu.ec\/sitio\/sga-myv\/\"]}]},{\"@type\":\"ImageObject\",\"inLanguage\":\"es\",\"@id\":\"https:\/\/www.uartes.edu.ec\/sitio\/sga-myv\/#primaryimage\",\"url\":\"https:\/\/www.uartes.edu.ec\/sitio\/wp-content\/uploads\/2024\/03\/Fondo-acreditacion.jpg\",\"contentUrl\":\"https:\/\/www.uartes.edu.ec\/sitio\/wp-content\/uploads\/2024\/03\/Fondo-acreditacion.jpg\",\"width\":1200,\"height\":500},{\"@type\":\"BreadcrumbList\",\"@id\":\"https:\/\/www.uartes.edu.ec\/sitio\/sga-myv\/#breadcrumb\",\"itemListElement\":[{\"@type\":\"ListItem\",\"position\":1,\"name\":\"Inicio\",\"item\":\"https:\/\/www.uartes.edu.ec\/sitio\/\"},{\"@type\":\"ListItem\",\"position\":2,\"name\":\"Misi\u00f3n y Visi\u00f3n\"}]},{\"@type\":\"WebSite\",\"@id\":\"https:\/\/www.uartes.edu.ec\/sitio\/#website\",\"url\":\"https:\/\/www.uartes.edu.ec\/sitio\/\",\"name\":\"Universidad de las Artes\",\"description\":\"Sitio oficial de la Universidad Nacional de las Artes del Ecuador\",\"publisher\":{\"@id\":\"https:\/\/www.uartes.edu.ec\/sitio\/#organization\"},\"potentialAction\":[{\"@type\":\"SearchAction\",\"target\":{\"@type\":\"EntryPoint\",\"urlTemplate\":\"https:\/\/www.uartes.edu.ec\/sitio\/?s={search_term_string}\"},\"query-input\":{\"@type\":\"PropertyValueSpecification\",\"valueRequired\":true,\"valueName\":\"search_term_string\"}}],\"inLanguage\":\"es\"},{\"@type\":\"Organization\",\"@id\":\"https:\/\/www.uartes.edu.ec\/sitio\/#organization\",\"name\":\"Universidad de las Artes\",\"url\":\"https:\/\/www.uartes.edu.ec\/sitio\/\",\"logo\":{\"@type\":\"ImageObject\",\"inLanguage\":\"es\",\"@id\":\"https:\/\/www.uartes.edu.ec\/sitio\/#\/schema\/logo\/image\/\",\"url\":\"https:\/\/www.uartes.edu.ec\/sitio\/wp-content\/uploads\/2022\/07\/logo-ua-horizontal.png\",\"contentUrl\":\"https:\/\/www.uartes.edu.ec\/sitio\/wp-content\/uploads\/2022\/07\/logo-ua-horizontal.png\",\"width\":800,\"height\":276,\"caption\":\"Universidad de las Artes\"},\"image\":{\"@id\":\"https:\/\/www.uartes.edu.ec\/sitio\/#\/schema\/logo\/image\/\"},\"sameAs\":[\"https:\/\/www.facebook.com\/uartesec\",\"https:\/\/x.com\/uartesec\",\"https:\/\/www.tiktok.com\/@uartesec\"]}]}<\/script>\n<!-- \/ Yoast SEO plugin. -->","yoast_head_json":{"title":"Universidad de las Artes - Misi\u00f3n y Visi\u00f3n","description":"Universidad de las Artes - Misi\u00f3n y Visi\u00f3n","robots":{"index":"index","follow":"follow","max-snippet":"max-snippet:-1","max-image-preview":"max-image-preview:large","max-video-preview":"max-video-preview:-1"},"canonical":"https:\/\/www.uartes.edu.ec\/sitio\/sga-myv\/","og_locale":"es_ES","og_type":"article","og_title":"Universidad de las Artes - Misi\u00f3n y Visi\u00f3n","og_description":"Universidad de las Artes - Misi\u00f3n y Visi\u00f3n","og_url":"https:\/\/www.uartes.edu.ec\/sitio\/sga-myv\/","og_site_name":"Universidad de las Artes","article_publisher":"https:\/\/www.facebook.com\/uartesec","article_modified_time":"2024-07-04T16:19:19+00:00","og_image":[{"width":1200,"height":500,"url":"https:\/\/www.uartes.edu.ec\/sitio\/wp-content\/uploads\/2024\/03\/Fondo-acreditacion.jpg","type":"image\/jpeg"}],"twitter_card":"summary_large_image","twitter_site":"@uartesec","twitter_misc":{"Tiempo de lectura":"1 minuto"},"schema":{"@context":"https:\/\/schema.org","@graph":[{"@type":"WebPage","@id":"https:\/\/www.uartes.edu.ec\/sitio\/sga-myv\/","url":"https:\/\/www.uartes.edu.ec\/sitio\/sga-myv\/","name":"Universidad de las Artes - Misi\u00f3n y Visi\u00f3n","isPartOf":{"@id":"https:\/\/www.uartes.edu.ec\/sitio\/#website"},"primaryImageOfPage":{"@id":"https:\/\/www.uartes.edu.ec\/sitio\/sga-myv\/#primaryimage"},"image":{"@id":"https:\/\/www.uartes.edu.ec\/sitio\/sga-myv\/#primaryimage"},"thumbnailUrl":"https:\/\/www.uartes.edu.ec\/sitio\/wp-content\/uploads\/2024\/03\/Fondo-acreditacion.jpg","datePublished":"2024-03-04T15:19:39+00:00","dateModified":"2024-07-04T16:19:19+00:00","description":"Universidad de las Artes - Misi\u00f3n y Visi\u00f3n","breadcrumb":{"@id":"https:\/\/www.uartes.edu.ec\/sitio\/sga-myv\/#breadcrumb"},"inLanguage":"es","potentialAction":[{"@type":"ReadAction","target":["https:\/\/www.uartes.edu.ec\/sitio\/sga-myv\/"]}]},{"@type":"ImageObject","inLanguage":"es","@id":"https:\/\/www.uartes.edu.ec\/sitio\/sga-myv\/#primaryimage","url":"https:\/\/www.uartes.edu.ec\/sitio\/wp-content\/uploads\/2024\/03\/Fondo-acreditacion.jpg","contentUrl":"https:\/\/www.uartes.edu.ec\/sitio\/wp-content\/uploads\/2024\/03\/Fondo-acreditacion.jpg","width":1200,"height":500},{"@type":"BreadcrumbList","@id":"https:\/\/www.uartes.edu.ec\/sitio\/sga-myv\/#breadcrumb","itemListElement":[{"@type":"ListItem","position":1,"name":"Inicio","item":"https:\/\/www.uartes.edu.ec\/sitio\/"},{"@type":"ListItem","position":2,"name":"Misi\u00f3n y Visi\u00f3n"}]},{"@type":"WebSite","@id":"https:\/\/www.uartes.edu.ec\/sitio\/#website","url":"https:\/\/www.uartes.edu.ec\/sitio\/","name":"Universidad de las Artes","description":"Sitio oficial de la Universidad Nacional de las Artes del Ecuador","publisher":{"@id":"https:\/\/www.uartes.edu.ec\/sitio\/#organization"},"potentialAction":[{"@type":"SearchAction","target":{"@type":"EntryPoint","urlTemplate":"https:\/\/www.uartes.edu.ec\/sitio\/?s={search_term_string}"},"query-input":{"@type":"PropertyValueSpecification","valueRequired":true,"valueName":"search_term_string"}}],"inLanguage":"es"},{"@type":"Organization","@id":"https:\/\/www.uartes.edu.ec\/sitio\/#organization","name":"Universidad de las Artes","url":"https:\/\/www.uartes.edu.ec\/sitio\/","logo":{"@type":"ImageObject","inLanguage":"es","@id":"https:\/\/www.uartes.edu.ec\/sitio\/#\/schema\/logo\/image\/","url":"https:\/\/www.uartes.edu.ec\/sitio\/wp-content\/uploads\/2022\/07\/logo-ua-horizontal.png","contentUrl":"https:\/\/www.uartes.edu.ec\/sitio\/wp-content\/uploads\/2022\/07\/logo-ua-horizontal.png","width":800,"height":276,"caption":"Universidad de las Artes"},"image":{"@id":"https:\/\/www.uartes.edu.ec\/sitio\/#\/schema\/logo\/image\/"},"sameAs":["https:\/\/www.facebook.com\/uartesec","https:\/\/x.com\/uartesec","https:\/\/www.tiktok.com\/@uartesec"]}]}},"uagb_featured_image_src":{"full":["https:\/\/www.uartes.edu.ec\/sitio\/wp-content\/uploads\/2024\/03\/Fondo-acreditacion.jpg",1200,500,false],"thumbnail":["https:\/\/www.uartes.edu.ec\/sitio\/wp-content\/uploads\/2024\/03\/Fondo-acreditacion-150x150.jpg",150,150,true],"medium":["https:\/\/www.uartes.edu.ec\/sitio\/wp-content\/uploads\/2024\/03\/Fondo-acreditacion-300x125.jpg",300,125,true],"medium_large":["https:\/\/www.uartes.edu.ec\/sitio\/wp-content\/uploads\/2024\/03\/Fondo-acreditacion-768x320.jpg",768,320,true],"large":["https:\/\/www.uartes.edu.ec\/sitio\/wp-content\/uploads\/2024\/03\/Fondo-acreditacion-644x268.jpg",644,268,true],"1536x1536":["https:\/\/www.uartes.edu.ec\/sitio\/wp-content\/uploads\/2024\/03\/Fondo-acreditacion.jpg",1200,500,false],"2048x2048":["https:\/\/www.uartes.edu.ec\/sitio\/wp-content\/uploads\/2024\/03\/Fondo-acreditacion.jpg",1200,500,false],"trp-custom-language-flag":["https:\/\/www.uartes.edu.ec\/sitio\/wp-content\/uploads\/2024\/03\/Fondo-acreditacion.jpg",18,8,false],"htmega_size_585x295":["https:\/\/www.uartes.edu.ec\/sitio\/wp-content\/uploads\/2024\/03\/Fondo-acreditacion-585x295.jpg",585,295,true],"htmega_size_1170x536":["https:\/\/www.uartes.edu.ec\/sitio\/wp-content\/uploads\/2024\/03\/Fondo-acreditacion-1170x500.jpg",1170,500,true],"htmega_size_396x360":["https:\/\/www.uartes.edu.ec\/sitio\/wp-content\/uploads\/2024\/03\/Fondo-acreditacion-396x360.jpg",396,360,true],"gb-block-post-grid-landscape":["https:\/\/www.uartes.edu.ec\/sitio\/wp-content\/uploads\/2024\/03\/Fondo-acreditacion-600x400.jpg",600,400,true],"gb-block-post-grid-square":["https:\/\/www.uartes.edu.ec\/sitio\/wp-content\/uploads\/2024\/03\/Fondo-acreditacion-600x500.jpg",600,500,true],"university-hub-thumb":["https:\/\/www.uartes.edu.ec\/sitio\/wp-content\/uploads\/2024\/03\/Fondo-acreditacion-400x167.jpg",400,167,true],"mailpoet_newsletter_max":["https:\/\/www.uartes.edu.ec\/sitio\/wp-content\/uploads\/2024\/03\/Fondo-acreditacion.jpg",1200,500,false]},"uagb_author_info":{"display_name":"Universidad de las Artes","author_link":"https:\/\/www.uartes.edu.ec\/sitio\/blog\/author\/dircomadm\/"},"uagb_comment_info":0,"uagb_excerpt":null,"featured_image_src":"https:\/\/www.uartes.edu.ec\/sitio\/wp-content\/uploads\/2024\/03\/Fondo-acreditacion-600x400.jpg","featured_image_src_square":"https:\/\/www.uartes.edu.ec\/sitio\/wp-content\/uploads\/2024\/03\/Fondo-acreditacion-600x500.jpg","publishpress_future_action":{"enabled":false,"date":"2026-04-11 21:50:58","action":"change-status","newStatus":"draft","terms":[],"taxonomy":"","extraData":[]},"publishpress_future_workflow_manual_trigger":{"enabledWorkflows":[]},"distributor_meta":false,"distributor_terms":false,"distributor_media":false,"distributor_original_site_name":"Universidad de las Artes","distributor_original_site_url":"https:\/\/www.uartes.edu.ec\/sitio","push-errors":false,"_links":{"self":[{"href":"https:\/\/www.uartes.edu.ec\/sitio\/wp-json\/wp\/v2\/pages\/51210","targetHints":{"allow":["GET"]}}],"collection":[{"href":"https:\/\/www.uartes.edu.ec\/sitio\/wp-json\/wp\/v2\/pages"}],"about":[{"href":"https:\/\/www.uartes.edu.ec\/sitio\/wp-json\/wp\/v2\/types\/page"}],"author":[{"embeddable":true,"href":"https:\/\/www.uartes.edu.ec\/sitio\/wp-json\/wp\/v2\/users\/1"}],"replies":[{"embeddable":true,"href":"https:\/\/www.uartes.edu.ec\/sitio\/wp-json\/wp\/v2\/comments?post=51210"}],"version-history":[{"count":41,"href":"https:\/\/www.uartes.edu.ec\/sitio\/wp-json\/wp\/v2\/pages\/51210\/revisions"}],"predecessor-version":[{"id":51515,"href":"https:\/\/www.uartes.edu.ec\/sitio\/wp-json\/wp\/v2\/pages\/51210\/revisions\/51515"}],"wp:featuredmedia":[{"embeddable":true,"href":"https:\/\/www.uartes.edu.ec\/sitio\/wp-json\/wp\/v2\/media\/51241"}],"wp:attachment":[{"href":"https:\/\/www.uartes.edu.ec\/sitio\/wp-json\/wp\/v2\/media?parent=51210"}],"curies":[{"name":"wp","href":"https:\/\/api.w.org\/{rel}","templated":true}]}}