{"id":64786,"date":"2024-11-18T16:26:16","date_gmt":"2024-11-18T21:26:16","guid":{"rendered":"https:\/\/www.uartes.edu.ec\/sitio\/la-universidad\/estudiantes\/bienestar-universitario\/programas-y-proyectos\/"},"modified":"2025-02-05T11:01:34","modified_gmt":"2025-02-05T16:01:34","slug":"programas-y-proyectos","status":"publish","type":"page","link":"https:\/\/www.uartes.edu.ec\/sitio\/la-universidad\/estudiantes\/bienestar-universitario\/programas-y-proyectos\/","title":{"rendered":"Programas y Proyectos"},"content":{"rendered":"\n<p>La Secretar\u00eda de Bienestar Universitario brinda atenci\u00f3n y seguimiento a estudiantes con necesidades educativas especiales (NEE) asociadas o no a la discapacidad. Tiene por objeto dirigir los esfuerzos necesarios, para hacer operativa, y eficiente una atenci\u00f3n que involucre a todos los actores que integran la comunidad de la Universidad de las Artes, incluye las necesidades educativas especiales, tanto de car\u00e1cter transitorio como permanentes.<\/p>\n\n\n\n<p>Es as\u00ed que la SBU genera proyectos y programas para atender las necesidades educativas especiales de la comunidad UArtes que as\u00ed lo requiera, como es el caso de personas con discapacidad.<\/p>\n\n\n\n<h3 class=\"wp-block-heading\">Programas vigentes<\/h3>\n\n\n\n<div style=\"height:30px\" aria-hidden=\"true\" class=\"wp-block-spacer\"><\/div>\n\n\n\n<figure class=\"wp-block-table is-style-stripes\"><table><tbody><tr><td>Programa de prevenci\u00f3n e intervenci\u00f3n contra el bullying en la Universidad de las Artes<\/td><td>Programa psicoeducativo orientado a prevenir e intervenir en situaciones acad\u00e9micas que generen bullying en los predios universitarios.<\/td><\/tr><tr><td>Plan de Bienestar Universitario<\/td><td>Reconocer a las y los miembros de la comunidad universitaria en todas sus dimensiones como un ser integral, promoviendo un equilibrio que contribuya a su bienestar e implementando estrategias que continuamente busquen el bienestar y la excelencia en los servicios ofrecidos por la Universidad de las Artes.<\/td><\/tr><tr><td>Programa de prevenci\u00f3n integral del uso y abuso del alcohol, tabaco y otras drogas<\/td><td>Impulsar iniciativas preventivas y educativas en contra del consumo y abuso de bebidas alcoh\u00f3licas, tabaco y otras drogas, as\u00ed como fomentar pr\u00e1cticas de vida saludable en la comunidad universitaria. Son, junto con otras actividades, estrategias con las que se busca salvaguardar y mejorar la salud y el bienestar en los entornos acad\u00e9micos y laborales de la Universidad de las Artes.<\/td><\/tr><tr><td>Programa APOYARTE<\/td><td>Como su nombre lo indica, este programa busca apoyar en las necesidades de las y los estudiantes en situaci\u00f3n de vulnerabilidad econ\u00f3mica, brindando beneficios transformativos que contribuyan a su bienestar y permanencia durante su proceso de ense\u00f1anza-aprendizaje en la Universidad de las Artes.<\/td><\/tr><tr><td>Protocolo de orientaci\u00f3n vocacional para el cambio de carrera<\/td><td>Orientar oportunamente al estudiante en el ejercicio reflexivo y de autoan\u00e1lisis previo y necesario para solicitar un cambio de carrera.<\/td><\/tr><tr><td>Plan de salud de la Direcci\u00f3n de Salud Universitaria<\/td><td>Promover la prevenci\u00f3n y promoci\u00f3n de una salud integral de la comunidad universitaria.<\/td><\/tr><tr><td>Procedimiento de atenci\u00f3n frente a una emergencia m\u00e9dica<\/td><td>Plan enfocado en minimizar el tiempo entre la ocurrencia de la emergencia y el inicio de la asistencia m\u00e9dica, as\u00ed como garantizar un entorno seguro para los afectados y el personal de salud que brinda la atenci\u00f3n.<\/td><\/tr><tr><td>Procedimiento para validaci\u00f3n de certificados m\u00e9dicos externos<\/td><td>Anexar documentos<\/td><\/tr><tr><td>Lineamientos para la atenci\u00f3n a estudiantes con necesidades educativas especiales (NEE) asociadas o no a una discapacidad<\/td><td>Herramienta que contribuye al efectivo derecho a la educaci\u00f3n, igualdad de oportunidades, participaci\u00f3n y a la no discriminaci\u00f3n de las personas con necesidades educativas especiales (NEE) asociadas o no a una discapacidad, garantizando su acceso, permanencia y titulaci\u00f3n en la Universidad de las Artes.<\/td><\/tr><tr><td>Programa OrientArte<\/td><td>Asesoramiento y orientaci\u00f3n que gu\u00ede a las y los estudiantes de la Universidad de las Artes hacia el desarrollo y potencializaci\u00f3n de sus talentos y competencias para la construcci\u00f3n de proyectos de vida significativos, y una inserci\u00f3n efectiva en el \u00e1mbito laboral y art\u00edstico.<\/td><\/tr><tr><td>Programa de clubs universitarios<\/td><td>El Programa CLUAB tiene como finalidad generar espacios cuyas actividades de inter\u00e9s com\u00fan entre sus miembros permitan el fortalecimiento de v\u00ednculos, afectos y saberes; propiciar integraci\u00f3n, oportunidades de crecimiento, creaci\u00f3n de sentido de comunidad, desarrollo y vinculaci\u00f3n comunitaria y social.<\/td><\/tr><\/tbody><\/table><\/figure>\n\n\n\n<div style=\"height:60px\" aria-hidden=\"true\" class=\"wp-block-spacer\"><\/div>\n\n\n<div class='w3eden wpdm_packages_shortcode'>\n    <div class=''>\n\n        \n        <div id=\"content_wpdm_package_1\">\n            <div class='row'><div class='col-lg-12 col-md-6 col-12'><!-- WPDM Link Template: Call to Action 2 -->\n\n<div class=\"well c2a2\">\n    <div class=\"media\">\n        <div class=\"pull-left\" align=\"left\" style=\"margin-right: 10px\">\n            <a class='wpdm-download-link download-on-click btn btn-primary btn-sm'  rel='nofollow' href='#' data-downloadurl=\"https:\/\/www.uartes.edu.ec\/sitio\/download\/plan-de-bienestar-universitario\/?wpdmdl=64795&refresh=69fac1ea6bf4a1778041322\">Descargar<\/a>\n        <\/div>\n\n        <div class=\"media-body\">\n            <h3 class=\"media-heading\" style=\"padding-top: 0px;border:0px;margin: 0 0 5px 0;font-size:12pt;\"><a style=\"font-weight: 700\" href=\"https:\/\/www.uartes.edu.ec\/sitio\/download\/plan-de-bienestar-universitario\/\">Plan de Bienestar Universitario<\/a> <span style=\"margin-left:30px;font-size:8pt;font-weight:300\"><i style=\"margin: 2px 0 0 5px;opacity:0.5\" class=\"fa fa-th-large\"><\/i> 631.69 KB <i style=\"margin: 2px 0 0 5px;opacity:0.5\" class=\"fa fa-download\"><\/i> 879 downloads<\/span><\/h3>\n            ...\n        <\/div>\n\n    <\/div>\n\n<\/div>\n<style>.well.c2a2 .btn.wpdm-download-link{ padding: 11px 30px;font-size: 11pt; } .well.c2a2 .media-body{ font-size: 11pt; }<\/style><\/div><\/div>            <div style='clear:both'><\/div><div class='text-center'><ul class='pagination wpdm-pagination pagination-centered text-center'><\/ul><\/div><div style='clear:both'><\/div>        <\/div>\n\n        <div style='clear:both'><\/div>\n    <\/div>\n<\/div>\n\n","protected":false},"excerpt":{"rendered":"<p>La Secretar\u00eda de Bienestar Universitario brinda atenci\u00f3n y seguimiento a estudiantes con necesidades educativas especiales (NEE) asociadas o no a la discapacidad. Tiene por objeto dirigir los esfuerzos necesarios, para hacer operativa, y eficiente una atenci\u00f3n que involucre a todos los actores que integran la comunidad de la Universidad de las Artes, incluye las necesidades [&hellip;]<\/p>\n","protected":false},"author":1,"featured_media":64879,"parent":62502,"menu_order":1,"comment_status":"closed","ping_status":"closed","template":"","meta":{"_acf_changed":false,"_uag_custom_page_level_css":"","_monsterinsights_skip_tracking":false,"_monsterinsights_sitenote_active":false,"_monsterinsights_sitenote_note":"","_monsterinsights_sitenote_category":0,"cybocfi_hide_featured_image":"","footnotes":""},"class_list":["post-64786","page","type-page","status-publish","has-post-thumbnail","hentry"],"acf":[],"yoast_head":"<!-- This site is optimized with the Yoast SEO plugin v27.4 - https:\/\/yoast.com\/product\/yoast-seo-wordpress\/ -->\n<title>Universidad de las Artes - Programas y Proyectos<\/title>\n<meta name=\"description\" content=\"Universidad de las Artes - Programas y Proyectos\" \/>\n<meta name=\"robots\" content=\"index, follow, max-snippet:-1, max-image-preview:large, max-video-preview:-1\" \/>\n<link rel=\"canonical\" href=\"https:\/\/www.uartes.edu.ec\/sitio\/la-universidad\/estudiantes\/bienestar-universitario\/programas-y-proyectos\/\" \/>\n<meta property=\"og:locale\" content=\"es_ES\" \/>\n<meta property=\"og:type\" content=\"article\" \/>\n<meta property=\"og:title\" content=\"Universidad de las Artes - Programas y Proyectos\" \/>\n<meta property=\"og:description\" content=\"Universidad de las Artes - Programas y Proyectos\" \/>\n<meta property=\"og:url\" content=\"https:\/\/www.uartes.edu.ec\/sitio\/la-universidad\/estudiantes\/bienestar-universitario\/programas-y-proyectos\/\" \/>\n<meta property=\"og:site_name\" content=\"Universidad de las Artes\" \/>\n<meta property=\"article:publisher\" content=\"https:\/\/www.facebook.com\/uartesec\" \/>\n<meta property=\"article:modified_time\" content=\"2025-02-05T16:01:34+00:00\" \/>\n<meta property=\"og:image\" content=\"https:\/\/www.uartes.edu.ec\/sitio\/wp-content\/uploads\/2024\/11\/danza-bienestar.jpg\" \/>\n\t<meta property=\"og:image:width\" content=\"2000\" \/>\n\t<meta property=\"og:image:height\" content=\"1333\" \/>\n\t<meta property=\"og:image:type\" content=\"image\/jpeg\" \/>\n<meta name=\"twitter:card\" content=\"summary_large_image\" \/>\n<meta name=\"twitter:site\" content=\"@uartesec\" \/>\n<meta name=\"twitter:label1\" content=\"Tiempo de lectura\" \/>\n\t<meta name=\"twitter:data1\" content=\"3 minutos\" \/>\n<script type=\"application\/ld+json\" class=\"yoast-schema-graph\">{\"@context\":\"https:\\\/\\\/schema.org\",\"@graph\":[{\"@type\":\"WebPage\",\"@id\":\"https:\\\/\\\/www.uartes.edu.ec\\\/sitio\\\/la-universidad\\\/estudiantes\\\/bienestar-universitario\\\/programas-y-proyectos\\\/\",\"url\":\"https:\\\/\\\/www.uartes.edu.ec\\\/sitio\\\/la-universidad\\\/estudiantes\\\/bienestar-universitario\\\/programas-y-proyectos\\\/\",\"name\":\"Universidad de las Artes - Programas y Proyectos\",\"isPartOf\":{\"@id\":\"https:\\\/\\\/www.uartes.edu.ec\\\/sitio\\\/#website\"},\"primaryImageOfPage\":{\"@id\":\"https:\\\/\\\/www.uartes.edu.ec\\\/sitio\\\/la-universidad\\\/estudiantes\\\/bienestar-universitario\\\/programas-y-proyectos\\\/#primaryimage\"},\"image\":{\"@id\":\"https:\\\/\\\/www.uartes.edu.ec\\\/sitio\\\/la-universidad\\\/estudiantes\\\/bienestar-universitario\\\/programas-y-proyectos\\\/#primaryimage\"},\"thumbnailUrl\":\"https:\\\/\\\/www.uartes.edu.ec\\\/sitio\\\/wp-content\\\/uploads\\\/2024\\\/11\\\/danza-bienestar.jpg\",\"datePublished\":\"2024-11-18T21:26:16+00:00\",\"dateModified\":\"2025-02-05T16:01:34+00:00\",\"description\":\"Universidad de las Artes - Programas y Proyectos\",\"breadcrumb\":{\"@id\":\"https:\\\/\\\/www.uartes.edu.ec\\\/sitio\\\/la-universidad\\\/estudiantes\\\/bienestar-universitario\\\/programas-y-proyectos\\\/#breadcrumb\"},\"inLanguage\":\"es\",\"potentialAction\":[{\"@type\":\"ReadAction\",\"target\":[\"https:\\\/\\\/www.uartes.edu.ec\\\/sitio\\\/la-universidad\\\/estudiantes\\\/bienestar-universitario\\\/programas-y-proyectos\\\/\"]}]},{\"@type\":\"ImageObject\",\"inLanguage\":\"es\",\"@id\":\"https:\\\/\\\/www.uartes.edu.ec\\\/sitio\\\/la-universidad\\\/estudiantes\\\/bienestar-universitario\\\/programas-y-proyectos\\\/#primaryimage\",\"url\":\"https:\\\/\\\/www.uartes.edu.ec\\\/sitio\\\/wp-content\\\/uploads\\\/2024\\\/11\\\/danza-bienestar.jpg\",\"contentUrl\":\"https:\\\/\\\/www.uartes.edu.ec\\\/sitio\\\/wp-content\\\/uploads\\\/2024\\\/11\\\/danza-bienestar.jpg\",\"width\":2000,\"height\":1333},{\"@type\":\"BreadcrumbList\",\"@id\":\"https:\\\/\\\/www.uartes.edu.ec\\\/sitio\\\/la-universidad\\\/estudiantes\\\/bienestar-universitario\\\/programas-y-proyectos\\\/#breadcrumb\",\"itemListElement\":[{\"@type\":\"ListItem\",\"position\":1,\"name\":\"Inicio\",\"item\":\"https:\\\/\\\/www.uartes.edu.ec\\\/sitio\\\/\"},{\"@type\":\"ListItem\",\"position\":2,\"name\":\"Universidad de las Artes\",\"item\":\"https:\\\/\\\/www.uartes.edu.ec\\\/sitio\\\/\"},{\"@type\":\"ListItem\",\"position\":3,\"name\":\"Estudiantes\",\"item\":\"https:\\\/\\\/www.uartes.edu.ec\\\/sitio\\\/la-universidad\\\/estudiantes\\\/\"},{\"@type\":\"ListItem\",\"position\":4,\"name\":\"Bienestar Universitario\",\"item\":\"https:\\\/\\\/www.uartes.edu.ec\\\/sitio\\\/bienestar-universitario\\\/\"},{\"@type\":\"ListItem\",\"position\":5,\"name\":\"Programas y Proyectos\"}]},{\"@type\":\"WebSite\",\"@id\":\"https:\\\/\\\/www.uartes.edu.ec\\\/sitio\\\/#website\",\"url\":\"https:\\\/\\\/www.uartes.edu.ec\\\/sitio\\\/\",\"name\":\"Universidad de las Artes\",\"description\":\"Sitio oficial de la Universidad Nacional de las Artes del Ecuador\",\"publisher\":{\"@id\":\"https:\\\/\\\/www.uartes.edu.ec\\\/sitio\\\/#organization\"},\"potentialAction\":[{\"@type\":\"SearchAction\",\"target\":{\"@type\":\"EntryPoint\",\"urlTemplate\":\"https:\\\/\\\/www.uartes.edu.ec\\\/sitio\\\/?s={search_term_string}\"},\"query-input\":{\"@type\":\"PropertyValueSpecification\",\"valueRequired\":true,\"valueName\":\"search_term_string\"}}],\"inLanguage\":\"es\"},{\"@type\":\"Organization\",\"@id\":\"https:\\\/\\\/www.uartes.edu.ec\\\/sitio\\\/#organization\",\"name\":\"Universidad de las Artes\",\"url\":\"https:\\\/\\\/www.uartes.edu.ec\\\/sitio\\\/\",\"logo\":{\"@type\":\"ImageObject\",\"inLanguage\":\"es\",\"@id\":\"https:\\\/\\\/www.uartes.edu.ec\\\/sitio\\\/#\\\/schema\\\/logo\\\/image\\\/\",\"url\":\"https:\\\/\\\/www.uartes.edu.ec\\\/sitio\\\/wp-content\\\/uploads\\\/2022\\\/07\\\/logo-ua-horizontal.png\",\"contentUrl\":\"https:\\\/\\\/www.uartes.edu.ec\\\/sitio\\\/wp-content\\\/uploads\\\/2022\\\/07\\\/logo-ua-horizontal.png\",\"width\":800,\"height\":276,\"caption\":\"Universidad de las Artes\"},\"image\":{\"@id\":\"https:\\\/\\\/www.uartes.edu.ec\\\/sitio\\\/#\\\/schema\\\/logo\\\/image\\\/\"},\"sameAs\":[\"https:\\\/\\\/www.facebook.com\\\/uartesec\",\"https:\\\/\\\/x.com\\\/uartesec\",\"https:\\\/\\\/www.tiktok.com\\\/@uartesec\"]}]}<\/script>\n<!-- \/ Yoast SEO plugin. -->","yoast_head_json":{"title":"Universidad de las Artes - Programas y Proyectos","description":"Universidad de las Artes - Programas y Proyectos","robots":{"index":"index","follow":"follow","max-snippet":"max-snippet:-1","max-image-preview":"max-image-preview:large","max-video-preview":"max-video-preview:-1"},"canonical":"https:\/\/www.uartes.edu.ec\/sitio\/la-universidad\/estudiantes\/bienestar-universitario\/programas-y-proyectos\/","og_locale":"es_ES","og_type":"article","og_title":"Universidad de las Artes - Programas y Proyectos","og_description":"Universidad de las Artes - Programas y Proyectos","og_url":"https:\/\/www.uartes.edu.ec\/sitio\/la-universidad\/estudiantes\/bienestar-universitario\/programas-y-proyectos\/","og_site_name":"Universidad de las Artes","article_publisher":"https:\/\/www.facebook.com\/uartesec","article_modified_time":"2025-02-05T16:01:34+00:00","og_image":[{"width":2000,"height":1333,"url":"https:\/\/www.uartes.edu.ec\/sitio\/wp-content\/uploads\/2024\/11\/danza-bienestar.jpg","type":"image\/jpeg"}],"twitter_card":"summary_large_image","twitter_site":"@uartesec","twitter_misc":{"Tiempo de lectura":"3 minutos"},"schema":{"@context":"https:\/\/schema.org","@graph":[{"@type":"WebPage","@id":"https:\/\/www.uartes.edu.ec\/sitio\/la-universidad\/estudiantes\/bienestar-universitario\/programas-y-proyectos\/","url":"https:\/\/www.uartes.edu.ec\/sitio\/la-universidad\/estudiantes\/bienestar-universitario\/programas-y-proyectos\/","name":"Universidad de las Artes - Programas y Proyectos","isPartOf":{"@id":"https:\/\/www.uartes.edu.ec\/sitio\/#website"},"primaryImageOfPage":{"@id":"https:\/\/www.uartes.edu.ec\/sitio\/la-universidad\/estudiantes\/bienestar-universitario\/programas-y-proyectos\/#primaryimage"},"image":{"@id":"https:\/\/www.uartes.edu.ec\/sitio\/la-universidad\/estudiantes\/bienestar-universitario\/programas-y-proyectos\/#primaryimage"},"thumbnailUrl":"https:\/\/www.uartes.edu.ec\/sitio\/wp-content\/uploads\/2024\/11\/danza-bienestar.jpg","datePublished":"2024-11-18T21:26:16+00:00","dateModified":"2025-02-05T16:01:34+00:00","description":"Universidad de las Artes - Programas y Proyectos","breadcrumb":{"@id":"https:\/\/www.uartes.edu.ec\/sitio\/la-universidad\/estudiantes\/bienestar-universitario\/programas-y-proyectos\/#breadcrumb"},"inLanguage":"es","potentialAction":[{"@type":"ReadAction","target":["https:\/\/www.uartes.edu.ec\/sitio\/la-universidad\/estudiantes\/bienestar-universitario\/programas-y-proyectos\/"]}]},{"@type":"ImageObject","inLanguage":"es","@id":"https:\/\/www.uartes.edu.ec\/sitio\/la-universidad\/estudiantes\/bienestar-universitario\/programas-y-proyectos\/#primaryimage","url":"https:\/\/www.uartes.edu.ec\/sitio\/wp-content\/uploads\/2024\/11\/danza-bienestar.jpg","contentUrl":"https:\/\/www.uartes.edu.ec\/sitio\/wp-content\/uploads\/2024\/11\/danza-bienestar.jpg","width":2000,"height":1333},{"@type":"BreadcrumbList","@id":"https:\/\/www.uartes.edu.ec\/sitio\/la-universidad\/estudiantes\/bienestar-universitario\/programas-y-proyectos\/#breadcrumb","itemListElement":[{"@type":"ListItem","position":1,"name":"Inicio","item":"https:\/\/www.uartes.edu.ec\/sitio\/"},{"@type":"ListItem","position":2,"name":"Universidad de las Artes","item":"https:\/\/www.uartes.edu.ec\/sitio\/"},{"@type":"ListItem","position":3,"name":"Estudiantes","item":"https:\/\/www.uartes.edu.ec\/sitio\/la-universidad\/estudiantes\/"},{"@type":"ListItem","position":4,"name":"Bienestar Universitario","item":"https:\/\/www.uartes.edu.ec\/sitio\/bienestar-universitario\/"},{"@type":"ListItem","position":5,"name":"Programas y Proyectos"}]},{"@type":"WebSite","@id":"https:\/\/www.uartes.edu.ec\/sitio\/#website","url":"https:\/\/www.uartes.edu.ec\/sitio\/","name":"Universidad de las Artes","description":"Sitio oficial de la Universidad Nacional de las Artes del Ecuador","publisher":{"@id":"https:\/\/www.uartes.edu.ec\/sitio\/#organization"},"potentialAction":[{"@type":"SearchAction","target":{"@type":"EntryPoint","urlTemplate":"https:\/\/www.uartes.edu.ec\/sitio\/?s={search_term_string}"},"query-input":{"@type":"PropertyValueSpecification","valueRequired":true,"valueName":"search_term_string"}}],"inLanguage":"es"},{"@type":"Organization","@id":"https:\/\/www.uartes.edu.ec\/sitio\/#organization","name":"Universidad de las Artes","url":"https:\/\/www.uartes.edu.ec\/sitio\/","logo":{"@type":"ImageObject","inLanguage":"es","@id":"https:\/\/www.uartes.edu.ec\/sitio\/#\/schema\/logo\/image\/","url":"https:\/\/www.uartes.edu.ec\/sitio\/wp-content\/uploads\/2022\/07\/logo-ua-horizontal.png","contentUrl":"https:\/\/www.uartes.edu.ec\/sitio\/wp-content\/uploads\/2022\/07\/logo-ua-horizontal.png","width":800,"height":276,"caption":"Universidad de las Artes"},"image":{"@id":"https:\/\/www.uartes.edu.ec\/sitio\/#\/schema\/logo\/image\/"},"sameAs":["https:\/\/www.facebook.com\/uartesec","https:\/\/x.com\/uartesec","https:\/\/www.tiktok.com\/@uartesec"]}]}},"uagb_featured_image_src":{"full":["https:\/\/www.uartes.edu.ec\/sitio\/wp-content\/uploads\/2024\/11\/danza-bienestar.jpg",2000,1333,false],"thumbnail":["https:\/\/www.uartes.edu.ec\/sitio\/wp-content\/uploads\/2024\/11\/danza-bienestar-150x150.jpg",150,150,true],"medium":["https:\/\/www.uartes.edu.ec\/sitio\/wp-content\/uploads\/2024\/11\/danza-bienestar-300x200.jpg",300,200,true],"medium_large":["https:\/\/www.uartes.edu.ec\/sitio\/wp-content\/uploads\/2024\/11\/danza-bienestar-768x512.jpg",768,512,true],"large":["https:\/\/www.uartes.edu.ec\/sitio\/wp-content\/uploads\/2024\/11\/danza-bienestar-644x429.jpg",644,429,true],"1536x1536":["https:\/\/www.uartes.edu.ec\/sitio\/wp-content\/uploads\/2024\/11\/danza-bienestar-1536x1024.jpg",1536,1024,true],"2048x2048":["https:\/\/www.uartes.edu.ec\/sitio\/wp-content\/uploads\/2024\/11\/danza-bienestar.jpg",2000,1333,false],"trp-custom-language-flag":["https:\/\/www.uartes.edu.ec\/sitio\/wp-content\/uploads\/2024\/11\/danza-bienestar-18x12.jpg",18,12,true],"htmega_size_585x295":["https:\/\/www.uartes.edu.ec\/sitio\/wp-content\/uploads\/2024\/11\/danza-bienestar-585x295.jpg",585,295,true],"htmega_size_1170x536":["https:\/\/www.uartes.edu.ec\/sitio\/wp-content\/uploads\/2024\/11\/danza-bienestar-1170x536.jpg",1170,536,true],"htmega_size_396x360":["https:\/\/www.uartes.edu.ec\/sitio\/wp-content\/uploads\/2024\/11\/danza-bienestar-396x360.jpg",396,360,true],"gb-block-post-grid-landscape":["https:\/\/www.uartes.edu.ec\/sitio\/wp-content\/uploads\/2024\/11\/danza-bienestar-600x400.jpg",600,400,true],"gb-block-post-grid-square":["https:\/\/www.uartes.edu.ec\/sitio\/wp-content\/uploads\/2024\/11\/danza-bienestar-600x600.jpg",600,600,true],"university-hub-thumb":["https:\/\/www.uartes.edu.ec\/sitio\/wp-content\/uploads\/2024\/11\/danza-bienestar-400x267.jpg",400,267,true]},"uagb_author_info":{"display_name":"Universidad de las Artes","author_link":"https:\/\/www.uartes.edu.ec\/sitio\/blog\/author\/dircomadm\/"},"uagb_comment_info":0,"uagb_excerpt":"La Secretar\u00eda de Bienestar Universitario brinda atenci\u00f3n y seguimiento a estudiantes con necesidades educativas especiales (NEE) asociadas o no a la discapacidad. Tiene por objeto dirigir los esfuerzos necesarios, para hacer operativa, y eficiente una atenci\u00f3n que involucre a todos los actores que integran la comunidad de la Universidad de las Artes, incluye las necesidades&hellip;","featured_image_src":"https:\/\/www.uartes.edu.ec\/sitio\/wp-content\/uploads\/2024\/11\/danza-bienestar-600x400.jpg","featured_image_src_square":"https:\/\/www.uartes.edu.ec\/sitio\/wp-content\/uploads\/2024\/11\/danza-bienestar-600x600.jpg","publishpress_future_action":{"enabled":false,"date":"2026-05-12 23:22:03","action":"change-status","newStatus":"draft","terms":[],"taxonomy":"","extraData":[]},"publishpress_future_workflow_manual_trigger":{"enabledWorkflows":[]},"distributor_meta":false,"distributor_terms":false,"distributor_media":false,"distributor_original_site_name":"Universidad de las Artes","distributor_original_site_url":"https:\/\/www.uartes.edu.ec\/sitio","push-errors":false,"_links":{"self":[{"href":"https:\/\/www.uartes.edu.ec\/sitio\/wp-json\/wp\/v2\/pages\/64786","targetHints":{"allow":["GET"]}}],"collection":[{"href":"https:\/\/www.uartes.edu.ec\/sitio\/wp-json\/wp\/v2\/pages"}],"about":[{"href":"https:\/\/www.uartes.edu.ec\/sitio\/wp-json\/wp\/v2\/types\/page"}],"author":[{"embeddable":true,"href":"https:\/\/www.uartes.edu.ec\/sitio\/wp-json\/wp\/v2\/users\/1"}],"replies":[{"embeddable":true,"href":"https:\/\/www.uartes.edu.ec\/sitio\/wp-json\/wp\/v2\/comments?post=64786"}],"version-history":[{"count":9,"href":"https:\/\/www.uartes.edu.ec\/sitio\/wp-json\/wp\/v2\/pages\/64786\/revisions"}],"predecessor-version":[{"id":67889,"href":"https:\/\/www.uartes.edu.ec\/sitio\/wp-json\/wp\/v2\/pages\/64786\/revisions\/67889"}],"up":[{"embeddable":true,"href":"https:\/\/www.uartes.edu.ec\/sitio\/wp-json\/wp\/v2\/pages\/62502"}],"wp:featuredmedia":[{"embeddable":true,"href":"https:\/\/www.uartes.edu.ec\/sitio\/wp-json\/wp\/v2\/media\/64879"}],"wp:attachment":[{"href":"https:\/\/www.uartes.edu.ec\/sitio\/wp-json\/wp\/v2\/media?parent=64786"}],"curies":[{"name":"wp","href":"https:\/\/api.w.org\/{rel}","templated":true}]}}