{"id":83928,"date":"2026-01-01T00:01:00","date_gmt":"2026-01-01T05:01:00","guid":{"rendered":"https:\/\/www.uartes.edu.ec\/sitio\/?page_id=83928"},"modified":"2026-01-21T16:49:01","modified_gmt":"2026-01-21T21:49:01","slug":"andrey-astaiza","status":"publish","type":"page","link":"https:\/\/www.uartes.edu.ec\/sitio\/andrey-astaiza\/","title":{"rendered":"Dr. Andrey Mijail Astaiza Vallejo"},"content":{"rendered":"\n<div class=\"wp-block-columns is-layout-flex wp-container-core-columns-is-layout-9d6595d7 wp-block-columns-is-layout-flex\">\n<div class=\"wp-block-column is-layout-flow wp-block-column-is-layout-flow\" style=\"flex-basis:45%\">\n<div class=\"wp-block-uagb-image uagb-block-7adb4aa1 wp-block-uagb-image--layout-default wp-block-uagb-image--effect-static wp-block-uagb-image--align-none is-style-rounded\"><figure class=\"wp-block-uagb-image__figure\"><img loading=\"lazy\" decoding=\"async\" srcset=\"https:\/\/www.uartes.edu.ec\/sitio\/wp-content\/uploads\/2021\/12\/ANDREY-ASTAIZA-644x644.jpg ,https:\/\/www.uartes.edu.ec\/sitio\/wp-content\/uploads\/2021\/12\/ANDREY-ASTAIZA.jpg 780w, https:\/\/www.uartes.edu.ec\/sitio\/wp-content\/uploads\/2021\/12\/ANDREY-ASTAIZA.jpg 360w\" sizes=\"auto, (max-width: 480px) 150px\" src=\"https:\/\/www.uartes.edu.ec\/sitio\/wp-content\/uploads\/2021\/12\/ANDREY-ASTAIZA-644x644.jpg\" alt=\"\" class=\"uag-image-83896\" width=\"250\" height=\"250\" title=\"ANDREY-ASTAIZA\" loading=\"lazy\" role=\"img\"\/><\/figure><\/div>\n\n\n\n<h3 class=\"wp-block-heading has-text-align-center\" id=\"vicerrectora-de-posgrado-e-investigacion-en-artes\">Vicerrector de Posgrados e<br> Investigaci\u00f3n en Artes<\/h3>\n\n\n\n<div class=\"wp-block-uagb-icon-list uagb-block-dba01a24 uagb-icon-list__outer-wrap uagb-icon-list__layout-vertical\"><div class=\"uagb-icon-list__wrap\">\n<div class=\"wp-block-uagb-icon-list-child uagb-block-d40adef5 uagb-icon-list-repeater uagb-icon-list__wrapper\"><a target=\"_blank\" aria-label=\"andrey.astaiza@uartes.edu.ec\" rel=\"noopener noreferrer\" href=\"mailto:andrey.astaiza@uartes.edu.ec\"> <\/a><span class=\"uagb-icon-list__source-wrap\"><svg xmlns=\"https:\/\/www.w3.org\/2000\/svg\" viewBox=\"0 0 512 512\"><path d=\"M464 64C490.5 64 512 85.49 512 112C512 127.1 504.9 141.3 492.8 150.4L275.2 313.6C263.8 322.1 248.2 322.1 236.8 313.6L19.2 150.4C7.113 141.3 0 127.1 0 112C0 85.49 21.49 64 48 64H464zM217.6 339.2C240.4 356.3 271.6 356.3 294.4 339.2L512 176V384C512 419.3 483.3 448 448 448H64C28.65 448 0 419.3 0 384V176L217.6 339.2z\"><\/path><\/svg><\/span><span class=\"uagb-icon-list__label\">andrey.astaiza@uartes.edu.ec<\/span><\/div>\n\n\n\n<div class=\"wp-block-uagb-icon-list-child uagb-block-2c0ae007 uagb-icon-list-repeater uagb-icon-list__wrapper\"><span class=\"uagb-icon-list__source-wrap\"><svg xmlns=\"https:\/\/www.w3.org\/2000\/svg\" viewBox=\"0 0 512 512\"><path d=\"M18.92 351.2l108.5-46.52c12.78-5.531 27.77-1.801 36.45 8.98l44.09 53.82c69.25-34 125.5-90.31 159.5-159.5l-53.81-44.04c-10.75-8.781-14.41-23.69-8.974-36.47l46.51-108.5c6.094-13.91 21.1-21.52 35.79-18.11l100.8 23.25c14.25 3.25 24.22 15.8 24.22 30.46c0 252.3-205.2 457.5-457.5 457.5c-14.67 0-27.18-9.968-30.45-24.22l-23.25-100.8C-2.571 372.4 5.018 357.2 18.92 351.2z\"><\/path><\/svg><\/span><span class=\"uagb-icon-list__label\">(+593) 4 2590700 ext.3020<\/span><\/div>\n\n\n\n<div class=\"wp-block-uagb-icon-list-child uagb-block-875d4aae uagb-icon-list-repeater uagb-icon-list__wrapper\"><span class=\"uagb-icon-list__source-wrap\"><svg xmlns=\"https:\/\/www.w3.org\/2000\/svg\" viewBox=\"0 0 320 512\"><path d=\"M320 144C320 223.5 255.5 288 176 288C96.47 288 32 223.5 32 144C32 64.47 96.47 0 176 0C255.5 0 320 64.47 320 144zM192 64C192 55.16 184.8 48 176 48C122.1 48 80 90.98 80 144C80 152.8 87.16 160 96 160C104.8 160 112 152.8 112 144C112 108.7 140.7 80 176 80C184.8 80 192 72.84 192 64zM144 480V317.1C154.4 319 165.1 319.1 176 319.1C186.9 319.1 197.6 319 208 317.1V480C208 497.7 193.7 512 176 512C158.3 512 144 497.7 144 480z\"><\/path><\/svg><\/span><span class=\"uagb-icon-list__label\">Edificio MZ14<br>9 de Octubre y Panam\u00e1<br>Guayaquil, Ecuador<\/span><\/div>\n<\/div><\/div>\n<\/div>\n\n\n\n<div class=\"wp-block-column is-layout-flow wp-block-column-is-layout-flow\" style=\"flex-basis:55%\">\n<p style=\"font-size:1.2em\">Docente universitario, m\u00fasico y gestor cultural. Doctor of Musical Arts por la University of California, Los Angeles (UCLA), posee una Maestr\u00eda en Ejecuci\u00f3n Musical por la University of Louisville y un Bachelor of Music in Performance por Arizona State University. <\/p>\n\n\n\n<p style=\"font-size:1.2em\">Fue miembro de la Comisi\u00f3n Gestora que lider\u00f3 la creaci\u00f3n de la Universidad de las Artes, donde ha ejercido funciones directivas y actualmente se desempe\u00f1a como Vicerrector de Posgrado e Investigaci\u00f3n en Artes. <\/p>\n\n\n\n<p style=\"font-size:1.2em\">Ha sido Rector del Conservatorio Superior Nacional de M\u00fasica de Quito y Director titular de la Banda Sinf\u00f3nica Metropolitana de Quito. Como int\u00e9rprete, ha sido solista con ensambles nacionales y ha explorado sonoridades que dialogan entre el gamel\u00e1n de Indonesia y la marimba colombo-ecuatoriana.<\/p>\n<\/div>\n<\/div>\n","protected":false},"excerpt":{"rendered":"<p>Vicerrector de Posgrados e Investigaci\u00f3n en Artes Docente universitario, m\u00fasico y gestor cultural. Doctor of Musical Arts por la University of California, Los Angeles (UCLA), posee una Maestr\u00eda en Ejecuci\u00f3n Musical por la University of Louisville y un Bachelor of Music in Performance por Arizona State University. Fue miembro de la Comisi\u00f3n Gestora que lider\u00f3 [&hellip;]<\/p>\n","protected":false},"author":1,"featured_media":83922,"parent":16744,"menu_order":2,"comment_status":"closed","ping_status":"closed","template":"","meta":{"_acf_changed":false,"_uag_custom_page_level_css":"","_monsterinsights_skip_tracking":false,"_monsterinsights_sitenote_active":false,"_monsterinsights_sitenote_note":"","_monsterinsights_sitenote_category":0,"cybocfi_hide_featured_image":"","footnotes":""},"class_list":["post-83928","page","type-page","status-publish","has-post-thumbnail","hentry"],"acf":[],"yoast_head":"<!-- This site is optimized with the Yoast SEO plugin v27.4 - https:\/\/yoast.com\/product\/yoast-seo-wordpress\/ -->\n<title>Universidad de las Artes - Dr. Andrey Mijail Astaiza Vallejo<\/title>\n<meta name=\"description\" content=\"Universidad de las Artes - Dr. Andrey Mijail Astaiza Vallejo\" \/>\n<meta name=\"robots\" content=\"index, follow, max-snippet:-1, max-image-preview:large, max-video-preview:-1\" \/>\n<link rel=\"canonical\" href=\"https:\/\/www.uartes.edu.ec\/sitio\/andrey-astaiza\/\" \/>\n<meta property=\"og:locale\" content=\"es_ES\" \/>\n<meta property=\"og:type\" content=\"article\" \/>\n<meta property=\"og:title\" content=\"Universidad de las Artes - Dr. Andrey Mijail Astaiza Vallejo\" \/>\n<meta property=\"og:description\" content=\"Universidad de las Artes - Dr. Andrey Mijail Astaiza Vallejo\" \/>\n<meta property=\"og:url\" content=\"https:\/\/www.uartes.edu.ec\/sitio\/andrey-astaiza\/\" \/>\n<meta property=\"og:site_name\" content=\"Universidad de las Artes\" \/>\n<meta property=\"article:publisher\" content=\"https:\/\/www.facebook.com\/uartesec\" \/>\n<meta property=\"article:modified_time\" content=\"2026-01-21T21:49:01+00:00\" \/>\n<meta property=\"og:image\" content=\"https:\/\/www.uartes.edu.ec\/sitio\/wp-content\/uploads\/2025\/12\/30-OBRA-RELEVANTE-GENERAL-2025.jpg\" \/>\n\t<meta property=\"og:image:width\" content=\"2000\" \/>\n\t<meta property=\"og:image:height\" content=\"1333\" \/>\n\t<meta property=\"og:image:type\" content=\"image\/jpeg\" \/>\n<meta name=\"twitter:card\" content=\"summary_large_image\" \/>\n<meta name=\"twitter:site\" content=\"@uartesec\" \/>\n<meta name=\"twitter:label1\" content=\"Tiempo de lectura\" \/>\n\t<meta name=\"twitter:data1\" content=\"2 minutos\" \/>\n<script type=\"application\/ld+json\" class=\"yoast-schema-graph\">{\"@context\":\"https:\\\/\\\/schema.org\",\"@graph\":[{\"@type\":\"WebPage\",\"@id\":\"https:\\\/\\\/www.uartes.edu.ec\\\/sitio\\\/andrey-astaiza\\\/\",\"url\":\"https:\\\/\\\/www.uartes.edu.ec\\\/sitio\\\/andrey-astaiza\\\/\",\"name\":\"Universidad de las Artes - Dr. Andrey Mijail Astaiza Vallejo\",\"isPartOf\":{\"@id\":\"https:\\\/\\\/www.uartes.edu.ec\\\/sitio\\\/#website\"},\"primaryImageOfPage\":{\"@id\":\"https:\\\/\\\/www.uartes.edu.ec\\\/sitio\\\/andrey-astaiza\\\/#primaryimage\"},\"image\":{\"@id\":\"https:\\\/\\\/www.uartes.edu.ec\\\/sitio\\\/andrey-astaiza\\\/#primaryimage\"},\"thumbnailUrl\":\"https:\\\/\\\/www.uartes.edu.ec\\\/sitio\\\/wp-content\\\/uploads\\\/2025\\\/12\\\/30-OBRA-RELEVANTE-GENERAL-2025.jpg\",\"datePublished\":\"2026-01-01T05:01:00+00:00\",\"dateModified\":\"2026-01-21T21:49:01+00:00\",\"description\":\"Universidad de las Artes - Dr. Andrey Mijail Astaiza Vallejo\",\"breadcrumb\":{\"@id\":\"https:\\\/\\\/www.uartes.edu.ec\\\/sitio\\\/andrey-astaiza\\\/#breadcrumb\"},\"inLanguage\":\"es\",\"potentialAction\":[{\"@type\":\"ReadAction\",\"target\":[\"https:\\\/\\\/www.uartes.edu.ec\\\/sitio\\\/andrey-astaiza\\\/\"]}]},{\"@type\":\"ImageObject\",\"inLanguage\":\"es\",\"@id\":\"https:\\\/\\\/www.uartes.edu.ec\\\/sitio\\\/andrey-astaiza\\\/#primaryimage\",\"url\":\"https:\\\/\\\/www.uartes.edu.ec\\\/sitio\\\/wp-content\\\/uploads\\\/2025\\\/12\\\/30-OBRA-RELEVANTE-GENERAL-2025.jpg\",\"contentUrl\":\"https:\\\/\\\/www.uartes.edu.ec\\\/sitio\\\/wp-content\\\/uploads\\\/2025\\\/12\\\/30-OBRA-RELEVANTE-GENERAL-2025.jpg\",\"width\":2000,\"height\":1333},{\"@type\":\"BreadcrumbList\",\"@id\":\"https:\\\/\\\/www.uartes.edu.ec\\\/sitio\\\/andrey-astaiza\\\/#breadcrumb\",\"itemListElement\":[{\"@type\":\"ListItem\",\"position\":1,\"name\":\"Inicio\",\"item\":\"https:\\\/\\\/www.uartes.edu.ec\\\/sitio\\\/\"},{\"@type\":\"ListItem\",\"position\":2,\"name\":\"Universidad de las Artes\",\"item\":\"https:\\\/\\\/www.uartes.edu.ec\\\/sitio\\\/\"},{\"@type\":\"ListItem\",\"position\":3,\"name\":\"La Universidad\",\"item\":\"https:\\\/\\\/www.uartes.edu.ec\\\/sitio\\\/la-universidad\\\/la-universidad\\\/\"},{\"@type\":\"ListItem\",\"position\":4,\"name\":\"\u00d3rgano Colegiado Superior\",\"item\":\"https:\\\/\\\/www.uartes.edu.ec\\\/sitio\\\/la-universidad\\\/ocs\\\/\"},{\"@type\":\"ListItem\",\"position\":5,\"name\":\"Miembros del OCS\",\"item\":\"https:\\\/\\\/www.uartes.edu.ec\\\/sitio\\\/la-universidad\\\/ocs\\\/miembros\\\/\"},{\"@type\":\"ListItem\",\"position\":6,\"name\":\"Dr. Andrey Mijail Astaiza Vallejo\"}]},{\"@type\":\"WebSite\",\"@id\":\"https:\\\/\\\/www.uartes.edu.ec\\\/sitio\\\/#website\",\"url\":\"https:\\\/\\\/www.uartes.edu.ec\\\/sitio\\\/\",\"name\":\"Universidad de las Artes\",\"description\":\"Sitio oficial de la Universidad Nacional de las Artes del Ecuador\",\"publisher\":{\"@id\":\"https:\\\/\\\/www.uartes.edu.ec\\\/sitio\\\/#organization\"},\"potentialAction\":[{\"@type\":\"SearchAction\",\"target\":{\"@type\":\"EntryPoint\",\"urlTemplate\":\"https:\\\/\\\/www.uartes.edu.ec\\\/sitio\\\/?s={search_term_string}\"},\"query-input\":{\"@type\":\"PropertyValueSpecification\",\"valueRequired\":true,\"valueName\":\"search_term_string\"}}],\"inLanguage\":\"es\"},{\"@type\":\"Organization\",\"@id\":\"https:\\\/\\\/www.uartes.edu.ec\\\/sitio\\\/#organization\",\"name\":\"Universidad de las Artes\",\"url\":\"https:\\\/\\\/www.uartes.edu.ec\\\/sitio\\\/\",\"logo\":{\"@type\":\"ImageObject\",\"inLanguage\":\"es\",\"@id\":\"https:\\\/\\\/www.uartes.edu.ec\\\/sitio\\\/#\\\/schema\\\/logo\\\/image\\\/\",\"url\":\"https:\\\/\\\/www.uartes.edu.ec\\\/sitio\\\/wp-content\\\/uploads\\\/2022\\\/07\\\/logo-ua-horizontal.png\",\"contentUrl\":\"https:\\\/\\\/www.uartes.edu.ec\\\/sitio\\\/wp-content\\\/uploads\\\/2022\\\/07\\\/logo-ua-horizontal.png\",\"width\":800,\"height\":276,\"caption\":\"Universidad de las Artes\"},\"image\":{\"@id\":\"https:\\\/\\\/www.uartes.edu.ec\\\/sitio\\\/#\\\/schema\\\/logo\\\/image\\\/\"},\"sameAs\":[\"https:\\\/\\\/www.facebook.com\\\/uartesec\",\"https:\\\/\\\/x.com\\\/uartesec\",\"https:\\\/\\\/www.tiktok.com\\\/@uartesec\"]}]}<\/script>\n<!-- \/ Yoast SEO plugin. -->","yoast_head_json":{"title":"Universidad de las Artes - Dr. Andrey Mijail Astaiza Vallejo","description":"Universidad de las Artes - Dr. Andrey Mijail Astaiza Vallejo","robots":{"index":"index","follow":"follow","max-snippet":"max-snippet:-1","max-image-preview":"max-image-preview:large","max-video-preview":"max-video-preview:-1"},"canonical":"https:\/\/www.uartes.edu.ec\/sitio\/andrey-astaiza\/","og_locale":"es_ES","og_type":"article","og_title":"Universidad de las Artes - Dr. Andrey Mijail Astaiza Vallejo","og_description":"Universidad de las Artes - Dr. Andrey Mijail Astaiza Vallejo","og_url":"https:\/\/www.uartes.edu.ec\/sitio\/andrey-astaiza\/","og_site_name":"Universidad de las Artes","article_publisher":"https:\/\/www.facebook.com\/uartesec","article_modified_time":"2026-01-21T21:49:01+00:00","og_image":[{"width":2000,"height":1333,"url":"https:\/\/www.uartes.edu.ec\/sitio\/wp-content\/uploads\/2025\/12\/30-OBRA-RELEVANTE-GENERAL-2025.jpg","type":"image\/jpeg"}],"twitter_card":"summary_large_image","twitter_site":"@uartesec","twitter_misc":{"Tiempo de lectura":"2 minutos"},"schema":{"@context":"https:\/\/schema.org","@graph":[{"@type":"WebPage","@id":"https:\/\/www.uartes.edu.ec\/sitio\/andrey-astaiza\/","url":"https:\/\/www.uartes.edu.ec\/sitio\/andrey-astaiza\/","name":"Universidad de las Artes - Dr. Andrey Mijail Astaiza Vallejo","isPartOf":{"@id":"https:\/\/www.uartes.edu.ec\/sitio\/#website"},"primaryImageOfPage":{"@id":"https:\/\/www.uartes.edu.ec\/sitio\/andrey-astaiza\/#primaryimage"},"image":{"@id":"https:\/\/www.uartes.edu.ec\/sitio\/andrey-astaiza\/#primaryimage"},"thumbnailUrl":"https:\/\/www.uartes.edu.ec\/sitio\/wp-content\/uploads\/2025\/12\/30-OBRA-RELEVANTE-GENERAL-2025.jpg","datePublished":"2026-01-01T05:01:00+00:00","dateModified":"2026-01-21T21:49:01+00:00","description":"Universidad de las Artes - Dr. Andrey Mijail Astaiza Vallejo","breadcrumb":{"@id":"https:\/\/www.uartes.edu.ec\/sitio\/andrey-astaiza\/#breadcrumb"},"inLanguage":"es","potentialAction":[{"@type":"ReadAction","target":["https:\/\/www.uartes.edu.ec\/sitio\/andrey-astaiza\/"]}]},{"@type":"ImageObject","inLanguage":"es","@id":"https:\/\/www.uartes.edu.ec\/sitio\/andrey-astaiza\/#primaryimage","url":"https:\/\/www.uartes.edu.ec\/sitio\/wp-content\/uploads\/2025\/12\/30-OBRA-RELEVANTE-GENERAL-2025.jpg","contentUrl":"https:\/\/www.uartes.edu.ec\/sitio\/wp-content\/uploads\/2025\/12\/30-OBRA-RELEVANTE-GENERAL-2025.jpg","width":2000,"height":1333},{"@type":"BreadcrumbList","@id":"https:\/\/www.uartes.edu.ec\/sitio\/andrey-astaiza\/#breadcrumb","itemListElement":[{"@type":"ListItem","position":1,"name":"Inicio","item":"https:\/\/www.uartes.edu.ec\/sitio\/"},{"@type":"ListItem","position":2,"name":"Universidad de las Artes","item":"https:\/\/www.uartes.edu.ec\/sitio\/"},{"@type":"ListItem","position":3,"name":"La Universidad","item":"https:\/\/www.uartes.edu.ec\/sitio\/la-universidad\/la-universidad\/"},{"@type":"ListItem","position":4,"name":"\u00d3rgano Colegiado Superior","item":"https:\/\/www.uartes.edu.ec\/sitio\/la-universidad\/ocs\/"},{"@type":"ListItem","position":5,"name":"Miembros del OCS","item":"https:\/\/www.uartes.edu.ec\/sitio\/la-universidad\/ocs\/miembros\/"},{"@type":"ListItem","position":6,"name":"Dr. Andrey Mijail Astaiza Vallejo"}]},{"@type":"WebSite","@id":"https:\/\/www.uartes.edu.ec\/sitio\/#website","url":"https:\/\/www.uartes.edu.ec\/sitio\/","name":"Universidad de las Artes","description":"Sitio oficial de la Universidad Nacional de las Artes del Ecuador","publisher":{"@id":"https:\/\/www.uartes.edu.ec\/sitio\/#organization"},"potentialAction":[{"@type":"SearchAction","target":{"@type":"EntryPoint","urlTemplate":"https:\/\/www.uartes.edu.ec\/sitio\/?s={search_term_string}"},"query-input":{"@type":"PropertyValueSpecification","valueRequired":true,"valueName":"search_term_string"}}],"inLanguage":"es"},{"@type":"Organization","@id":"https:\/\/www.uartes.edu.ec\/sitio\/#organization","name":"Universidad de las Artes","url":"https:\/\/www.uartes.edu.ec\/sitio\/","logo":{"@type":"ImageObject","inLanguage":"es","@id":"https:\/\/www.uartes.edu.ec\/sitio\/#\/schema\/logo\/image\/","url":"https:\/\/www.uartes.edu.ec\/sitio\/wp-content\/uploads\/2022\/07\/logo-ua-horizontal.png","contentUrl":"https:\/\/www.uartes.edu.ec\/sitio\/wp-content\/uploads\/2022\/07\/logo-ua-horizontal.png","width":800,"height":276,"caption":"Universidad de las Artes"},"image":{"@id":"https:\/\/www.uartes.edu.ec\/sitio\/#\/schema\/logo\/image\/"},"sameAs":["https:\/\/www.facebook.com\/uartesec","https:\/\/x.com\/uartesec","https:\/\/www.tiktok.com\/@uartesec"]}]}},"uagb_featured_image_src":{"full":["https:\/\/www.uartes.edu.ec\/sitio\/wp-content\/uploads\/2025\/12\/30-OBRA-RELEVANTE-GENERAL-2025.jpg",2000,1333,false],"thumbnail":["https:\/\/www.uartes.edu.ec\/sitio\/wp-content\/uploads\/2025\/12\/30-OBRA-RELEVANTE-GENERAL-2025-150x150.jpg",150,150,true],"medium":["https:\/\/www.uartes.edu.ec\/sitio\/wp-content\/uploads\/2025\/12\/30-OBRA-RELEVANTE-GENERAL-2025-300x200.jpg",300,200,true],"medium_large":["https:\/\/www.uartes.edu.ec\/sitio\/wp-content\/uploads\/2025\/12\/30-OBRA-RELEVANTE-GENERAL-2025-768x512.jpg",768,512,true],"large":["https:\/\/www.uartes.edu.ec\/sitio\/wp-content\/uploads\/2025\/12\/30-OBRA-RELEVANTE-GENERAL-2025-644x429.jpg",644,429,true],"1536x1536":["https:\/\/www.uartes.edu.ec\/sitio\/wp-content\/uploads\/2025\/12\/30-OBRA-RELEVANTE-GENERAL-2025-1536x1024.jpg",1536,1024,true],"2048x2048":["https:\/\/www.uartes.edu.ec\/sitio\/wp-content\/uploads\/2025\/12\/30-OBRA-RELEVANTE-GENERAL-2025.jpg",2000,1333,false],"trp-custom-language-flag":["https:\/\/www.uartes.edu.ec\/sitio\/wp-content\/uploads\/2025\/12\/30-OBRA-RELEVANTE-GENERAL-2025-18x12.jpg",18,12,true],"htmega_size_585x295":["https:\/\/www.uartes.edu.ec\/sitio\/wp-content\/uploads\/2025\/12\/30-OBRA-RELEVANTE-GENERAL-2025-585x295.jpg",585,295,true],"htmega_size_1170x536":["https:\/\/www.uartes.edu.ec\/sitio\/wp-content\/uploads\/2025\/12\/30-OBRA-RELEVANTE-GENERAL-2025-1170x536.jpg",1170,536,true],"htmega_size_396x360":["https:\/\/www.uartes.edu.ec\/sitio\/wp-content\/uploads\/2025\/12\/30-OBRA-RELEVANTE-GENERAL-2025-396x360.jpg",396,360,true],"gb-block-post-grid-landscape":["https:\/\/www.uartes.edu.ec\/sitio\/wp-content\/uploads\/2025\/12\/30-OBRA-RELEVANTE-GENERAL-2025-600x400.jpg",600,400,true],"gb-block-post-grid-square":["https:\/\/www.uartes.edu.ec\/sitio\/wp-content\/uploads\/2025\/12\/30-OBRA-RELEVANTE-GENERAL-2025-600x600.jpg",600,600,true],"university-hub-thumb":["https:\/\/www.uartes.edu.ec\/sitio\/wp-content\/uploads\/2025\/12\/30-OBRA-RELEVANTE-GENERAL-2025-400x267.jpg",400,267,true],"mailpoet_newsletter_max":["https:\/\/www.uartes.edu.ec\/sitio\/wp-content\/uploads\/2025\/12\/30-OBRA-RELEVANTE-GENERAL-2025.jpg",1320,880,false]},"uagb_author_info":{"display_name":"Universidad de las Artes","author_link":"https:\/\/www.uartes.edu.ec\/sitio\/blog\/author\/dircomadm\/"},"uagb_comment_info":0,"uagb_excerpt":"Vicerrector de Posgrados e Investigaci\u00f3n en Artes Docente universitario, m\u00fasico y gestor cultural. Doctor of Musical Arts por la University of California, Los Angeles (UCLA), posee una Maestr\u00eda en Ejecuci\u00f3n Musical por la University of Louisville y un Bachelor of Music in Performance por Arizona State University. Fue miembro de la Comisi\u00f3n Gestora que lider\u00f3&hellip;","featured_image_src":"https:\/\/www.uartes.edu.ec\/sitio\/wp-content\/uploads\/2025\/12\/30-OBRA-RELEVANTE-GENERAL-2025-600x400.jpg","featured_image_src_square":"https:\/\/www.uartes.edu.ec\/sitio\/wp-content\/uploads\/2025\/12\/30-OBRA-RELEVANTE-GENERAL-2025-600x600.jpg","publishpress_future_action":{"enabled":false,"date":"2026-05-02 21:16:07","action":"change-status","newStatus":"draft","terms":[],"taxonomy":"","extraData":[]},"publishpress_future_workflow_manual_trigger":{"enabledWorkflows":[]},"distributor_meta":false,"distributor_terms":false,"distributor_media":false,"distributor_original_site_name":"Universidad de las Artes","distributor_original_site_url":"https:\/\/www.uartes.edu.ec\/sitio","push-errors":false,"_links":{"self":[{"href":"https:\/\/www.uartes.edu.ec\/sitio\/wp-json\/wp\/v2\/pages\/83928","targetHints":{"allow":["GET"]}}],"collection":[{"href":"https:\/\/www.uartes.edu.ec\/sitio\/wp-json\/wp\/v2\/pages"}],"about":[{"href":"https:\/\/www.uartes.edu.ec\/sitio\/wp-json\/wp\/v2\/types\/page"}],"author":[{"embeddable":true,"href":"https:\/\/www.uartes.edu.ec\/sitio\/wp-json\/wp\/v2\/users\/1"}],"replies":[{"embeddable":true,"href":"https:\/\/www.uartes.edu.ec\/sitio\/wp-json\/wp\/v2\/comments?post=83928"}],"version-history":[{"count":4,"href":"https:\/\/www.uartes.edu.ec\/sitio\/wp-json\/wp\/v2\/pages\/83928\/revisions"}],"predecessor-version":[{"id":84697,"href":"https:\/\/www.uartes.edu.ec\/sitio\/wp-json\/wp\/v2\/pages\/83928\/revisions\/84697"}],"up":[{"embeddable":true,"href":"https:\/\/www.uartes.edu.ec\/sitio\/wp-json\/wp\/v2\/pages\/16744"}],"wp:featuredmedia":[{"embeddable":true,"href":"https:\/\/www.uartes.edu.ec\/sitio\/wp-json\/wp\/v2\/media\/83922"}],"wp:attachment":[{"href":"https:\/\/www.uartes.edu.ec\/sitio\/wp-json\/wp\/v2\/media?parent=83928"}],"curies":[{"name":"wp","href":"https:\/\/api.w.org\/{rel}","templated":true}]}}